{"id":100,"date":"2019-07-29T15:51:43","date_gmt":"2019-07-29T18:51:43","guid":{"rendered":"https:\/\/desenvolvimento.rc.sp.gov.br\/?page_id=100"},"modified":"2025-07-03T14:38:30","modified_gmt":"2025-07-03T17:38:30","slug":"secretarioa-municipal","status":"publish","type":"page","link":"https:\/\/desenvolvimentosocial.rc.sp.gov.br\/?page_id=100","title":{"rendered":"Secret\u00e1rio(a) Municipal"},"content":{"rendered":"\n<div class=\"wp-block-media-text alignwide is-stacked-on-mobile\" style=\"grid-template-columns:31% auto\"><figure class=\"wp-block-media-text__media\"><img loading=\"lazy\" decoding=\"async\" width=\"1024\" height=\"1017\" src=\"https:\/\/desenvolvimentosocial.rc.sp.gov.br\/wp-content\/uploads\/2025\/07\/WhatsApp-Image-2025-07-03-at-14.32.13-1-1024x1017.jpeg\" alt=\"\" class=\"wp-image-3613 size-full\" srcset=\"https:\/\/desenvolvimentosocial.rc.sp.gov.br\/wp-content\/uploads\/2025\/07\/WhatsApp-Image-2025-07-03-at-14.32.13-1-1024x1017.jpeg 1024w, https:\/\/desenvolvimentosocial.rc.sp.gov.br\/wp-content\/uploads\/2025\/07\/WhatsApp-Image-2025-07-03-at-14.32.13-1-300x298.jpeg 300w, https:\/\/desenvolvimentosocial.rc.sp.gov.br\/wp-content\/uploads\/2025\/07\/WhatsApp-Image-2025-07-03-at-14.32.13-1-150x150.jpeg 150w, https:\/\/desenvolvimentosocial.rc.sp.gov.br\/wp-content\/uploads\/2025\/07\/WhatsApp-Image-2025-07-03-at-14.32.13-1-768x763.jpeg 768w, https:\/\/desenvolvimentosocial.rc.sp.gov.br\/wp-content\/uploads\/2025\/07\/WhatsApp-Image-2025-07-03-at-14.32.13-1-1536x1526.jpeg 1536w, https:\/\/desenvolvimentosocial.rc.sp.gov.br\/wp-content\/uploads\/2025\/07\/WhatsApp-Image-2025-07-03-at-14.32.13-1-2048x2034.jpeg 2048w\" sizes=\"auto, (max-width: 1024px) 100vw, 1024px\" \/><\/figure><div class=\"wp-block-media-text__content\">\n<p><strong>Thiago Yamamoto<\/strong><\/p>\n\n\n\n<p>Local de nascimento : S\u00e3o Paulo &#8211; SP<\/p>\n\n\n\n<p>Grau de Instru\u00e7\u00e3o : Superior&nbsp;completo<\/p>\n\n\n\n<p>Estado Civil: Casado<\/p>\n<\/div><\/div>\n","protected":false},"excerpt":{"rendered":"<p>Thiago Yamamoto Local de nascimento : S\u00e3o Paulo &#8211; SP Grau de Instru\u00e7\u00e3o : Superior&nbsp;completo Estado Civil: Casado<\/p>\n","protected":false},"author":1,"featured_media":0,"parent":0,"menu_order":0,"comment_status":"closed","ping_status":"closed","template":"","meta":{"site-sidebar-layout":"default","site-content-layout":"","ast-site-content-layout":"default","site-content-style":"default","site-sidebar-style":"default","ast-global-header-display":"","ast-banner-title-visibility":"","ast-main-header-display":"","ast-hfb-above-header-display":"","ast-hfb-below-header-display":"","ast-hfb-mobile-header-display":"","site-post-title":"","ast-breadcrumbs-content":"","ast-featured-img":"","footer-sml-layout":"","theme-transparent-header-meta":"","adv-header-id-meta":"","stick-header-meta":"","header-above-stick-meta":"","header-main-stick-meta":"","header-below-stick-meta":"","astra-migrate-meta-layouts":"default","ast-page-background-enabled":"default","ast-page-background-meta":{"desktop":{"background-color":"var(--ast-global-color-5)","background-image":"","background-repeat":"repeat","background-position":"center center","background-size":"auto","background-attachment":"scroll","background-type":"","background-media":"","overlay-type":"","overlay-color":"","overlay-opacity":"","overlay-gradient":""},"tablet":{"background-color":"","background-image":"","background-repeat":"repeat","background-position":"center center","background-size":"auto","background-attachment":"scroll","background-type":"","background-media":"","overlay-type":"","overlay-color":"","overlay-opacity":"","overlay-gradient":""},"mobile":{"background-color":"","background-image":"","background-repeat":"repeat","background-position":"center center","background-size":"auto","background-attachment":"scroll","background-type":"","background-media":"","overlay-type":"","overlay-color":"","overlay-opacity":"","overlay-gradient":""}},"ast-content-background-meta":{"desktop":{"background-color":"var(--ast-global-color-4)","background-image":"","background-repeat":"repeat","background-position":"center center","background-size":"auto","background-attachment":"scroll","background-type":"","background-media":"","overlay-type":"","overlay-color":"","overlay-opacity":"","overlay-gradient":""},"tablet":{"background-color":"var(--ast-global-color-4)","background-image":"","background-repeat":"repeat","background-position":"center center","background-size":"auto","background-attachment":"scroll","background-type":"","background-media":"","overlay-type":"","overlay-color":"","overlay-opacity":"","overlay-gradient":""},"mobile":{"background-color":"var(--ast-global-color-4)","background-image":"","background-repeat":"repeat","background-position":"center center","background-size":"auto","background-attachment":"scroll","background-type":"","background-media":"","overlay-type":"","overlay-color":"","overlay-opacity":"","overlay-gradient":""}},"footnotes":""},"class_list":["post-100","page","type-page","status-publish","hentry"],"_links":{"self":[{"href":"https:\/\/desenvolvimentosocial.rc.sp.gov.br\/index.php?rest_route=\/wp\/v2\/pages\/100","targetHints":{"allow":["GET"]}}],"collection":[{"href":"https:\/\/desenvolvimentosocial.rc.sp.gov.br\/index.php?rest_route=\/wp\/v2\/pages"}],"about":[{"href":"https:\/\/desenvolvimentosocial.rc.sp.gov.br\/index.php?rest_route=\/wp\/v2\/types\/page"}],"author":[{"embeddable":true,"href":"https:\/\/desenvolvimentosocial.rc.sp.gov.br\/index.php?rest_route=\/wp\/v2\/users\/1"}],"replies":[{"embeddable":true,"href":"https:\/\/desenvolvimentosocial.rc.sp.gov.br\/index.php?rest_route=%2Fwp%2Fv2%2Fcomments&post=100"}],"version-history":[{"count":23,"href":"https:\/\/desenvolvimentosocial.rc.sp.gov.br\/index.php?rest_route=\/wp\/v2\/pages\/100\/revisions"}],"predecessor-version":[{"id":3614,"href":"https:\/\/desenvolvimentosocial.rc.sp.gov.br\/index.php?rest_route=\/wp\/v2\/pages\/100\/revisions\/3614"}],"wp:attachment":[{"href":"https:\/\/desenvolvimentosocial.rc.sp.gov.br\/index.php?rest_route=%2Fwp%2Fv2%2Fmedia&parent=100"}],"curies":[{"name":"wp","href":"https:\/\/api.w.org\/{rel}","templated":true}]}}