{"id":104,"date":"2019-07-29T15:50:39","date_gmt":"2019-07-29T18:50:39","guid":{"rendered":"https:\/\/desenvolvimento.rc.sp.gov.br\/?page_id=104"},"modified":"2024-12-11T17:12:25","modified_gmt":"2024-12-11T19:12:25","slug":"programas","status":"publish","type":"page","link":"https:\/\/desenvolvimentosocial.rc.sp.gov.br\/?page_id=104","title":{"rendered":"Programas e Benef\u00edcios"},"content":{"rendered":"\n<p><strong>Transfer\u00eancia de Renda:<\/strong>&nbsp;S\u00e3o programas que beneficiam indiv\u00edduos ou fam\u00edlias em situa\u00e7\u00e3o de pobreza ou extrema pobreza por meio de transfer\u00eancia monet\u00e1ria. A transfer\u00eancia de renda tem como objetivo o enfrentamento e al\u00edvio imediato da pobreza e as condicionalidades refor\u00e7am o acesso a direitos sociais b\u00e1sicos nas \u00e1reas de educa\u00e7\u00e3o, sa\u00fade e assist\u00eancia social. Todos os benefici\u00e1rios t\u00eam acompanhamento cont\u00ednuo da rede socioassistencial e a obriga\u00e7\u00e3o de atualizar o cadastro no Cad\u00fanico e\/ou no BDC em at\u00e9 24 meses, ou sempre que acontecer alguma altera\u00e7\u00e3o na composi\u00e7\u00e3o familiar, renda, endere\u00e7o e escola. A\u00e7\u00f5es e programas complementares visam o desenvolvimento das fam\u00edlias, de modo que os benefici\u00e1rios consigam superar a situa\u00e7\u00e3o de vulnerabilidade.<br><\/p>\n\n\n\n<p><strong>E outros Benef\u00edcios<\/strong><\/p>\n\n\n\n<p><a href=\"https:\/\/desenvolvimentosocial.rc.sp.gov.br\/?page_id=1270\">Clique aqui para ver todos os contatos<\/a><\/p>\n\n\n\n<ul class=\"wp-block-list\">\n<li><a href=\"#bolsafamilia\">Programa Bolsa Fam\u00edlia<\/a><\/li>\n\n\n\n<li><a href=\"#bpcidoso\">BPC (Idoso)<\/a><\/li>\n\n\n\n<li><a href=\"#bpcdeficiencia\">BPC (Pessoa com defici\u00eancia)<\/a><\/li>\n\n\n\n<li><a href=\"#rendacidada\">Programa Renda Cidad\u00e3<\/a><\/li>\n\n\n\n<li><a href=\"#acaojovem\">Programa A\u00e7\u00e3o Jovem<\/a><\/li>\n\n\n\n<li><a href=\"#outros\">Outros<\/a><\/li>\n<\/ul>\n\n\n\n<div class=\"wp-block-themeisle-blocks-advanced-columns has-1-columns has-desktop-equal-layout has-tablet-equal-layout has-mobile-equal-layout has-default-gap has-vertical-unset\" id=\"wp-block-themeisle-blocks-advanced-columns-b4a2d39a\" style=\"border-width:0px;border-style:solid;border-color:#000000;border-radius:0px;justify-content:unset\"><div class=\"wp-themeisle-block-overlay\" style=\"opacity:0.5;mix-blend-mode:normal\"><\/div><div class=\"innerblocks-wrap\">\n<div class=\"wp-block-themeisle-blocks-advanced-column\" id=\"wp-block-themeisle-blocks-advanced-column-af56153b\" style=\"border-width:0px;border-style:solid;border-color:#000000;border-radius:0px\">\n<div class=\"wp-block-image\"><figure class=\"alignleft\"><img loading=\"lazy\" decoding=\"async\" width=\"150\" height=\"139\" src=\"https:\/\/desenvolvimentosocial.rc.sp.gov.br\/wp-content\/uploads\/2020\/01\/LOGO-BOLSA-FAM\u00cdLIA150.jpg\" alt=\"\" class=\"wp-image-961\"\/><\/figure><\/div>\n<p><div id=\"bolsafamilia\"><b>Programa Bolsa Fam\u00edlia<\/b><\/div><\/p>\n<p>O <strong>Programa Bolsa Fam\u00edlia<\/strong> (PBF) \u00e9 um programa do Governo Federal que transfere renda diretamente as fam\u00edlias mais pobres. S\u00e3o beneficiadas fam\u00edlias em situa\u00e7\u00e3o de pobreza extrema (com renda entre R$0,00 e R$85,00 por pessoa) e de pobreza (com renda entre R$85,01 e R$170,00 por pessoa). O objetivo do programa \u00e9 garantir a sobreviv\u00eancia de fam\u00edlias em situa\u00e7\u00e3o de alta vulnerabilidade social e econ\u00f4mica e promover o acesso \u00e0 rede de servi\u00e7os p\u00fablicos e direitos sociais b\u00e1sicos nas \u00e1reas de sa\u00fade, de educa\u00e7\u00e3o e de assist\u00eancia social. O benef\u00edcio tem condicionalidades, isto \u00e9, as fam\u00edlias benefici\u00e1rias do PBF assumem compromissos, tanto na \u00e1rea da sa\u00fade, quanto na \u00e1rea da educa\u00e7\u00e3o. Para ter acesso ao programa \u00e9 necess\u00e1rio estar com o cadastrado atualizado no Cad\u00danico. O Cadastro \u00danico \u00e9 um instrumento que identifica e caracteriza as fam\u00edlias de baixa renda.<\/p>\n<div class=\"wp-block-image\"><figure class=\"alignleft\"><img loading=\"lazy\" decoding=\"async\" width=\"200\" height=\"87\" src=\"https:\/\/desenvolvimentosocial.rc.sp.gov.br\/wp-content\/uploads\/2020\/01\/BPC200.png\" alt=\"\" class=\"wp-image-964\"\/><\/figure><\/div>\n<p><div id=\"bpcidoso\"><b>BPC (Idoso)<\/b><\/div><\/p>\n<p>O <strong>Benef\u00edcio de Presta\u00e7\u00e3o Continuada<\/strong> da Assist\u00eancia Social (BPC) \u00e9 um benef\u00edcio individual, n\u00e3o vital\u00edcio e intransfer\u00edvel. Institu\u00eddo pela Constitui\u00e7\u00e3o Federal de 1988, ele garante a transfer\u00eancia de um sal\u00e1rio m\u00ednimo \u00e0 pessoa idosa, com 65 anos ou mais, que comprovem n\u00e3o possuir meios de se sustentar ou de ser sustentado pela fam\u00edlia. Para ter direito ao benef\u00edcio, o solicitante precisa comprovar que a renda mensal familiar per capita \u00e9 inferior a um quarto do sal\u00e1rio m\u00ednimo. As pessoas com defici\u00eancia tamb\u00e9m precisam passar por avalia\u00e7\u00e3o m\u00e9dica e social realizadas por profissionais do INSS.<\/p>\n<p><div id=\"bpcdeficiencia\"><b>BPC (Pessoa com defici\u00eancia)<\/b><\/div><\/p>\n<p>O <strong>Benef\u00edcio de Presta\u00e7\u00e3o Continuada da Assist\u00eancia Social <\/strong>(BPC) \u00e9 um benef\u00edcio individual, n\u00e3o vital\u00edcio e intransfer\u00edvel. Institu\u00eddo pela Constitui\u00e7\u00e3o Federal de 1988, ele garante a transfer\u00eancia de um sal\u00e1rio m\u00ednimo \u00e0 pessoa com defici\u00eancia de qualquer idade, que comprovem n\u00e3o possuir meios de se sustentar ou de ser sustentado pela fam\u00edlia. Para ter direito ao benef\u00edcio, o solicitante precisa comprovar que a renda mensal familiar per capita \u00e9 inferior a um quarto do sal\u00e1rio m\u00ednimo. As pessoas com defici\u00eancia tamb\u00e9m precisam passar por avalia\u00e7\u00e3o m\u00e9dica e social realizadas por profissionais do INSS.<\/p>\n<p><div id=\"rendacidada\"><b>Programa Renda Cidad\u00e3<\/b><\/div><\/p>\n<p><strong>Renda Cidad\u00e3<\/strong> \u00e9 um programa de transfer\u00eancia de renda do Governo do Estado de S\u00e3o Paulo e tem como objetivo atender fam\u00edlias em situa\u00e7\u00e3o de pobreza, com renda mensal familiar per capita de at\u00e9 meio sal\u00e1rio m\u00ednimo nacional, prioritariamente at\u00e9 \u00bc do sal\u00e1rio m\u00ednimo, mediante a\u00e7\u00f5es complementares e transfer\u00eancia direta de renda, como apoio financeiro tempor\u00e1rio do Estado.<\/p>\n<p><div id=\"acaojovem\"><b>Programa A\u00e7\u00e3o Jovem<\/b><\/div><\/p>\n<p>O <strong>A\u00e7\u00e3o Jovem<\/strong> \u00e9 um programa de transfer\u00eancia de renda do Governo do Estado de S\u00e3o Paulo que visa estimular a conclus\u00e3o da escolaridade b\u00e1sica, e oferecer a\u00e7\u00f5es complementares e de apoio \u00e0 inicia\u00e7\u00e3o profissional. O objetivo \u00e9 a inclus\u00e3o social de jovens em situa\u00e7\u00e3o de pobreza ou extrema pobreza, promovendo a conclus\u00e3o da escolaridade b\u00e1sica e o desenvolvimento pessoal mediante a transfer\u00eancia direta de renda com apoio financeiro tempor\u00e1rio do Estado. O jovem, para ser inserido neste programa, deve ter de 15 anos at\u00e9 24 anos e 11 meses de idade, ter o ensino fundamental ou m\u00e9dio incompleto, e suas fam\u00edlias devem ter renda per capita de at\u00e9 meio sal\u00e1rio m\u00ednimo nacional, prioritariamente at\u00e9 \u00bc do sal\u00e1rio m\u00ednimo.<\/p>\n<p><br><div id=\"outros\"><b>Outros Benef\u00edcios<\/b><\/div><\/p>\n<p>&#8211; Tarifa Social de Energia El\u00e9trica<\/p>\n<p>&#8211; Telefonia Popular<\/p>\n<p>&#8211; Programa Viva Leite<\/p>\n<p>&#8211; Carteira do Idoso<\/p>\n<p>&#8211; Identidade Jovem<\/p>\n<p>&#8211; Gratuidade do Transporte p\u00fablico municipal (Idoso)<\/p>\n<p>&#8211; Gratuidade do Transporte p\u00fablico municipal (Pessoa com Defici\u00eancia)<\/p>\n<p>&#8211; Isen\u00e7\u00e3o de taxa para concurso p\u00fablico federal<\/p>\n<p>&#8211; Isen\u00e7\u00e3o de taxa para concurso p\u00fablico da OAB<\/p>\n<p>&#8211; Contribui\u00e7\u00e3o reduzida \u00e0 Previd\u00eancia Social (Facultativo para pessoas sem fonte de renda)<\/p>\n<\/div>\n<\/div><\/div>\n","protected":false},"excerpt":{"rendered":"<p>Transfer\u00eancia de Renda:&nbsp;S\u00e3o programas que beneficiam indiv\u00edduos ou fam\u00edlias em situa\u00e7\u00e3o de pobreza ou extrema pobreza por meio de transfer\u00eancia [&hellip;]<\/p>\n","protected":false},"author":1,"featured_media":0,"parent":0,"menu_order":0,"comment_status":"closed","ping_status":"closed","template":"","meta":{"site-sidebar-layout":"default","site-content-layout":"","ast-site-content-layout":"default","site-content-style":"default","site-sidebar-style":"default","ast-global-header-display":"","ast-banner-title-visibility":"","ast-main-header-display":"","ast-hfb-above-header-display":"","ast-hfb-below-header-display":"","ast-hfb-mobile-header-display":"","site-post-title":"","ast-breadcrumbs-content":"","ast-featured-img":"","footer-sml-layout":"","theme-transparent-header-meta":"","adv-header-id-meta":"","stick-header-meta":"","header-above-stick-meta":"","header-main-stick-meta":"","header-below-stick-meta":"","astra-migrate-meta-layouts":"default","ast-page-background-enabled":"default","ast-page-background-meta":{"desktop":{"background-color":"var(--ast-global-color-5)","background-image":"","background-repeat":"repeat","background-position":"center center","background-size":"auto","background-attachment":"scroll","background-type":"","background-media":"","overlay-type":"","overlay-color":"","overlay-opacity":"","overlay-gradient":""},"tablet":{"background-color":"","background-image":"","background-repeat":"repeat","background-position":"center center","background-size":"auto","background-attachment":"scroll","background-type":"","background-media":"","overlay-type":"","overlay-color":"","overlay-opacity":"","overlay-gradient":""},"mobile":{"background-color":"","background-image":"","background-repeat":"repeat","background-position":"center center","background-size":"auto","background-attachment":"scroll","background-type":"","background-media":"","overlay-type":"","overlay-color":"","overlay-opacity":"","overlay-gradient":""}},"ast-content-background-meta":{"desktop":{"background-color":"var(--ast-global-color-4)","background-image":"","background-repeat":"repeat","background-position":"center center","background-size":"auto","background-attachment":"scroll","background-type":"","background-media":"","overlay-type":"","overlay-color":"","overlay-opacity":"","overlay-gradient":""},"tablet":{"background-color":"var(--ast-global-color-4)","background-image":"","background-repeat":"repeat","background-position":"center center","background-size":"auto","background-attachment":"scroll","background-type":"","background-media":"","overlay-type":"","overlay-color":"","overlay-opacity":"","overlay-gradient":""},"mobile":{"background-color":"var(--ast-global-color-4)","background-image":"","background-repeat":"repeat","background-position":"center center","background-size":"auto","background-attachment":"scroll","background-type":"","background-media":"","overlay-type":"","overlay-color":"","overlay-opacity":"","overlay-gradient":""}},"footnotes":""},"class_list":["post-104","page","type-page","status-publish","hentry"],"_links":{"self":[{"href":"https:\/\/desenvolvimentosocial.rc.sp.gov.br\/index.php?rest_route=\/wp\/v2\/pages\/104","targetHints":{"allow":["GET"]}}],"collection":[{"href":"https:\/\/desenvolvimentosocial.rc.sp.gov.br\/index.php?rest_route=\/wp\/v2\/pages"}],"about":[{"href":"https:\/\/desenvolvimentosocial.rc.sp.gov.br\/index.php?rest_route=\/wp\/v2\/types\/page"}],"author":[{"embeddable":true,"href":"https:\/\/desenvolvimentosocial.rc.sp.gov.br\/index.php?rest_route=\/wp\/v2\/users\/1"}],"replies":[{"embeddable":true,"href":"https:\/\/desenvolvimentosocial.rc.sp.gov.br\/index.php?rest_route=%2Fwp%2Fv2%2Fcomments&post=104"}],"version-history":[{"count":35,"href":"https:\/\/desenvolvimentosocial.rc.sp.gov.br\/index.php?rest_route=\/wp\/v2\/pages\/104\/revisions"}],"predecessor-version":[{"id":1943,"href":"https:\/\/desenvolvimentosocial.rc.sp.gov.br\/index.php?rest_route=\/wp\/v2\/pages\/104\/revisions\/1943"}],"wp:attachment":[{"href":"https:\/\/desenvolvimentosocial.rc.sp.gov.br\/index.php?rest_route=%2Fwp%2Fv2%2Fmedia&parent=104"}],"curies":[{"name":"wp","href":"https:\/\/api.w.org\/{rel}","templated":true}]}}