{"id":108,"date":"2019-07-29T15:45:26","date_gmt":"2019-07-29T18:45:26","guid":{"rendered":"https:\/\/desenvolvimento.rc.sp.gov.br\/?page_id=108"},"modified":"2024-10-24T00:26:54","modified_gmt":"2024-10-24T02:26:54","slug":"cadastro-unico","status":"publish","type":"page","link":"https:\/\/desenvolvimentosocial.rc.sp.gov.br\/?page_id=108","title":{"rendered":"Cadastro \u00fanico"},"content":{"rendered":"\n<div class=\"wp-block-themeisle-blocks-advanced-columns has-1-columns has-desktop-equal-layout has-tablet-equal-layout has-mobile-equal-layout has-default-gap has-vertical-unset\" id=\"wp-block-themeisle-blocks-advanced-columns-3996f19f\" style=\"border-width:0px;border-style:solid;border-color:#000000;border-radius:0px;justify-content:unset\"><div class=\"wp-themeisle-block-overlay\" style=\"opacity:0.5;mix-blend-mode:normal\"><\/div><div class=\"innerblocks-wrap\">\n<div class=\"wp-block-themeisle-blocks-advanced-column\" id=\"wp-block-themeisle-blocks-advanced-column-a92361f2\" style=\"border-width:0px;border-style:solid;border-color:#000000;border-radius:0px\">\n<figure class=\"wp-block-image alignwide\"><img loading=\"lazy\" decoding=\"async\" width=\"500\" height=\"185\" src=\"https:\/\/desenvolvimentosocial.rc.sp.gov.br\/wp-content\/uploads\/2020\/01\/LOGO_CADASTRO_UNICO_C8.png\" alt=\"\" class=\"wp-image-967\" srcset=\"https:\/\/desenvolvimentosocial.rc.sp.gov.br\/wp-content\/uploads\/2020\/01\/LOGO_CADASTRO_UNICO_C8.png 500w, https:\/\/desenvolvimentosocial.rc.sp.gov.br\/wp-content\/uploads\/2020\/01\/LOGO_CADASTRO_UNICO_C8-300x111.png 300w\" sizes=\"auto, (max-width: 500px) 100vw, 500px\" \/><\/figure>\n\n\n\n<h5 class=\"wp-block-heading\" style=\"text-align:center\"><strong>Oque \u00e9?<\/strong><\/h5>\n\n\n\n<p>O Cadastro \u00danico \u00e9 um registro que permite ao governo saber quem s\u00e3o e como vivem as fam\u00edlias de baixa renda no Brasil. Ele foi criado pelo Governo Federal em 2003, mas \u00e9 operacionalizado e atualizado pelas prefeituras de forma gratuita. Ao se inscrever ou atualizar seus dados no Cadastro \u00danico, voc\u00ea pode tentar participar de v\u00e1rios programas sociais. Cada programa tem uma exig\u00eancia diferente, mas o primeiro passo \u00e9 ter sempre seu cadastro atualizado.<br>\nQualquer fam\u00edlia de baixa renda pode se cadastrar no Cadastro \u00danico, \u00e9 de gra\u00e7a!<br>\nO cadastro \u00e9 feito pessoalmente, num posto de atendimento na cidade onde a fam\u00edlia mora.<br>\nO respons\u00e1vel pela fam\u00edlia, vai declarar as informa\u00e7\u00f5es de todas as pessoas da fam\u00edlia, por isso precisa levar os seguintes documentos abaixo de todos que moram na casa.<br>\nAten\u00e7\u00e3o podem ser os originais (n\u00e3o necessita tirar c\u00f3pias)<\/p>\n\n\n\n<p>O Cadastro \u00danico est\u00e1 regulamentado pelo Decreto n\u00ba 6.135, de 26 de junho de 2007, e outras normas. Consulte a legisla\u00e7\u00e3o.<\/p>\n\n\n\n<p>O respons\u00e1vel pela fam\u00edlia, vai declarar as informa\u00e7\u00f5es de todas as pessoas da fam\u00edlia, por isso precisa levar um documento com foto como, por exemplo, sua carteira de identidade ou sua carteira de trabalho. Al\u00e9m disso, precisa levar o seu CPF (preferencialmente) ou seu T\u00edtulo de Eleitor e um comprovante de resid\u00eancia. Se voc\u00ea n\u00e3o tem comprovante de resid\u00eancia, deve fazer uma declara\u00e7\u00e3o, informando onde mora. Al\u00e9m dos seus documentos, voc\u00ea deve levar pelo menos um documento de cada pessoa da sua fam\u00edlia: CPF, certid\u00e3o de nascimento ou casamento, carteira de identidade, carteira de trabalho ou t\u00edtulo de eleitor.<\/p>\n\n\n\n<h5 class=\"wp-block-heading\" style=\"text-align:center\"><strong>Quem pode utilizar este servi\u00e7o?<\/strong><\/h5>\n\n\n\n<p>Podem&nbsp;participar do Cadastro \u00danico as&nbsp;fam\u00edlias que vivem com renda mensal de at\u00e9 meio sal\u00e1rio-m\u00ednimo por pessoa podem e devem ser registradas no Cadastro \u00danico.<br>\nFam\u00edlias com renda acima desse valor podem ser cadastradas para participar de programas ou servi\u00e7os espec\u00edficos.<\/p>\n<\/div>\n<\/div><\/div>\n","protected":false},"excerpt":{"rendered":"","protected":false},"author":1,"featured_media":0,"parent":0,"menu_order":0,"comment_status":"closed","ping_status":"closed","template":"","meta":{"site-sidebar-layout":"default","site-content-layout":"","ast-site-content-layout":"default","site-content-style":"default","site-sidebar-style":"default","ast-global-header-display":"","ast-banner-title-visibility":"","ast-main-header-display":"","ast-hfb-above-header-display":"","ast-hfb-below-header-display":"","ast-hfb-mobile-header-display":"","site-post-title":"","ast-breadcrumbs-content":"","ast-featured-img":"","footer-sml-layout":"","theme-transparent-header-meta":"","adv-header-id-meta":"","stick-header-meta":"","header-above-stick-meta":"","header-main-stick-meta":"","header-below-stick-meta":"","astra-migrate-meta-layouts":"default","ast-page-background-enabled":"default","ast-page-background-meta":{"desktop":{"background-color":"var(--ast-global-color-5)","background-image":"","background-repeat":"repeat","background-position":"center center","background-size":"auto","background-attachment":"scroll","background-type":"","background-media":"","overlay-type":"","overlay-color":"","overlay-opacity":"","overlay-gradient":""},"tablet":{"background-color":"","background-image":"","background-repeat":"repeat","background-position":"center center","background-size":"auto","background-attachment":"scroll","background-type":"","background-media":"","overlay-type":"","overlay-color":"","overlay-opacity":"","overlay-gradient":""},"mobile":{"background-color":"","background-image":"","background-repeat":"repeat","background-position":"center center","background-size":"auto","background-attachment":"scroll","background-type":"","background-media":"","overlay-type":"","overlay-color":"","overlay-opacity":"","overlay-gradient":""}},"ast-content-background-meta":{"desktop":{"background-color":"var(--ast-global-color-4)","background-image":"","background-repeat":"repeat","background-position":"center center","background-size":"auto","background-attachment":"scroll","background-type":"","background-media":"","overlay-type":"","overlay-color":"","overlay-opacity":"","overlay-gradient":""},"tablet":{"background-color":"var(--ast-global-color-4)","background-image":"","background-repeat":"repeat","background-position":"center center","background-size":"auto","background-attachment":"scroll","background-type":"","background-media":"","overlay-type":"","overlay-color":"","overlay-opacity":"","overlay-gradient":""},"mobile":{"background-color":"var(--ast-global-color-4)","background-image":"","background-repeat":"repeat","background-position":"center center","background-size":"auto","background-attachment":"scroll","background-type":"","background-media":"","overlay-type":"","overlay-color":"","overlay-opacity":"","overlay-gradient":""}},"footnotes":""},"class_list":["post-108","page","type-page","status-publish","hentry"],"_links":{"self":[{"href":"https:\/\/desenvolvimentosocial.rc.sp.gov.br\/index.php?rest_route=\/wp\/v2\/pages\/108","targetHints":{"allow":["GET"]}}],"collection":[{"href":"https:\/\/desenvolvimentosocial.rc.sp.gov.br\/index.php?rest_route=\/wp\/v2\/pages"}],"about":[{"href":"https:\/\/desenvolvimentosocial.rc.sp.gov.br\/index.php?rest_route=\/wp\/v2\/types\/page"}],"author":[{"embeddable":true,"href":"https:\/\/desenvolvimentosocial.rc.sp.gov.br\/index.php?rest_route=\/wp\/v2\/users\/1"}],"replies":[{"embeddable":true,"href":"https:\/\/desenvolvimentosocial.rc.sp.gov.br\/index.php?rest_route=%2Fwp%2Fv2%2Fcomments&post=108"}],"version-history":[{"count":9,"href":"https:\/\/desenvolvimentosocial.rc.sp.gov.br\/index.php?rest_route=\/wp\/v2\/pages\/108\/revisions"}],"predecessor-version":[{"id":1708,"href":"https:\/\/desenvolvimentosocial.rc.sp.gov.br\/index.php?rest_route=\/wp\/v2\/pages\/108\/revisions\/1708"}],"wp:attachment":[{"href":"https:\/\/desenvolvimentosocial.rc.sp.gov.br\/index.php?rest_route=%2Fwp%2Fv2%2Fmedia&parent=108"}],"curies":[{"name":"wp","href":"https:\/\/api.w.org\/{rel}","templated":true}]}}