{"id":118,"date":"2019-07-29T15:52:00","date_gmt":"2019-07-29T18:52:00","guid":{"rendered":"https:\/\/desenvolvimento.rc.sp.gov.br\/?page_id=118"},"modified":"2020-01-13T09:38:21","modified_gmt":"2020-01-13T12:38:21","slug":"terceiro-setor","status":"publish","type":"page","link":"https:\/\/desenvolvimentosocial.rc.sp.gov.br\/?page_id=118","title":{"rendered":"OSC- ORGANIZA\u00c7\u00c3O DA SOCIEDADE CIVIL"},"content":{"rendered":"\n<div class=\"wp-block-themeisle-blocks-advanced-columns has-1-columns has-desktop-equal-layout has-tablet-equal-layout has-mobile-equal-layout has-default-gap has-vertical-unset\" id=\"wp-block-themeisle-blocks-advanced-columns-615f24ca\" style=\"border-width:0px;border-style:solid;border-color:#000000;border-radius:0px;justify-content:unset\"><div class=\"wp-themeisle-block-overlay\" style=\"opacity:0.5;mix-blend-mode:normal\"><\/div><div class=\"innerblocks-wrap\">\n<div class=\"wp-block-themeisle-blocks-advanced-column\" id=\"wp-block-themeisle-blocks-advanced-column-4cd933ce\" style=\"border-width:0px;border-style:solid;border-color:#000000;border-radius:0px\">\n<h2 class=\"wp-block-heading\">OSC &#8211; ORGANIZA\u00c7\u00c3O DA SOCIEDADE CIVIL<\/h2>\n\n\n\n<hr class=\"wp-block-separator\"\/>\n\n\n\n<p>\u00c9 considerada&nbsp;<strong>Organiza\u00e7\u00e3o da Sociedade Civil (OSC)<\/strong>&nbsp;toda e qualquer institui\u00e7\u00e3o que desenvolva projetos sociais com finalidade p\u00fablica. Tais organiza\u00e7\u00f5es tamb\u00e9m s\u00e3o classificadas como institui\u00e7\u00f5es do Terceiro Setor, uma vez que n\u00e3o t\u00eam fins econ\u00f4micos. Esta express\u00e3o foi adotada pelo Banco Interamericano de Desenvolvimento (BID), no in\u00edcio da d\u00e9cada de 90 e significa a mesma coisa que ONG \u2013 termo que se tornou mais conhecido devido ao fato de ser utilizado pela ONU e pelo Banco Mundial. Essa id\u00e9ia fomentou o exerc\u00edcio da cidadania de forma mais direta e aut\u00f4noma, na medida em que a sociedade civil abriu um espa\u00e7o maior de participa\u00e7\u00e3o nas causas coletivas. Em termos jur\u00eddicos, segundo a legisla\u00e7\u00e3o brasileira, o termo n\u00e3o \u00e9 reconhecido.<\/p>\n\n\n\n<hr class=\"wp-block-separator\"\/>\n\n\n\n<h3 class=\"wp-block-heading\"><strong>Organiza\u00e7\u00f5es Associadas<\/strong><\/h3>\n\n\n\n<hr class=\"wp-block-separator\"\/>\n\n\n\n<ul class=\"wp-block-list\"><li><a href=\"https:\/\/desenvolvimentosocial.rc.sp.gov.br\/?page_id=267\" target=\"_blank\" rel=\"noreferrer noopener\" aria-label=\" (abre numa nova aba)\">Abrigo S\u00e3o Vicente de Paulo<\/a><\/li><li><a rel=\"noreferrer noopener\" aria-label=\" (abre numa nova aba)\" href=\"https:\/\/desenvolvimentosocial.rc.sp.gov.br\/?page_id=279\" target=\"_blank\">ADRA<\/a><\/li><li><a rel=\"noreferrer noopener\" aria-label=\" (abre numa nova aba)\" href=\"https:\/\/desenvolvimentosocial.rc.sp.gov.br\/?page_id=281\" target=\"_blank\">Aldeias Infantis SOS Brasil<\/a><\/li><li><a rel=\"noreferrer noopener\" aria-label=\" (abre numa nova aba)\" href=\"https:\/\/desenvolvimentosocial.rc.sp.gov.br\/?page_id=294\" target=\"_blank\">APACHI<\/a><\/li><li><a rel=\"noreferrer noopener\" aria-label=\" (abre numa nova aba)\" href=\"https:\/\/desenvolvimentosocial.rc.sp.gov.br\/?page_id=297\" target=\"_blank\">APAE<\/a><\/li><li><a rel=\"noreferrer noopener\" aria-label=\" (abre numa nova aba)\" href=\"https:\/\/desenvolvimentosocial.rc.sp.gov.br\/?page_id=299\" target=\"_blank\">Claretiano Terra Nova<\/a><\/li><li><a rel=\"noreferrer noopener\" aria-label=\" (abre numa nova aba)\" href=\"https:\/\/desenvolvimentosocial.rc.sp.gov.br\/?page_id=301\" target=\"_blank\">Educand\u00e1rio Santa Maria Goretti<\/a><\/li><li><a rel=\"noreferrer noopener\" aria-label=\" (abre numa nova aba)\" href=\"https:\/\/desenvolvimentosocial.rc.sp.gov.br\/?page_id=303\" target=\"_blank\">IVC<\/a><\/li><li><a rel=\"noreferrer noopener\" aria-label=\" (abre numa nova aba)\" href=\"https:\/\/desenvolvimentosocial.rc.sp.gov.br\/?page_id=305\" target=\"_blank\">Lar Bethel<\/a><\/li><li><a rel=\"noreferrer noopener\" aria-label=\" (abre numa nova aba)\" href=\"https:\/\/desenvolvimentosocial.rc.sp.gov.br\/?page_id=307\" target=\"_blank\">LEEP<\/a><\/li><li><a rel=\"noreferrer noopener\" aria-label=\" (abre numa nova aba)\" href=\"https:\/\/desenvolvimentosocial.rc.sp.gov.br\/?page_id=309\" target=\"_blank\">ArteVida<\/a><\/li><li><a rel=\"noreferrer noopener\" aria-label=\" (abre numa nova aba)\" href=\"https:\/\/desenvolvimentosocial.rc.sp.gov.br\/?page_id=311\" target=\"_blank\">S\u00e3o Jo\u00e3o da Esc\u00f3cia<\/a><\/li><li><a rel=\"noreferrer noopener\" aria-label=\"UDAM (abre numa nova aba)\" href=\"https:\/\/desenvolvimentosocial.rc.sp.gov.br\/?page_id=315\" target=\"_blank\">UDAM<\/a><\/li><\/ul>\n<\/div>\n<\/div><\/div>\n","protected":false},"excerpt":{"rendered":"","protected":false},"author":1,"featured_media":0,"parent":0,"menu_order":0,"comment_status":"closed","ping_status":"closed","template":"","meta":{"site-sidebar-layout":"default","site-content-layout":"","ast-site-content-layout":"default","site-content-style":"default","site-sidebar-style":"default","ast-global-header-display":"","ast-banner-title-visibility":"","ast-main-header-display":"","ast-hfb-above-header-display":"","ast-hfb-below-header-display":"","ast-hfb-mobile-header-display":"","site-post-title":"","ast-breadcrumbs-content":"","ast-featured-img":"","footer-sml-layout":"","theme-transparent-header-meta":"","adv-header-id-meta":"","stick-header-meta":"","header-above-stick-meta":"","header-main-stick-meta":"","header-below-stick-meta":"","astra-migrate-meta-layouts":"default","ast-page-background-enabled":"default","ast-page-background-meta":{"desktop":{"background-color":"var(--ast-global-color-5)","background-image":"","background-repeat":"repeat","background-position":"center center","background-size":"auto","background-attachment":"scroll","background-type":"","background-media":"","overlay-type":"","overlay-color":"","overlay-opacity":"","overlay-gradient":""},"tablet":{"background-color":"","background-image":"","background-repeat":"repeat","background-position":"center center","background-size":"auto","background-attachment":"scroll","background-type":"","background-media":"","overlay-type":"","overlay-color":"","overlay-opacity":"","overlay-gradient":""},"mobile":{"background-color":"","background-image":"","background-repeat":"repeat","background-position":"center center","background-size":"auto","background-attachment":"scroll","background-type":"","background-media":"","overlay-type":"","overlay-color":"","overlay-opacity":"","overlay-gradient":""}},"ast-content-background-meta":{"desktop":{"background-color":"var(--ast-global-color-4)","background-image":"","background-repeat":"repeat","background-position":"center center","background-size":"auto","background-attachment":"scroll","background-type":"","background-media":"","overlay-type":"","overlay-color":"","overlay-opacity":"","overlay-gradient":""},"tablet":{"background-color":"var(--ast-global-color-4)","background-image":"","background-repeat":"repeat","background-position":"center center","background-size":"auto","background-attachment":"scroll","background-type":"","background-media":"","overlay-type":"","overlay-color":"","overlay-opacity":"","overlay-gradient":""},"mobile":{"background-color":"var(--ast-global-color-4)","background-image":"","background-repeat":"repeat","background-position":"center center","background-size":"auto","background-attachment":"scroll","background-type":"","background-media":"","overlay-type":"","overlay-color":"","overlay-opacity":"","overlay-gradient":""}},"footnotes":""},"class_list":["post-118","page","type-page","status-publish","hentry"],"_links":{"self":[{"href":"https:\/\/desenvolvimentosocial.rc.sp.gov.br\/index.php?rest_route=\/wp\/v2\/pages\/118","targetHints":{"allow":["GET"]}}],"collection":[{"href":"https:\/\/desenvolvimentosocial.rc.sp.gov.br\/index.php?rest_route=\/wp\/v2\/pages"}],"about":[{"href":"https:\/\/desenvolvimentosocial.rc.sp.gov.br\/index.php?rest_route=\/wp\/v2\/types\/page"}],"author":[{"embeddable":true,"href":"https:\/\/desenvolvimentosocial.rc.sp.gov.br\/index.php?rest_route=\/wp\/v2\/users\/1"}],"replies":[{"embeddable":true,"href":"https:\/\/desenvolvimentosocial.rc.sp.gov.br\/index.php?rest_route=%2Fwp%2Fv2%2Fcomments&post=118"}],"version-history":[{"count":20,"href":"https:\/\/desenvolvimentosocial.rc.sp.gov.br\/index.php?rest_route=\/wp\/v2\/pages\/118\/revisions"}],"predecessor-version":[{"id":1695,"href":"https:\/\/desenvolvimentosocial.rc.sp.gov.br\/index.php?rest_route=\/wp\/v2\/pages\/118\/revisions\/1695"}],"wp:attachment":[{"href":"https:\/\/desenvolvimentosocial.rc.sp.gov.br\/index.php?rest_route=%2Fwp%2Fv2%2Fmedia&parent=118"}],"curies":[{"name":"wp","href":"https:\/\/api.w.org\/{rel}","templated":true}]}}