{"id":1559,"date":"2024-10-16T14:07:17","date_gmt":"2024-10-16T17:07:17","guid":{"rendered":"https:\/\/desenvolvimentosocial.rc.sp.gov.br\/?page_id=1559"},"modified":"2025-04-25T11:15:12","modified_gmt":"2025-04-25T14:15:12","slug":"servico-de-acolhimento-para-pessoas-idosas","status":"publish","type":"page","link":"https:\/\/desenvolvimentosocial.rc.sp.gov.br\/?page_id=1559","title":{"rendered":"Servi\u00e7o de Acolhimento para Pessoas Idosas"},"content":{"rendered":"\n<figure class=\"wp-block-image aligncenter is-resized\"><img loading=\"lazy\" decoding=\"async\" width=\"638\" height=\"223\" src=\"https:\/\/desenvolvimentosocial.rc.sp.gov.br\/wp-content\/uploads\/2024\/10\/idoso-1.jpg\" alt=\"\" class=\"wp-image-1561\" style=\"width:801px;height:280px\" srcset=\"https:\/\/desenvolvimentosocial.rc.sp.gov.br\/wp-content\/uploads\/2024\/10\/idoso-1.jpg 638w, https:\/\/desenvolvimentosocial.rc.sp.gov.br\/wp-content\/uploads\/2024\/10\/idoso-1-300x105.jpg 300w\" sizes=\"auto, (max-width: 638px) 100vw, 638px\" \/><figcaption class=\"wp-element-caption\"> <br><\/figcaption><\/figure>\n\n\n\n<p> <br><em>Este servi\u00e7o \u00e9 oferecido no munic\u00edpio por meio de parceria com a Organiza\u00e7\u00e3o da Sociedade Civil.<\/em>  Abrigo da Velhice S\u00e3o Vicente de Paulo \/ Lar Bethel<\/p>\n\n\n\n<h5 class=\"wp-block-heading has-text-align-center\"><strong>O que \u00e9<\/strong> ?<\/h5>\n\n\n\n<p>Destinado a pessoas idosas (60 anos ou mais) de ambos os sexos, independentes ou com algum grau de depend\u00eancia. O acolhimento dever\u00e1 ser adotado como uma medida excepcional, quando esgotadas todas as possibilidades de autossustento e conv\u00edvio com os familiares. \u00c9 previsto para as pessoas idosas que n\u00e3o t\u00eam de condi\u00e7\u00f5es para permanecer com a fam\u00edlia, pois passaram por situa\u00e7\u00f5es de viol\u00eancia e neglig\u00eancia, est\u00e3o em situa\u00e7\u00e3o de rua ou de abandono.<\/p>\n\n\n\n<p><strong>O Acolhimento Institucional para pessoas idosas \u00e9 ofertado na seguinte unidade:<\/strong><\/p>\n\n\n\n<p>Abrigo da Velhice S\u00e3o Vicente de Paulo<br>Unidade: Institui\u00e7\u00e3o de Longa Perman\u00eancia (ILPI)*<br>Endere\u00e7o: Rua Um 270, Rio Claro, SP, 13500-315<br>Telefone: (19) 3524-3188<br>E-mail: abrigosvpaulo@vivax.com.br <\/p>\n\n\n\n<p>Lar Bethel<br>Unidade: Institui\u00e7\u00e3o de Longa Perman\u00eancia (ILPI)*<br>Endere\u00e7o: Av. Vinte e Cinco 1432, Rio Claro, SP, 13501-110<br>Telefone: (19) 3524-3756<br>E-mail: (N\u00e3o possui)<\/p>\n\n\n\n<p>\u2022    Abrigo Institucional (Institui\u00e7\u00e3o de Longa Perman\u00eancia \u2013 ILPI): Atendimento em unidade institucional com caracter\u00edstica domiciliar que acolhe pessoas idosas com diferentes necessidades e graus de depend\u00eancia. Deve garantir a conviv\u00eancia com familiares e amigos de forma cont\u00ednua, bem como o acesso \u00e0s atividades culturais, educativas, l\u00fadicas e de lazer na comunidade<\/p>\n\n\n\n<h5 class=\"wp-block-heading has-text-align-center\"><strong>Como acessar este servi\u00e7o<\/strong><\/h5>\n\n\n\n<p>O acesso ao Acolhimento Institucional para Pessoas Idosas pode ser feito por requisi\u00e7\u00e3o de servi\u00e7os da Assist\u00eancia Social, do Centro de Refer\u00eancia Especializado de Assist\u00eancia Social (CREAS), do Minist\u00e9rio P\u00fablico ou do Poder Judici\u00e1rio. <\/p>\n\n\n\n<p>Para mais informa\u00e7\u00f5es, procure atendimento diretamente no Centro de Refer\u00eancia Especializado de Assist\u00eancia Social (CREAS):<\/p>\n\n\n\n<p><strong>Endere\u00e7o:<\/strong> R. 6, 640 &#8211; Centro, Rio Claro &#8211; SP, 13500-350<br><strong>Telefone:<\/strong> (19) 3523-6513<\/p>\n\n\n\n<p>*Abrigo Institucional (Institui\u00e7\u00e3o de Longa Perman\u00eancia \u2013 ILPI):<br>\nAtendimento em unidade institucional com caracter\u00edsticas domiciliares, que acolhe pessoas idosas com diversas necessidades e graus de depend\u00eancia. O servi\u00e7o deve garantir a conviv\u00eancia cont\u00ednua com familiares e amigos, bem como acesso a atividades culturais, educativas, l\u00fadicas e de lazer na comunidade.<\/p>\n","protected":false},"excerpt":{"rendered":"<p>Este servi\u00e7o \u00e9 oferecido no munic\u00edpio por meio de parceria com a Organiza\u00e7\u00e3o da Sociedade Civil. Abrigo da Velhice S\u00e3o [&hellip;]<\/p>\n","protected":false},"author":2,"featured_media":0,"parent":0,"menu_order":0,"comment_status":"closed","ping_status":"closed","template":"","meta":{"site-sidebar-layout":"default","site-content-layout":"","ast-site-content-layout":"default","site-content-style":"default","site-sidebar-style":"default","ast-global-header-display":"","ast-banner-title-visibility":"","ast-main-header-display":"","ast-hfb-above-header-display":"","ast-hfb-below-header-display":"","ast-hfb-mobile-header-display":"","site-post-title":"","ast-breadcrumbs-content":"","ast-featured-img":"","footer-sml-layout":"","theme-transparent-header-meta":"","adv-header-id-meta":"","stick-header-meta":"","header-above-stick-meta":"","header-main-stick-meta":"","header-below-stick-meta":"","astra-migrate-meta-layouts":"default","ast-page-background-enabled":"default","ast-page-background-meta":{"desktop":{"background-color":"var(--ast-global-color-5)","background-image":"","background-repeat":"repeat","background-position":"center center","background-size":"auto","background-attachment":"scroll","background-type":"","background-media":"","overlay-type":"","overlay-color":"","overlay-opacity":"","overlay-gradient":""},"tablet":{"background-color":"","background-image":"","background-repeat":"repeat","background-position":"center center","background-size":"auto","background-attachment":"scroll","background-type":"","background-media":"","overlay-type":"","overlay-color":"","overlay-opacity":"","overlay-gradient":""},"mobile":{"background-color":"","background-image":"","background-repeat":"repeat","background-position":"center center","background-size":"auto","background-attachment":"scroll","background-type":"","background-media":"","overlay-type":"","overlay-color":"","overlay-opacity":"","overlay-gradient":""}},"ast-content-background-meta":{"desktop":{"background-color":"var(--ast-global-color-4)","background-image":"","background-repeat":"repeat","background-position":"center center","background-size":"auto","background-attachment":"scroll","background-type":"","background-media":"","overlay-type":"","overlay-color":"","overlay-opacity":"","overlay-gradient":""},"tablet":{"background-color":"var(--ast-global-color-4)","background-image":"","background-repeat":"repeat","background-position":"center center","background-size":"auto","background-attachment":"scroll","background-type":"","background-media":"","overlay-type":"","overlay-color":"","overlay-opacity":"","overlay-gradient":""},"mobile":{"background-color":"var(--ast-global-color-4)","background-image":"","background-repeat":"repeat","background-position":"center center","background-size":"auto","background-attachment":"scroll","background-type":"","background-media":"","overlay-type":"","overlay-color":"","overlay-opacity":"","overlay-gradient":""}},"footnotes":""},"class_list":["post-1559","page","type-page","status-publish","hentry"],"_links":{"self":[{"href":"https:\/\/desenvolvimentosocial.rc.sp.gov.br\/index.php?rest_route=\/wp\/v2\/pages\/1559","targetHints":{"allow":["GET"]}}],"collection":[{"href":"https:\/\/desenvolvimentosocial.rc.sp.gov.br\/index.php?rest_route=\/wp\/v2\/pages"}],"about":[{"href":"https:\/\/desenvolvimentosocial.rc.sp.gov.br\/index.php?rest_route=\/wp\/v2\/types\/page"}],"author":[{"embeddable":true,"href":"https:\/\/desenvolvimentosocial.rc.sp.gov.br\/index.php?rest_route=\/wp\/v2\/users\/2"}],"replies":[{"embeddable":true,"href":"https:\/\/desenvolvimentosocial.rc.sp.gov.br\/index.php?rest_route=%2Fwp%2Fv2%2Fcomments&post=1559"}],"version-history":[{"count":11,"href":"https:\/\/desenvolvimentosocial.rc.sp.gov.br\/index.php?rest_route=\/wp\/v2\/pages\/1559\/revisions"}],"predecessor-version":[{"id":2698,"href":"https:\/\/desenvolvimentosocial.rc.sp.gov.br\/index.php?rest_route=\/wp\/v2\/pages\/1559\/revisions\/2698"}],"wp:attachment":[{"href":"https:\/\/desenvolvimentosocial.rc.sp.gov.br\/index.php?rest_route=%2Fwp%2Fv2%2Fmedia&parent=1559"}],"curies":[{"name":"wp","href":"https:\/\/api.w.org\/{rel}","templated":true}]}}