{"id":1570,"date":"2024-10-16T14:18:50","date_gmt":"2024-10-16T17:18:50","guid":{"rendered":"https:\/\/desenvolvimentosocial.rc.sp.gov.br\/?page_id=1570"},"modified":"2024-10-24T12:38:14","modified_gmt":"2024-10-24T14:38:14","slug":"servico-de-acolhimento-para-mulheres-vitimas-de-violencia","status":"publish","type":"page","link":"https:\/\/desenvolvimentosocial.rc.sp.gov.br\/?page_id=1570","title":{"rendered":"Servi\u00e7o de Acolhimento para Mulheres V\u00edtimas de Viol\u00eancia"},"content":{"rendered":"\n<div class=\"wp-block-image\"><figure class=\"aligncenter is-resized\"><img loading=\"lazy\" decoding=\"async\" src=\"https:\/\/desenvolvimentosocial.rc.sp.gov.br\/wp-content\/uploads\/2024\/10\/sala-acolhimento-mulheres-vitimas-violencia-1024x683.jpg\" alt=\"\" class=\"wp-image-1571\" width=\"819\" height=\"546\" srcset=\"https:\/\/desenvolvimentosocial.rc.sp.gov.br\/wp-content\/uploads\/2024\/10\/sala-acolhimento-mulheres-vitimas-violencia-1024x683.jpg 1024w, https:\/\/desenvolvimentosocial.rc.sp.gov.br\/wp-content\/uploads\/2024\/10\/sala-acolhimento-mulheres-vitimas-violencia-300x200.jpg 300w, https:\/\/desenvolvimentosocial.rc.sp.gov.br\/wp-content\/uploads\/2024\/10\/sala-acolhimento-mulheres-vitimas-violencia-768x512.jpg 768w, https:\/\/desenvolvimentosocial.rc.sp.gov.br\/wp-content\/uploads\/2024\/10\/sala-acolhimento-mulheres-vitimas-violencia.jpg 1380w\" sizes=\"auto, (max-width: 819px) 100vw, 819px\" \/><figcaption>La\u00e7o roxo simbolizando a rede de apoio e acolhimento a mulher que tenha sofrido viol\u00eancia domestica.<\/figcaption><\/figure><\/div>\n\n\n\n<p>Este servi\u00e7o \u00e9 executado no Munic\u00edpio atrav\u00e9s de Parceria com a Organiza\u00e7\u00e3o da Sociedade Civil \u2013 <strong><a href=\"https:\/\/desenvolvimentosocial.rc.sp.gov.br\/?page_id=307\">Lar Espirita Espiridi\u00e3o Prado \u2013 LEEP<\/a> <\/strong> <\/p>\n\n\n\n<h5 class=\"wp-block-heading\" style=\"text-align:center\"><strong>Oque \u00e9<\/strong><\/h5>\n\n\n\n<p>\u00c9 o servi\u00e7o que oferece acolhimento provis\u00f3rio para mulheres adultas, que tenham sofrido viol\u00eancia dom\u00e9stica, sofrimento f\u00edsico, sexual, psicol\u00f3gico ou moral, que precisam se afastar de casa por sofrerem amea\u00e7as e correrem risco de morte. Elas podem ser acolhidas juntamente com seus filhos.<\/p>\n\n\n\n<p> Esse servi\u00e7o tem como objetivo a prote\u00e7\u00e3o f\u00edsica e emocional da mulher e seus dependentes, a articula\u00e7\u00e3o com a rede de servi\u00e7os da assist\u00eancia social e do Sistema de Justi\u00e7a, a supera\u00e7\u00e3o da situa\u00e7\u00e3o de viol\u00eancia vivida por meio do resgate da autonomia dessas mulheres e a inclus\u00e3o produtiva no mercado de trabalho.<br><br>A unidade que oferece esse servi\u00e7o deve ter caracter\u00edstica de domic\u00edlio e sua localiza\u00e7\u00e3o deve ser sigilosa. A resid\u00eancia dever\u00e1, ainda, respeitar as normas de acessibilidade, para que pessoas com defici\u00eancia possam acessar o servi\u00e7o. Recomenda-se que o abrigo seja gerido pelas pr\u00f3prias mulheres abrigadas, como estrat\u00e9gia para promover sua autonomia.<br><br><\/p>\n\n\n\n<h5 class=\"wp-block-heading\" style=\"text-align:center\"><strong>Como acessar este servi\u00e7o<\/strong> <\/h5>\n\n\n\n<p>O acesso ao Acolhimento Institucional para Mulheres em Situa\u00e7\u00e3o de Viol\u00eancia pode ser feito por requisi\u00e7\u00e3o de servi\u00e7os da Assist\u00eancia Social, do Centro de Refer\u00eancia Especializado de Assist\u00eancia Social (CREAS), do Minist\u00e9rio P\u00fablico ou do Poder Judici\u00e1rio.  <\/p>\n\n\n\n<p> Procurar atendimento diretamente no Centro de Refer\u00eancia Especializado de Assist\u00eancia Social (CREAS) Rua 6, 640 &#8211; Centro, Rio Claro &#8211; SP, 13500-350: Telefone: (19) 3523-6513<\/p>\n","protected":false},"excerpt":{"rendered":"<p>Este servi\u00e7o \u00e9 executado no Munic\u00edpio atrav\u00e9s de Parceria com a Organiza\u00e7\u00e3o da Sociedade Civil \u2013 Lar Espirita Espiridi\u00e3o Prado [&hellip;]<\/p>\n","protected":false},"author":2,"featured_media":0,"parent":0,"menu_order":0,"comment_status":"closed","ping_status":"closed","template":"","meta":{"site-sidebar-layout":"default","site-content-layout":"","ast-site-content-layout":"default","site-content-style":"default","site-sidebar-style":"default","ast-global-header-display":"","ast-banner-title-visibility":"","ast-main-header-display":"","ast-hfb-above-header-display":"","ast-hfb-below-header-display":"","ast-hfb-mobile-header-display":"","site-post-title":"","ast-breadcrumbs-content":"","ast-featured-img":"","footer-sml-layout":"","theme-transparent-header-meta":"","adv-header-id-meta":"","stick-header-meta":"","header-above-stick-meta":"","header-main-stick-meta":"","header-below-stick-meta":"","astra-migrate-meta-layouts":"default","ast-page-background-enabled":"default","ast-page-background-meta":{"desktop":{"background-color":"var(--ast-global-color-5)","background-image":"","background-repeat":"repeat","background-position":"center center","background-size":"auto","background-attachment":"scroll","background-type":"","background-media":"","overlay-type":"","overlay-color":"","overlay-opacity":"","overlay-gradient":""},"tablet":{"background-color":"","background-image":"","background-repeat":"repeat","background-position":"center center","background-size":"auto","background-attachment":"scroll","background-type":"","background-media":"","overlay-type":"","overlay-color":"","overlay-opacity":"","overlay-gradient":""},"mobile":{"background-color":"","background-image":"","background-repeat":"repeat","background-position":"center center","background-size":"auto","background-attachment":"scroll","background-type":"","background-media":"","overlay-type":"","overlay-color":"","overlay-opacity":"","overlay-gradient":""}},"ast-content-background-meta":{"desktop":{"background-color":"var(--ast-global-color-4)","background-image":"","background-repeat":"repeat","background-position":"center center","background-size":"auto","background-attachment":"scroll","background-type":"","background-media":"","overlay-type":"","overlay-color":"","overlay-opacity":"","overlay-gradient":""},"tablet":{"background-color":"var(--ast-global-color-4)","background-image":"","background-repeat":"repeat","background-position":"center center","background-size":"auto","background-attachment":"scroll","background-type":"","background-media":"","overlay-type":"","overlay-color":"","overlay-opacity":"","overlay-gradient":""},"mobile":{"background-color":"var(--ast-global-color-4)","background-image":"","background-repeat":"repeat","background-position":"center center","background-size":"auto","background-attachment":"scroll","background-type":"","background-media":"","overlay-type":"","overlay-color":"","overlay-opacity":"","overlay-gradient":""}},"footnotes":""},"class_list":["post-1570","page","type-page","status-publish","hentry"],"_links":{"self":[{"href":"https:\/\/desenvolvimentosocial.rc.sp.gov.br\/index.php?rest_route=\/wp\/v2\/pages\/1570","targetHints":{"allow":["GET"]}}],"collection":[{"href":"https:\/\/desenvolvimentosocial.rc.sp.gov.br\/index.php?rest_route=\/wp\/v2\/pages"}],"about":[{"href":"https:\/\/desenvolvimentosocial.rc.sp.gov.br\/index.php?rest_route=\/wp\/v2\/types\/page"}],"author":[{"embeddable":true,"href":"https:\/\/desenvolvimentosocial.rc.sp.gov.br\/index.php?rest_route=\/wp\/v2\/users\/2"}],"replies":[{"embeddable":true,"href":"https:\/\/desenvolvimentosocial.rc.sp.gov.br\/index.php?rest_route=%2Fwp%2Fv2%2Fcomments&post=1570"}],"version-history":[{"count":6,"href":"https:\/\/desenvolvimentosocial.rc.sp.gov.br\/index.php?rest_route=\/wp\/v2\/pages\/1570\/revisions"}],"predecessor-version":[{"id":1744,"href":"https:\/\/desenvolvimentosocial.rc.sp.gov.br\/index.php?rest_route=\/wp\/v2\/pages\/1570\/revisions\/1744"}],"wp:attachment":[{"href":"https:\/\/desenvolvimentosocial.rc.sp.gov.br\/index.php?rest_route=%2Fwp%2Fv2%2Fmedia&parent=1570"}],"curies":[{"name":"wp","href":"https:\/\/api.w.org\/{rel}","templated":true}]}}