{"id":1641,"date":"2024-10-16T19:59:10","date_gmt":"2024-10-16T22:59:10","guid":{"rendered":"https:\/\/desenvolvimentosocial.rc.sp.gov.br\/?page_id=1641"},"modified":"2024-10-21T15:33:25","modified_gmt":"2024-10-21T17:33:25","slug":"servico-de-convivencia-e-fortalecimento-de-vinculos-familiares-e-comunitarios-scvf","status":"publish","type":"page","link":"https:\/\/desenvolvimentosocial.rc.sp.gov.br\/?page_id=1641","title":{"rendered":"Servi\u00e7o de Conviv\u00eancia e Fortalecimento de V\u00ednculos Familiares e Comunit\u00e1rios SCVF"},"content":{"rendered":"\n<div class=\"wp-block-image\"><figure class=\"aligncenter\"><img loading=\"lazy\" decoding=\"async\" width=\"709\" height=\"379\" src=\"https:\/\/desenvolvimentosocial.rc.sp.gov.br\/wp-content\/uploads\/2024\/10\/scfv.jpg\" alt=\"\" class=\"wp-image-1642\" srcset=\"https:\/\/desenvolvimentosocial.rc.sp.gov.br\/wp-content\/uploads\/2024\/10\/scfv.jpg 709w, https:\/\/desenvolvimentosocial.rc.sp.gov.br\/wp-content\/uploads\/2024\/10\/scfv-300x160.jpg 300w\" sizes=\"auto, (max-width: 709px) 100vw, 709px\" \/><\/figure><\/div>\n\n\n\n<p>O <strong>Servi\u00e7o de Conviv\u00eancia e Fortalecimento de V\u00ednculos<\/strong> \u00e9 realizado em grupos, visando garantir aquisi\u00e7\u00f5es progressivas para os participantes, de acordo com seu ciclo de vida. Este servi\u00e7o complementa o trabalho social com fam\u00edlias e previne situa\u00e7\u00f5es de risco social, oferecendo uma interven\u00e7\u00e3o planejada que cria desafios, estimula e orienta os usu\u00e1rios na constru\u00e7\u00e3o e reconstru\u00e7\u00e3o de suas hist\u00f3rias e experi\u00eancias individuais e coletivas, tanto no \u00e2mbito familiar quanto no comunit\u00e1rio.<\/p>\n\n\n\n<p>O programa organiza atividades que promovem a troca cultural e de viv\u00eancias, desenvolvendo o sentimento de pertencimento e identidade. Al\u00e9m disso, fortalece os v\u00ednculos familiares e incentiva a socializa\u00e7\u00e3o e conviv\u00eancia na comunidade. Com um car\u00e1ter preventivo e proativo, o servi\u00e7o \u00e9 fundamentado na defesa dos direitos e no desenvolvimento das capacidades e potencialidades dos usu\u00e1rios, buscando alternativas emancipadoras para enfrentar a vulnerabilidade social.<\/p>\n\n\n\n<h3 class=\"wp-block-heading\">Faixas Et\u00e1rias do Servi\u00e7o<\/h3>\n\n\n\n<p>O Servi\u00e7o de Conviv\u00eancia \u00e9 oferecido em diferentes faixas et\u00e1rias no munic\u00edpio, abrangendo:<\/p>\n\n\n\n<ul class=\"wp-block-list\"><li><strong>Crian\u00e7as e Adolescentes de 6 a 15 anos<\/strong><\/li><li><strong>Adolescentes de 15 a 17 anos<\/strong><\/li><li><strong>Adultos de 30 a 59 anos<\/strong><\/li><li><strong>Pessoas Idosas a partir de 60 anos<\/strong><\/li><\/ul>\n\n\n\n<h3 class=\"wp-block-heading\">P\u00fablico Priorit\u00e1rio<\/h3>\n\n\n\n<p>O servi\u00e7o \u00e9 direcionado a grupos em situa\u00e7\u00f5es espec\u00edficas de vulnerabilidade, incluindo:<\/p>\n\n\n\n<ul class=\"wp-block-list\"><li>Pessoas em situa\u00e7\u00e3o de isolamento social<\/li><li>Indiv\u00edduos que vivenciam viol\u00eancia e\/ou neglig\u00eancia<\/li><li>Crian\u00e7as em situa\u00e7\u00e3o de trabalho infantil<\/li><li>V\u00edtimas de abuso e\/ou explora\u00e7\u00e3o sexual<\/li><li>Pessoas em acolhimento<\/li><li>Indiv\u00edduos sob medidas de prote\u00e7\u00e3o do Estatuto da Crian\u00e7a e do Adolescente (ECA)<\/li><li>Pessoas em situa\u00e7\u00e3o de rua<\/li><li>Indiv\u00edduos com defici\u00eancia que enfrentam vulnerabilidades<\/li><\/ul>\n\n\n\n<p>Este servi\u00e7o busca promover a inclus\u00e3o e a dignidade, oferecendo apoio e recursos para que os usu\u00e1rios possam superar desafios e construir um futuro melhor.<\/p>\n","protected":false},"excerpt":{"rendered":"<p>O Servi\u00e7o de Conviv\u00eancia e Fortalecimento de V\u00ednculos \u00e9 realizado em grupos, visando garantir aquisi\u00e7\u00f5es progressivas para os participantes, de [&hellip;]<\/p>\n","protected":false},"author":2,"featured_media":0,"parent":0,"menu_order":0,"comment_status":"closed","ping_status":"closed","template":"","meta":{"site-sidebar-layout":"default","site-content-layout":"","ast-site-content-layout":"default","site-content-style":"default","site-sidebar-style":"default","ast-global-header-display":"","ast-banner-title-visibility":"","ast-main-header-display":"","ast-hfb-above-header-display":"","ast-hfb-below-header-display":"","ast-hfb-mobile-header-display":"","site-post-title":"","ast-breadcrumbs-content":"","ast-featured-img":"","footer-sml-layout":"","theme-transparent-header-meta":"","adv-header-id-meta":"","stick-header-meta":"","header-above-stick-meta":"","header-main-stick-meta":"","header-below-stick-meta":"","astra-migrate-meta-layouts":"default","ast-page-background-enabled":"default","ast-page-background-meta":{"desktop":{"background-color":"var(--ast-global-color-5)","background-image":"","background-repeat":"repeat","background-position":"center center","background-size":"auto","background-attachment":"scroll","background-type":"","background-media":"","overlay-type":"","overlay-color":"","overlay-opacity":"","overlay-gradient":""},"tablet":{"background-color":"","background-image":"","background-repeat":"repeat","background-position":"center center","background-size":"auto","background-attachment":"scroll","background-type":"","background-media":"","overlay-type":"","overlay-color":"","overlay-opacity":"","overlay-gradient":""},"mobile":{"background-color":"","background-image":"","background-repeat":"repeat","background-position":"center center","background-size":"auto","background-attachment":"scroll","background-type":"","background-media":"","overlay-type":"","overlay-color":"","overlay-opacity":"","overlay-gradient":""}},"ast-content-background-meta":{"desktop":{"background-color":"var(--ast-global-color-4)","background-image":"","background-repeat":"repeat","background-position":"center center","background-size":"auto","background-attachment":"scroll","background-type":"","background-media":"","overlay-type":"","overlay-color":"","overlay-opacity":"","overlay-gradient":""},"tablet":{"background-color":"var(--ast-global-color-4)","background-image":"","background-repeat":"repeat","background-position":"center center","background-size":"auto","background-attachment":"scroll","background-type":"","background-media":"","overlay-type":"","overlay-color":"","overlay-opacity":"","overlay-gradient":""},"mobile":{"background-color":"var(--ast-global-color-4)","background-image":"","background-repeat":"repeat","background-position":"center center","background-size":"auto","background-attachment":"scroll","background-type":"","background-media":"","overlay-type":"","overlay-color":"","overlay-opacity":"","overlay-gradient":""}},"footnotes":""},"class_list":["post-1641","page","type-page","status-publish","hentry"],"_links":{"self":[{"href":"https:\/\/desenvolvimentosocial.rc.sp.gov.br\/index.php?rest_route=\/wp\/v2\/pages\/1641","targetHints":{"allow":["GET"]}}],"collection":[{"href":"https:\/\/desenvolvimentosocial.rc.sp.gov.br\/index.php?rest_route=\/wp\/v2\/pages"}],"about":[{"href":"https:\/\/desenvolvimentosocial.rc.sp.gov.br\/index.php?rest_route=\/wp\/v2\/types\/page"}],"author":[{"embeddable":true,"href":"https:\/\/desenvolvimentosocial.rc.sp.gov.br\/index.php?rest_route=\/wp\/v2\/users\/2"}],"replies":[{"embeddable":true,"href":"https:\/\/desenvolvimentosocial.rc.sp.gov.br\/index.php?rest_route=%2Fwp%2Fv2%2Fcomments&post=1641"}],"version-history":[{"count":1,"href":"https:\/\/desenvolvimentosocial.rc.sp.gov.br\/index.php?rest_route=\/wp\/v2\/pages\/1641\/revisions"}],"predecessor-version":[{"id":1643,"href":"https:\/\/desenvolvimentosocial.rc.sp.gov.br\/index.php?rest_route=\/wp\/v2\/pages\/1641\/revisions\/1643"}],"wp:attachment":[{"href":"https:\/\/desenvolvimentosocial.rc.sp.gov.br\/index.php?rest_route=%2Fwp%2Fv2%2Fmedia&parent=1641"}],"curies":[{"name":"wp","href":"https:\/\/api.w.org\/{rel}","templated":true}]}}