{"id":1713,"date":"2024-10-24T11:21:23","date_gmt":"2024-10-24T13:21:23","guid":{"rendered":"https:\/\/desenvolvimentosocial.rc.sp.gov.br\/?page_id=1713"},"modified":"2024-11-28T17:11:11","modified_gmt":"2024-11-28T19:11:11","slug":"servico-de-protecao-social-especial-no-domicilio","status":"publish","type":"page","link":"https:\/\/desenvolvimentosocial.rc.sp.gov.br\/?page_id=1713","title":{"rendered":"Servi\u00e7o de Prote\u00e7\u00e3o Social Especial no Domicilio"},"content":{"rendered":"\n<figure class=\"wp-block-image aligncenter\"><img loading=\"lazy\" decoding=\"async\" width=\"865\" height=\"423\" src=\"https:\/\/desenvolvimentosocial.rc.sp.gov.br\/wp-content\/uploads\/2024\/10\/protecao-social.png\" alt=\"\" class=\"wp-image-1714\" srcset=\"https:\/\/desenvolvimentosocial.rc.sp.gov.br\/wp-content\/uploads\/2024\/10\/protecao-social.png 865w, https:\/\/desenvolvimentosocial.rc.sp.gov.br\/wp-content\/uploads\/2024\/10\/protecao-social-300x147.png 300w, https:\/\/desenvolvimentosocial.rc.sp.gov.br\/wp-content\/uploads\/2024\/10\/protecao-social-768x376.png 768w\" sizes=\"auto, (max-width: 865px) 100vw, 865px\" \/><figcaption class=\"wp-element-caption\"><br><\/figcaption><\/figure>\n\n\n\n<p><em>Este servi\u00e7o \u00e9 executado no Munic\u00edpio atrav\u00e9s de Parceria com a Organiza\u00e7\u00e3o da Sociedade Civil \u2013 APAE \u2013 Associa\u00e7\u00e3o de Pais e Amigos dos Excepcionais <\/em><\/p>\n\n\n\n<h5 class=\"wp-block-heading has-text-align-center\"><strong>O que \u00e9?<\/strong><\/h5>\n\n\n\n<p>\u00c9 um servi\u00e7o para pessoas com defici\u00eancia ou idosas com algum grau de depend\u00eancia e suas fam\u00edlias, que tiveram suas limita\u00e7\u00f5es agravadas por viola\u00e7\u00f5es de direitos, como isolamento, confinamento, atitudes discriminat\u00f3rias e preconceituosas, falta de cuidados adequados por parte do cuidador, entre outras situa\u00e7\u00f5es que aumentam a depend\u00eancia e comprometem o desenvolvimento da autonomia.<br> Esse servi\u00e7o promove atividades que garantem a autonomia, a inclus\u00e3o social e a melhoria da qualidade de vida das pessoas que usam o servi\u00e7o. Nesse sentido, visa diminuir a exclus\u00e3o social tanto do dependente quanto do cuidador, da sobrecarga decorrente da situa\u00e7\u00e3o de depend\u00eancia\/presta\u00e7\u00e3o de cuidados prolongados, bem como a supera\u00e7\u00e3o das viola\u00e7\u00f5es de direitos que fragilizam o indiv\u00edduo e intensificam o grau de depend\u00eancia da pessoa com defici\u00eancia ou idosa.<br> Unidade de oferta<br> O servi\u00e7o \u00e9 ofertado em unidade referenciada ao CREAS no domic\u00edlio do usu\u00e1rio.<\/p>\n\n\n\n<p class=\"has-text-align-center\"><strong>P\u00fablico atendido<\/strong><\/p>\n\n\n\n<p>Pessoas com defici\u00eancia e\/ou idosas com depend\u00eancia, ou seja, que necessitam de cuidados de outras pessoas para realizar atividades b\u00e1sicas di\u00e1rias, que tiveram seus direitos violados. Tamb\u00e9m s\u00e3o atendidos cuidadores e familiares.<\/p>\n\n\n\n<p class=\"has-text-align-center\"><strong>Objetivos<\/strong><\/p>\n\n\n\n<p>\u2022    Promover a autonomia e a melhoria da qualidade de vida de pessoas com defici\u00eancia e idosas com depend\u00eancia, seus cuidadores e suas fam\u00edlias;<br> \u2022    Desenvolver a\u00e7\u00f5es especializadas para a supera\u00e7\u00e3o das situa\u00e7\u00f5es violadoras de direitos que contribuem para a intensifica\u00e7\u00e3o da depend\u00eancia;<br> \u2022    Promover acesso a benef\u00edcios, programas de transfer\u00eancia de renda e outros servi\u00e7os da assist\u00eancia social, das demais pol\u00edticas p\u00fablicas setoriais e do Sistema de Garantia de Direitos;<br> \u2022    Acompanhar o deslocamento, viabilizar o desenvolvimento do usu\u00e1rio e o acesso a servi\u00e7os b\u00e1sicos, como bancos, mercados, farm\u00e1cias, entre outros.<\/p>\n\n\n\n<p class=\"has-text-align-center\"><strong>A\u00e7\u00f5es\/atividades<\/strong><\/p>\n\n\n\n<p>Para alcan\u00e7ar os objetivos, o servi\u00e7o de Prote\u00e7\u00e3o Especial para Pessoas com Defici\u00eancia e Idosas desenvolve trabalho social realizado por equipe composta por profissionais de diversas \u00e1reas, como assistentes sociais, psic\u00f3logos e terapeutas ocupacionais. <br> S\u00e3o desenvolvidas atividades para promover a defesa de direitos; de conv\u00edvio e organiza\u00e7\u00e3o da vida cotidiana; orienta\u00e7\u00e3o e encaminhamento para a rede de servi\u00e7os; cuidados pessoais; acesso \u00e0 documenta\u00e7\u00e3o pessoal; desenvolvimento do conv\u00edvio familiar e social, entre outras. O servi\u00e7o desenvolve com a fam\u00edlia o PDU (Plano de Desenvolvimento do Usu\u00e1rio) <\/p>\n\n\n\n<p class=\"has-text-align-center\"><strong>Formas de acesso<\/strong><\/p>\n\n\n\n<p>Procurar atendimento diretamente no Centro de Refer\u00eancia Especializado de Assist\u00eancia Social (CREAS) Rua 6 n\u00ba  Entre Av 09 e 11 \u2013 Centro Telefone:3523-6420                                                           3523-6439 E-mail:<a href=\"mailto:creas@assistenciasocial.rc.sp.gov.br\"><strong>creas@rioclaro.sp.gov.br<\/strong><\/a><\/p>\n","protected":false},"excerpt":{"rendered":"<p>Este servi\u00e7o \u00e9 executado no Munic\u00edpio atrav\u00e9s de Parceria com a Organiza\u00e7\u00e3o da Sociedade Civil \u2013 APAE \u2013 Associa\u00e7\u00e3o de [&hellip;]<\/p>\n","protected":false},"author":2,"featured_media":0,"parent":0,"menu_order":0,"comment_status":"closed","ping_status":"closed","template":"","meta":{"site-sidebar-layout":"default","site-content-layout":"","ast-site-content-layout":"default","site-content-style":"default","site-sidebar-style":"default","ast-global-header-display":"","ast-banner-title-visibility":"","ast-main-header-display":"","ast-hfb-above-header-display":"","ast-hfb-below-header-display":"","ast-hfb-mobile-header-display":"","site-post-title":"","ast-breadcrumbs-content":"","ast-featured-img":"","footer-sml-layout":"","theme-transparent-header-meta":"","adv-header-id-meta":"","stick-header-meta":"","header-above-stick-meta":"","header-main-stick-meta":"","header-below-stick-meta":"","astra-migrate-meta-layouts":"default","ast-page-background-enabled":"default","ast-page-background-meta":{"desktop":{"background-color":"var(--ast-global-color-5)","background-image":"","background-repeat":"repeat","background-position":"center center","background-size":"auto","background-attachment":"scroll","background-type":"","background-media":"","overlay-type":"","overlay-color":"","overlay-opacity":"","overlay-gradient":""},"tablet":{"background-color":"","background-image":"","background-repeat":"repeat","background-position":"center center","background-size":"auto","background-attachment":"scroll","background-type":"","background-media":"","overlay-type":"","overlay-color":"","overlay-opacity":"","overlay-gradient":""},"mobile":{"background-color":"","background-image":"","background-repeat":"repeat","background-position":"center center","background-size":"auto","background-attachment":"scroll","background-type":"","background-media":"","overlay-type":"","overlay-color":"","overlay-opacity":"","overlay-gradient":""}},"ast-content-background-meta":{"desktop":{"background-color":"var(--ast-global-color-4)","background-image":"","background-repeat":"repeat","background-position":"center center","background-size":"auto","background-attachment":"scroll","background-type":"","background-media":"","overlay-type":"","overlay-color":"","overlay-opacity":"","overlay-gradient":""},"tablet":{"background-color":"var(--ast-global-color-4)","background-image":"","background-repeat":"repeat","background-position":"center center","background-size":"auto","background-attachment":"scroll","background-type":"","background-media":"","overlay-type":"","overlay-color":"","overlay-opacity":"","overlay-gradient":""},"mobile":{"background-color":"var(--ast-global-color-4)","background-image":"","background-repeat":"repeat","background-position":"center center","background-size":"auto","background-attachment":"scroll","background-type":"","background-media":"","overlay-type":"","overlay-color":"","overlay-opacity":"","overlay-gradient":""}},"footnotes":""},"class_list":["post-1713","page","type-page","status-publish","hentry"],"_links":{"self":[{"href":"https:\/\/desenvolvimentosocial.rc.sp.gov.br\/index.php?rest_route=\/wp\/v2\/pages\/1713","targetHints":{"allow":["GET"]}}],"collection":[{"href":"https:\/\/desenvolvimentosocial.rc.sp.gov.br\/index.php?rest_route=\/wp\/v2\/pages"}],"about":[{"href":"https:\/\/desenvolvimentosocial.rc.sp.gov.br\/index.php?rest_route=\/wp\/v2\/types\/page"}],"author":[{"embeddable":true,"href":"https:\/\/desenvolvimentosocial.rc.sp.gov.br\/index.php?rest_route=\/wp\/v2\/users\/2"}],"replies":[{"embeddable":true,"href":"https:\/\/desenvolvimentosocial.rc.sp.gov.br\/index.php?rest_route=%2Fwp%2Fv2%2Fcomments&post=1713"}],"version-history":[{"count":2,"href":"https:\/\/desenvolvimentosocial.rc.sp.gov.br\/index.php?rest_route=\/wp\/v2\/pages\/1713\/revisions"}],"predecessor-version":[{"id":1833,"href":"https:\/\/desenvolvimentosocial.rc.sp.gov.br\/index.php?rest_route=\/wp\/v2\/pages\/1713\/revisions\/1833"}],"wp:attachment":[{"href":"https:\/\/desenvolvimentosocial.rc.sp.gov.br\/index.php?rest_route=%2Fwp%2Fv2%2Fmedia&parent=1713"}],"curies":[{"name":"wp","href":"https:\/\/api.w.org\/{rel}","templated":true}]}}