{"id":1723,"date":"2024-10-24T11:42:57","date_gmt":"2024-10-24T13:42:57","guid":{"rendered":"https:\/\/desenvolvimentosocial.rc.sp.gov.br\/?page_id=1723"},"modified":"2024-11-28T17:11:30","modified_gmt":"2024-11-28T19:11:30","slug":"centro-dia-de-referencia-da-pessoa-com-deficiencia","status":"publish","type":"page","link":"https:\/\/desenvolvimentosocial.rc.sp.gov.br\/?page_id=1723","title":{"rendered":"Centro Dia de Refer\u00eancia da Pessoa com Defici\u00eancia"},"content":{"rendered":"\n<figure class=\"wp-block-image aligncenter\"><img loading=\"lazy\" decoding=\"async\" width=\"521\" height=\"406\" src=\"https:\/\/desenvolvimentosocial.rc.sp.gov.br\/wp-content\/uploads\/2024\/10\/centros-dia.png\" alt=\"\" class=\"wp-image-1724\" srcset=\"https:\/\/desenvolvimentosocial.rc.sp.gov.br\/wp-content\/uploads\/2024\/10\/centros-dia.png 521w, https:\/\/desenvolvimentosocial.rc.sp.gov.br\/wp-content\/uploads\/2024\/10\/centros-dia-300x234.png 300w\" sizes=\"auto, (max-width: 521px) 100vw, 521px\" \/><\/figure>\n\n\n\n<p><em>Este servi\u00e7o \u00e9 executado no Munic\u00edpio atrav\u00e9s de Parceria com a Organiza\u00e7\u00e3o da Sociedade Civil \u2013 Associa\u00e7\u00e3o de Pais e Amigos do Centro de Habilita\u00e7\u00e3o Infantil Princesa Vit\u00f3ria \u2013 APACHI.<\/em><\/p>\n\n\n\n<p><strong>APACHI &#8211; Unidade Centro Dia de Refer\u00eancia da Pessoa com Defici\u00eancia<\/strong><\/p>\n\n\n\n<p>Endere\u00e7o: Av. 58   n\u00ba 402 Jd. Am\u00e9rica Telefone: 3596-4116 \/ 3527-1461 \/ 3557-1677  E-mail: apachipv2013@gmail.com   \/ centrodiareferenciarc@gmail.com<\/p>\n\n\n\n<h5 class=\"wp-block-heading has-text-align-center\"><strong>O que \u00e9?<\/strong><\/h5>\n\n\n\n<p>O Centro Dia \u00e9 uma unidade p\u00fablica destinada ao atendimento especializado a pessoas com defici\u00eancia que tenham algum grau de depend\u00eancia de cuidados.<br>Busca-se evitar o isolamento social, o abandono e a necessidade de acolhimento. <br>A equipe do Centro-Dia compartilha, com os cuidadores das fam\u00edlias, os cuidados necess\u00e1rios ao atendimento de pessoas com defici\u00eancia. Com o apoio encontrado no Centro Dia, torna-se mais f\u00e1cil a inclus\u00e3o e a participa\u00e7\u00e3o social.<\/p>\n\n\n\n<h5 class=\"wp-block-heading has-text-align-center\"><strong>Quem pode utilizar este Servi\u00e7o<\/strong><\/h5>\n\n\n\n<p>Pessoas idosas que dependem de cuidados para a realiza\u00e7\u00e3o de suas atividades di\u00e1rias, que tiveram suas limita\u00e7\u00f5es agravadas por viola\u00e7\u00f5es de direitos, tais como: isolamento social, confinamento, falta de cuidados adequados, alto grau de estresse do cuidador familiar. <br> Como acessar este Servi\u00e7o<br> Procurar atendimento diretamente no Centro de Refer\u00eancia Especializado de Assist\u00eancia Social (CREAS) Endere\u00e7o: Rua 6   n\u00ba\u00a0 Entre Av 09 e 11 \u2013 Centro Telefone: 3523-6420 \/ 3523-6439 E-mail: <a href=\"mailto:creas@assistenciasocial.rc.sp.gov.br\"><strong>creas@rioclaro.sp.gov.br<\/strong><\/a><\/p>\n","protected":false},"excerpt":{"rendered":"<p>Este servi\u00e7o \u00e9 executado no Munic\u00edpio atrav\u00e9s de Parceria com a Organiza\u00e7\u00e3o da Sociedade Civil \u2013 Associa\u00e7\u00e3o de Pais e [&hellip;]<\/p>\n","protected":false},"author":2,"featured_media":0,"parent":0,"menu_order":0,"comment_status":"closed","ping_status":"closed","template":"","meta":{"site-sidebar-layout":"default","site-content-layout":"","ast-site-content-layout":"default","site-content-style":"default","site-sidebar-style":"default","ast-global-header-display":"","ast-banner-title-visibility":"","ast-main-header-display":"","ast-hfb-above-header-display":"","ast-hfb-below-header-display":"","ast-hfb-mobile-header-display":"","site-post-title":"","ast-breadcrumbs-content":"","ast-featured-img":"","footer-sml-layout":"","theme-transparent-header-meta":"","adv-header-id-meta":"","stick-header-meta":"","header-above-stick-meta":"","header-main-stick-meta":"","header-below-stick-meta":"","astra-migrate-meta-layouts":"default","ast-page-background-enabled":"default","ast-page-background-meta":{"desktop":{"background-color":"var(--ast-global-color-5)","background-image":"","background-repeat":"repeat","background-position":"center center","background-size":"auto","background-attachment":"scroll","background-type":"","background-media":"","overlay-type":"","overlay-color":"","overlay-opacity":"","overlay-gradient":""},"tablet":{"background-color":"","background-image":"","background-repeat":"repeat","background-position":"center center","background-size":"auto","background-attachment":"scroll","background-type":"","background-media":"","overlay-type":"","overlay-color":"","overlay-opacity":"","overlay-gradient":""},"mobile":{"background-color":"","background-image":"","background-repeat":"repeat","background-position":"center center","background-size":"auto","background-attachment":"scroll","background-type":"","background-media":"","overlay-type":"","overlay-color":"","overlay-opacity":"","overlay-gradient":""}},"ast-content-background-meta":{"desktop":{"background-color":"var(--ast-global-color-4)","background-image":"","background-repeat":"repeat","background-position":"center center","background-size":"auto","background-attachment":"scroll","background-type":"","background-media":"","overlay-type":"","overlay-color":"","overlay-opacity":"","overlay-gradient":""},"tablet":{"background-color":"var(--ast-global-color-4)","background-image":"","background-repeat":"repeat","background-position":"center center","background-size":"auto","background-attachment":"scroll","background-type":"","background-media":"","overlay-type":"","overlay-color":"","overlay-opacity":"","overlay-gradient":""},"mobile":{"background-color":"var(--ast-global-color-4)","background-image":"","background-repeat":"repeat","background-position":"center center","background-size":"auto","background-attachment":"scroll","background-type":"","background-media":"","overlay-type":"","overlay-color":"","overlay-opacity":"","overlay-gradient":""}},"footnotes":""},"class_list":["post-1723","page","type-page","status-publish","hentry"],"_links":{"self":[{"href":"https:\/\/desenvolvimentosocial.rc.sp.gov.br\/index.php?rest_route=\/wp\/v2\/pages\/1723","targetHints":{"allow":["GET"]}}],"collection":[{"href":"https:\/\/desenvolvimentosocial.rc.sp.gov.br\/index.php?rest_route=\/wp\/v2\/pages"}],"about":[{"href":"https:\/\/desenvolvimentosocial.rc.sp.gov.br\/index.php?rest_route=\/wp\/v2\/types\/page"}],"author":[{"embeddable":true,"href":"https:\/\/desenvolvimentosocial.rc.sp.gov.br\/index.php?rest_route=\/wp\/v2\/users\/2"}],"replies":[{"embeddable":true,"href":"https:\/\/desenvolvimentosocial.rc.sp.gov.br\/index.php?rest_route=%2Fwp%2Fv2%2Fcomments&post=1723"}],"version-history":[{"count":3,"href":"https:\/\/desenvolvimentosocial.rc.sp.gov.br\/index.php?rest_route=\/wp\/v2\/pages\/1723\/revisions"}],"predecessor-version":[{"id":1834,"href":"https:\/\/desenvolvimentosocial.rc.sp.gov.br\/index.php?rest_route=\/wp\/v2\/pages\/1723\/revisions\/1834"}],"wp:attachment":[{"href":"https:\/\/desenvolvimentosocial.rc.sp.gov.br\/index.php?rest_route=%2Fwp%2Fv2%2Fmedia&parent=1723"}],"curies":[{"name":"wp","href":"https:\/\/api.w.org\/{rel}","templated":true}]}}