{"id":1729,"date":"2024-10-24T11:52:18","date_gmt":"2024-10-24T13:52:18","guid":{"rendered":"https:\/\/desenvolvimentosocial.rc.sp.gov.br\/?page_id=1729"},"modified":"2024-10-24T13:31:45","modified_gmt":"2024-10-24T15:31:45","slug":"acolhimento-para-criancas-e-adolescentes-vitimas-de-violencia","status":"publish","type":"page","link":"https:\/\/desenvolvimentosocial.rc.sp.gov.br\/?page_id=1729","title":{"rendered":"Acolhimento para Crian\u00e7as e Adolescentes V\u00edtimas de Viol\u00eancia"},"content":{"rendered":"\n<div class=\"wp-block-image\"><figure class=\"aligncenter\"><img loading=\"lazy\" decoding=\"async\" width=\"1000\" height=\"667\" src=\"https:\/\/desenvolvimentosocial.rc.sp.gov.br\/wp-content\/uploads\/2024\/10\/violencia.jpg\" alt=\"\" class=\"wp-image-1730\" srcset=\"https:\/\/desenvolvimentosocial.rc.sp.gov.br\/wp-content\/uploads\/2024\/10\/violencia.jpg 1000w, https:\/\/desenvolvimentosocial.rc.sp.gov.br\/wp-content\/uploads\/2024\/10\/violencia-300x200.jpg 300w, https:\/\/desenvolvimentosocial.rc.sp.gov.br\/wp-content\/uploads\/2024\/10\/violencia-768x512.jpg 768w\" sizes=\"auto, (max-width: 1000px) 100vw, 1000px\" \/><\/figure><\/div>\n\n\n\n<p><em>Este servi\u00e7o \u00e9 executado no Munic\u00edpio atrav\u00e9s de Parceria com a Organiza\u00e7\u00e3o da Sociedade Civil \u2013 Associa\u00e7\u00e3o Fonte de \u00c1gua Viva \u2013 SAICA<\/em><\/p>\n\n\n\n<h5 class=\"wp-block-heading\" style=\"text-align:center\"><strong>O que \u00e9?<\/strong><\/h5>\n\n\n\n<p>S\u00e3o servi\u00e7os que acolhem Crian\u00e7as e Adolescentes em medidas protetivas por determina\u00e7\u00e3o judicial, em decorr\u00eancia de viola\u00e7\u00e3o de direitos (abandono, neglig\u00eancia, viol\u00eancia) ou pela impossibilidade de cuidado e prote\u00e7\u00e3o por sua fam\u00edlia.<br> O afastamento da crian\u00e7a ou do adolescente da fam\u00edlia deve ser uma medida excepcional, aplicada apenas nas situa\u00e7\u00f5es de grave risco \u00e0 sua integridade f\u00edsica e\/ou ps\u00edquica. O objetivo \u00e9 viabilizar, no menor tempo poss\u00edvel, o retorno seguro ao conv\u00edvio familiar, prioritariamente na fam\u00edlia de origem e, excepcionalmente, em fam\u00edlia substituta (por meio de ado\u00e7\u00e3o, guarda ou tutela).<\/p>\n\n\n\n<p>O servi\u00e7o deve estar voltado para a preserva\u00e7\u00e3o e fortalecimento das rela\u00e7\u00f5es familiares e comunit\u00e1rias das crian\u00e7as e dos adolescentes. O atendimento dever\u00e1 ser oferecido para um pequeno grupo e garantir espa\u00e7os privados, para a guarda de objetos pessoais e registros, relacionados \u00e0 hist\u00f3ria de vida e desenvolvimento de cada crian\u00e7a e adolescente.<\/p>\n\n\n\n<p style=\"text-align:center\"><strong>\u00c9 ofertado na seguinte unidade:<\/strong><\/p>\n\n\n\n<p><strong>Modalidade Casa-Lar:<\/strong> Acolhimento provis\u00f3rio oferecido em unidades residenciais, com capacidade m\u00e1xima para 10 crian\u00e7as e adolescentes por unidade, nas quais pelo menos uma pessoa ou casal trabalha como educador\/cuidador residente \u2013 em uma casa que n\u00e3o \u00e9 a sua \u2013 prestando cuidados a um grupo de crian\u00e7as e adolescentes afastados do conv\u00edvio familiar.<\/p>\n\n\n\n<h5 class=\"wp-block-heading\" style=\"text-align:center\">Como acessar este Servi\u00e7o<\/h5>\n\n\n\n<p>O acesso ao Acolhimento Institucional para Crian\u00e7as e Adolescentes se d\u00e1 por determina\u00e7\u00e3o do Poder Judici\u00e1rio e por requisi\u00e7\u00e3o do Conselho Tutelar. <br> Nesse caso, a autoridade competente dever\u00e1 ser comunicada, conforme previsto no Artigo 93 do Estatuto da Crian\u00e7a e do Adolescente.<\/p>\n","protected":false},"excerpt":{"rendered":"<p>Este servi\u00e7o \u00e9 executado no Munic\u00edpio atrav\u00e9s de Parceria com a Organiza\u00e7\u00e3o da Sociedade Civil \u2013 Associa\u00e7\u00e3o Fonte de \u00c1gua [&hellip;]<\/p>\n","protected":false},"author":2,"featured_media":0,"parent":0,"menu_order":0,"comment_status":"closed","ping_status":"closed","template":"","meta":{"site-sidebar-layout":"default","site-content-layout":"","ast-site-content-layout":"default","site-content-style":"default","site-sidebar-style":"default","ast-global-header-display":"","ast-banner-title-visibility":"","ast-main-header-display":"","ast-hfb-above-header-display":"","ast-hfb-below-header-display":"","ast-hfb-mobile-header-display":"","site-post-title":"","ast-breadcrumbs-content":"","ast-featured-img":"","footer-sml-layout":"","theme-transparent-header-meta":"","adv-header-id-meta":"","stick-header-meta":"","header-above-stick-meta":"","header-main-stick-meta":"","header-below-stick-meta":"","astra-migrate-meta-layouts":"default","ast-page-background-enabled":"default","ast-page-background-meta":{"desktop":{"background-color":"var(--ast-global-color-5)","background-image":"","background-repeat":"repeat","background-position":"center center","background-size":"auto","background-attachment":"scroll","background-type":"","background-media":"","overlay-type":"","overlay-color":"","overlay-opacity":"","overlay-gradient":""},"tablet":{"background-color":"","background-image":"","background-repeat":"repeat","background-position":"center center","background-size":"auto","background-attachment":"scroll","background-type":"","background-media":"","overlay-type":"","overlay-color":"","overlay-opacity":"","overlay-gradient":""},"mobile":{"background-color":"","background-image":"","background-repeat":"repeat","background-position":"center center","background-size":"auto","background-attachment":"scroll","background-type":"","background-media":"","overlay-type":"","overlay-color":"","overlay-opacity":"","overlay-gradient":""}},"ast-content-background-meta":{"desktop":{"background-color":"var(--ast-global-color-4)","background-image":"","background-repeat":"repeat","background-position":"center center","background-size":"auto","background-attachment":"scroll","background-type":"","background-media":"","overlay-type":"","overlay-color":"","overlay-opacity":"","overlay-gradient":""},"tablet":{"background-color":"var(--ast-global-color-4)","background-image":"","background-repeat":"repeat","background-position":"center center","background-size":"auto","background-attachment":"scroll","background-type":"","background-media":"","overlay-type":"","overlay-color":"","overlay-opacity":"","overlay-gradient":""},"mobile":{"background-color":"var(--ast-global-color-4)","background-image":"","background-repeat":"repeat","background-position":"center center","background-size":"auto","background-attachment":"scroll","background-type":"","background-media":"","overlay-type":"","overlay-color":"","overlay-opacity":"","overlay-gradient":""}},"footnotes":""},"class_list":["post-1729","page","type-page","status-publish","hentry"],"_links":{"self":[{"href":"https:\/\/desenvolvimentosocial.rc.sp.gov.br\/index.php?rest_route=\/wp\/v2\/pages\/1729","targetHints":{"allow":["GET"]}}],"collection":[{"href":"https:\/\/desenvolvimentosocial.rc.sp.gov.br\/index.php?rest_route=\/wp\/v2\/pages"}],"about":[{"href":"https:\/\/desenvolvimentosocial.rc.sp.gov.br\/index.php?rest_route=\/wp\/v2\/types\/page"}],"author":[{"embeddable":true,"href":"https:\/\/desenvolvimentosocial.rc.sp.gov.br\/index.php?rest_route=\/wp\/v2\/users\/2"}],"replies":[{"embeddable":true,"href":"https:\/\/desenvolvimentosocial.rc.sp.gov.br\/index.php?rest_route=%2Fwp%2Fv2%2Fcomments&post=1729"}],"version-history":[{"count":2,"href":"https:\/\/desenvolvimentosocial.rc.sp.gov.br\/index.php?rest_route=\/wp\/v2\/pages\/1729\/revisions"}],"predecessor-version":[{"id":1734,"href":"https:\/\/desenvolvimentosocial.rc.sp.gov.br\/index.php?rest_route=\/wp\/v2\/pages\/1729\/revisions\/1734"}],"wp:attachment":[{"href":"https:\/\/desenvolvimentosocial.rc.sp.gov.br\/index.php?rest_route=%2Fwp%2Fv2%2Fmedia&parent=1729"}],"curies":[{"name":"wp","href":"https:\/\/api.w.org\/{rel}","templated":true}]}}