{"id":1750,"date":"2024-10-24T13:14:53","date_gmt":"2024-10-24T15:14:53","guid":{"rendered":"https:\/\/desenvolvimentosocial.rc.sp.gov.br\/?page_id=1750"},"modified":"2025-07-18T14:40:15","modified_gmt":"2025-07-18T17:40:15","slug":"campanhas-palestras-eventos-e-foruns","status":"publish","type":"page","link":"https:\/\/desenvolvimentosocial.rc.sp.gov.br\/?page_id=1750","title":{"rendered":"Campanhas, Palestras, Eventos e F\u00f3runs"},"content":{"rendered":"\n<p><strong>Campanha: Contra o Ass\u00e9dio Moral aos\/ as Trabalhadores\/ as do SUAS<\/strong><\/p>\n\n\n\n<div data-wp-interactive=\"core\/file\" class=\"wp-block-file\"><object data-wp-bind--hidden=\"!state.hasPdfPreview\" hidden class=\"wp-block-file__embed\" data=\"https:\/\/desenvolvimentosocial.rc.sp.gov.br\/wp-content\/uploads\/2025\/07\/7f9ee6_ba1ba0bab33244268b6cc62cf7805d49mv2.pdf\" type=\"application\/pdf\" style=\"width:100%;height:600px\" aria-label=\"Incorporado de 7f9ee6_ba1ba0bab33244268b6cc62cf7805d49~mv2.\"><\/object><a id=\"wp-block-file--media-5475855b-44bf-4c8b-b183-a050e409ad04\" href=\"https:\/\/desenvolvimentosocial.rc.sp.gov.br\/wp-content\/uploads\/2025\/07\/7f9ee6_ba1ba0bab33244268b6cc62cf7805d49mv2.pdf\">7f9ee6_ba1ba0bab33244268b6cc62cf7805d49~mv2<\/a><a href=\"https:\/\/desenvolvimentosocial.rc.sp.gov.br\/wp-content\/uploads\/2025\/07\/7f9ee6_ba1ba0bab33244268b6cc62cf7805d49mv2.pdf\" class=\"wp-block-file__button wp-element-button\" download aria-describedby=\"wp-block-file--media-5475855b-44bf-4c8b-b183-a050e409ad04\">Baixar<\/a><\/div>\n\n\n\n<div data-wp-interactive=\"core\/file\" class=\"wp-block-file\"><object data-wp-bind--hidden=\"!state.hasPdfPreview\" hidden class=\"wp-block-file__embed\" data=\"https:\/\/desenvolvimentosocial.rc.sp.gov.br\/wp-content\/uploads\/2025\/07\/Captura-de-tela_18-7-2025_14354_www.blogcnas.com_.pdf\" type=\"application\/pdf\" style=\"width:100%;height:600px\" aria-label=\"Incorporado de Captura de tela_18-7-2025_14354_www.blogcnas.com.\"><\/object><a id=\"wp-block-file--media-668675d6-994f-48df-9d71-e9240948e2b8\" href=\"https:\/\/desenvolvimentosocial.rc.sp.gov.br\/wp-content\/uploads\/2025\/07\/Captura-de-tela_18-7-2025_14354_www.blogcnas.com_.pdf\">Captura de tela_18-7-2025_14354_www.blogcnas.com<\/a><a href=\"https:\/\/desenvolvimentosocial.rc.sp.gov.br\/wp-content\/uploads\/2025\/07\/Captura-de-tela_18-7-2025_14354_www.blogcnas.com_.pdf\" class=\"wp-block-file__button wp-element-button\" download aria-describedby=\"wp-block-file--media-668675d6-994f-48df-9d71-e9240948e2b8\">Baixar<\/a><\/div>\n\n\n\n<p><\/p>\n\n\n\n<p class=\"has-medium-font-size\"><strong>Campanha:<\/strong> <strong><strong>Maio Laranja<\/strong><\/strong><\/p>\n\n\n\n<div data-wp-interactive=\"core\/file\" class=\"wp-block-file\"><object data-wp-bind--hidden=\"!state.hasPdfPreview\" hidden class=\"wp-block-file__embed\" data=\"https:\/\/desenvolvimentosocial.rc.sp.gov.br\/wp-content\/uploads\/2025\/05\/camp.-8.pdf\" type=\"application\/pdf\" style=\"width:100%;height:600px\" aria-label=\"Incorporado de camp. 8.\"><\/object><a id=\"wp-block-file--media-2f361d50-e268-48d7-89f2-90ecfa8ae025\" href=\"https:\/\/desenvolvimentosocial.rc.sp.gov.br\/wp-content\/uploads\/2025\/05\/camp.-8.pdf\">camp. 8<\/a><a href=\"https:\/\/desenvolvimentosocial.rc.sp.gov.br\/wp-content\/uploads\/2025\/05\/camp.-8.pdf\" class=\"wp-block-file__button wp-element-button\" download aria-describedby=\"wp-block-file--media-2f361d50-e268-48d7-89f2-90ecfa8ae025\">Baixar<\/a><\/div>\n\n\n\n<p class=\"has-medium-font-size\"><strong>Campanha: 18 de Maio: Dia Nacional de Combate ao Abuso e \u00e0 Explora\u00e7\u00e3o Sexual de Crian\u00e7as e Adolescentes<\/strong><\/p>\n\n\n\n<div data-wp-interactive=\"core\/file\" class=\"wp-block-file\"><object data-wp-bind--hidden=\"!state.hasPdfPreview\" hidden class=\"wp-block-file__embed\" data=\"https:\/\/desenvolvimentosocial.rc.sp.gov.br\/wp-content\/uploads\/2025\/04\/camp.-3.pdf\" type=\"application\/pdf\" style=\"width:100%;height:600px\" aria-label=\"Incorporado de camp. 3.\"><\/object><a id=\"wp-block-file--media-1c64ca84-53d6-4d48-bf02-1929e74d37c2\" href=\"https:\/\/desenvolvimentosocial.rc.sp.gov.br\/wp-content\/uploads\/2025\/04\/camp.-3.pdf\">camp. 3<\/a><a href=\"https:\/\/desenvolvimentosocial.rc.sp.gov.br\/wp-content\/uploads\/2025\/04\/camp.-3.pdf\" class=\"wp-block-file__button wp-element-button\" download aria-describedby=\"wp-block-file--media-1c64ca84-53d6-4d48-bf02-1929e74d37c2\">Baixar<\/a><\/div>\n\n\n\n<p class=\"has-medium-font-size\"><strong>Campanha: 12 de Junho Dia Mundial Contra o Trabalho Infantil<\/strong><\/p>\n\n\n\n<div data-wp-interactive=\"core\/file\" class=\"wp-block-file\"><object data-wp-bind--hidden=\"!state.hasPdfPreview\" hidden class=\"wp-block-file__embed\" data=\"https:\/\/desenvolvimentosocial.rc.sp.gov.br\/wp-content\/uploads\/2025\/04\/camp.-2.pdf\" type=\"application\/pdf\" style=\"width:100%;height:600px\" aria-label=\"Incorporado de camp. 2.\"><\/object><a id=\"wp-block-file--media-4cce61f4-9539-4cc0-a696-51e109666d91\" href=\"https:\/\/desenvolvimentosocial.rc.sp.gov.br\/wp-content\/uploads\/2025\/04\/camp.-2.pdf\">camp. 2<\/a><a href=\"https:\/\/desenvolvimentosocial.rc.sp.gov.br\/wp-content\/uploads\/2025\/04\/camp.-2.pdf\" class=\"wp-block-file__button wp-element-button\" download aria-describedby=\"wp-block-file--media-4cce61f4-9539-4cc0-a696-51e109666d91\">Baixar<\/a><\/div>\n\n\n\n<p class=\"has-medium-font-size\"><strong>Campanha: Junho Violeta<\/strong><\/p>\n\n\n\n<div data-wp-interactive=\"core\/file\" class=\"wp-block-file\"><object data-wp-bind--hidden=\"!state.hasPdfPreview\" hidden class=\"wp-block-file__embed\" data=\"https:\/\/desenvolvimentosocial.rc.sp.gov.br\/wp-content\/uploads\/2025\/04\/camp.-6-1.pdf\" type=\"application\/pdf\" style=\"width:100%;height:600px\" aria-label=\"Incorporado de camp. 6.\"><\/object><a id=\"wp-block-file--media-65e9adf1-c2da-4da3-8a6c-b79e583aecab\" href=\"https:\/\/desenvolvimentosocial.rc.sp.gov.br\/wp-content\/uploads\/2025\/04\/camp.-6-1.pdf\">camp. 6<\/a><a href=\"https:\/\/desenvolvimentosocial.rc.sp.gov.br\/wp-content\/uploads\/2025\/04\/camp.-6-1.pdf\" class=\"wp-block-file__button wp-element-button\" download aria-describedby=\"wp-block-file--media-65e9adf1-c2da-4da3-8a6c-b79e583aecab\">Baixar<\/a><\/div>\n\n\n\n<p class=\"has-black-color has-text-color has-link-color has-medium-font-size wp-elements-be6d8151d13a4deb67cc68812a7605cc\">Campanha: Enfrentamento a viol\u00eancia domestica contra a mulher &#8211; Agosto Lil\u00e1s<\/p>\n\n\n\n<div data-wp-interactive=\"core\/file\" class=\"wp-block-file\"><object data-wp-bind--hidden=\"!state.hasPdfPreview\" hidden class=\"wp-block-file__embed\" data=\"https:\/\/desenvolvimentosocial.rc.sp.gov.br\/wp-content\/uploads\/2025\/04\/camp.-1.pdf\" type=\"application\/pdf\" style=\"width:100%;height:600px\" aria-label=\"Incorporado de camp. 1.\"><\/object><a id=\"wp-block-file--media-22896202-4525-4fde-a6c0-c48cab0efe38\" href=\"https:\/\/desenvolvimentosocial.rc.sp.gov.br\/wp-content\/uploads\/2025\/04\/camp.-1.pdf\">camp. 1<\/a><a href=\"https:\/\/desenvolvimentosocial.rc.sp.gov.br\/wp-content\/uploads\/2025\/04\/camp.-1.pdf\" class=\"wp-block-file__button wp-element-button\" download aria-describedby=\"wp-block-file--media-22896202-4525-4fde-a6c0-c48cab0efe38\">Baixar<\/a><\/div>\n\n\n\n<p class=\"has-medium-font-size\"><strong>Campanha: Programa informativo de acesso ao Bolsa Fam\u00edlia<\/strong><\/p>\n\n\n\n<div data-wp-interactive=\"core\/file\" class=\"wp-block-file\"><object data-wp-bind--hidden=\"!state.hasPdfPreview\" hidden class=\"wp-block-file__embed\" data=\"https:\/\/desenvolvimentosocial.rc.sp.gov.br\/wp-content\/uploads\/2025\/04\/camp.-4.pdf\" type=\"application\/pdf\" style=\"width:100%;height:600px\" aria-label=\"Incorporado de camp. 4.\"><\/object><a id=\"wp-block-file--media-17f7af9d-ba18-4948-9dea-009fdbb6fe50\" href=\"https:\/\/desenvolvimentosocial.rc.sp.gov.br\/wp-content\/uploads\/2025\/04\/camp.-4.pdf\">camp. 4<\/a><a href=\"https:\/\/desenvolvimentosocial.rc.sp.gov.br\/wp-content\/uploads\/2025\/04\/camp.-4.pdf\" class=\"wp-block-file__button wp-element-button\" download aria-describedby=\"wp-block-file--media-17f7af9d-ba18-4948-9dea-009fdbb6fe50\">Baixar<\/a><\/div>\n\n\n\n<p class=\"has-medium-font-size\"><strong>Campanha: O que voc\u00ea precisa saber sobre gravidez na adolesc\u00eancia<\/strong><\/p>\n\n\n\n<div data-wp-interactive=\"core\/file\" class=\"wp-block-file\"><object data-wp-bind--hidden=\"!state.hasPdfPreview\" hidden class=\"wp-block-file__embed\" data=\"https:\/\/desenvolvimentosocial.rc.sp.gov.br\/wp-content\/uploads\/2025\/04\/camp.-5-1.pdf\" type=\"application\/pdf\" style=\"width:100%;height:600px\" aria-label=\"Incorporado de camp. 5.\"><\/object><a id=\"wp-block-file--media-4f10ccd4-3a4d-4b0a-84b5-a62513f5589b\" href=\"https:\/\/desenvolvimentosocial.rc.sp.gov.br\/wp-content\/uploads\/2025\/04\/camp.-5-1.pdf\">camp. 5<\/a><a href=\"https:\/\/desenvolvimentosocial.rc.sp.gov.br\/wp-content\/uploads\/2025\/04\/camp.-5-1.pdf\" class=\"wp-block-file__button wp-element-button\" download aria-describedby=\"wp-block-file--media-4f10ccd4-3a4d-4b0a-84b5-a62513f5589b\">Baixar<\/a><\/div>\n\n\n\n<p class=\"has-medium-font-size\"><strong>Campanha: Contra a viol\u00eancia infanti<\/strong>l<\/p>\n\n\n\n<div data-wp-interactive=\"core\/file\" class=\"wp-block-file\"><object data-wp-bind--hidden=\"!state.hasPdfPreview\" hidden class=\"wp-block-file__embed\" data=\"https:\/\/desenvolvimentosocial.rc.sp.gov.br\/wp-content\/uploads\/2025\/04\/camp.-7.pdf\" type=\"application\/pdf\" style=\"width:100%;height:600px\" aria-label=\"Incorporado de camp. 7.\"><\/object><a id=\"wp-block-file--media-61c3031c-8253-4b97-acc8-e3364b3bbc92\" href=\"https:\/\/desenvolvimentosocial.rc.sp.gov.br\/wp-content\/uploads\/2025\/04\/camp.-7.pdf\">camp. 7<\/a><a href=\"https:\/\/desenvolvimentosocial.rc.sp.gov.br\/wp-content\/uploads\/2025\/04\/camp.-7.pdf\" class=\"wp-block-file__button wp-element-button\" download aria-describedby=\"wp-block-file--media-61c3031c-8253-4b97-acc8-e3364b3bbc92\">Baixar<\/a><\/div>\n\n\n\n<p><\/p>\n\n\n\n<p><\/p>\n","protected":false},"excerpt":{"rendered":"<p>Campanha: Contra o Ass\u00e9dio Moral aos\/ as Trabalhadores\/ as do SUAS Campanha: Maio Laranja Campanha: 18 de Maio: Dia Nacional [&hellip;]<\/p>\n","protected":false},"author":2,"featured_media":0,"parent":0,"menu_order":0,"comment_status":"closed","ping_status":"closed","template":"","meta":{"site-sidebar-layout":"default","site-content-layout":"","ast-site-content-layout":"default","site-content-style":"default","site-sidebar-style":"default","ast-global-header-display":"","ast-banner-title-visibility":"","ast-main-header-display":"","ast-hfb-above-header-display":"","ast-hfb-below-header-display":"","ast-hfb-mobile-header-display":"","site-post-title":"","ast-breadcrumbs-content":"","ast-featured-img":"","footer-sml-layout":"","theme-transparent-header-meta":"","adv-header-id-meta":"","stick-header-meta":"","header-above-stick-meta":"","header-main-stick-meta":"","header-below-stick-meta":"","astra-migrate-meta-layouts":"default","ast-page-background-enabled":"default","ast-page-background-meta":{"desktop":{"background-color":"var(--ast-global-color-5)","background-image":"","background-repeat":"repeat","background-position":"center center","background-size":"auto","background-attachment":"scroll","background-type":"","background-media":"","overlay-type":"","overlay-color":"","overlay-opacity":"","overlay-gradient":""},"tablet":{"background-color":"","background-image":"","background-repeat":"repeat","background-position":"center center","background-size":"auto","background-attachment":"scroll","background-type":"","background-media":"","overlay-type":"","overlay-color":"","overlay-opacity":"","overlay-gradient":""},"mobile":{"background-color":"","background-image":"","background-repeat":"repeat","background-position":"center center","background-size":"auto","background-attachment":"scroll","background-type":"","background-media":"","overlay-type":"","overlay-color":"","overlay-opacity":"","overlay-gradient":""}},"ast-content-background-meta":{"desktop":{"background-color":"var(--ast-global-color-4)","background-image":"","background-repeat":"repeat","background-position":"center center","background-size":"auto","background-attachment":"scroll","background-type":"","background-media":"","overlay-type":"","overlay-color":"","overlay-opacity":"","overlay-gradient":""},"tablet":{"background-color":"var(--ast-global-color-4)","background-image":"","background-repeat":"repeat","background-position":"center center","background-size":"auto","background-attachment":"scroll","background-type":"","background-media":"","overlay-type":"","overlay-color":"","overlay-opacity":"","overlay-gradient":""},"mobile":{"background-color":"var(--ast-global-color-4)","background-image":"","background-repeat":"repeat","background-position":"center center","background-size":"auto","background-attachment":"scroll","background-type":"","background-media":"","overlay-type":"","overlay-color":"","overlay-opacity":"","overlay-gradient":""}},"footnotes":""},"class_list":["post-1750","page","type-page","status-publish","hentry"],"_links":{"self":[{"href":"https:\/\/desenvolvimentosocial.rc.sp.gov.br\/index.php?rest_route=\/wp\/v2\/pages\/1750","targetHints":{"allow":["GET"]}}],"collection":[{"href":"https:\/\/desenvolvimentosocial.rc.sp.gov.br\/index.php?rest_route=\/wp\/v2\/pages"}],"about":[{"href":"https:\/\/desenvolvimentosocial.rc.sp.gov.br\/index.php?rest_route=\/wp\/v2\/types\/page"}],"author":[{"embeddable":true,"href":"https:\/\/desenvolvimentosocial.rc.sp.gov.br\/index.php?rest_route=\/wp\/v2\/users\/2"}],"replies":[{"embeddable":true,"href":"https:\/\/desenvolvimentosocial.rc.sp.gov.br\/index.php?rest_route=%2Fwp%2Fv2%2Fcomments&post=1750"}],"version-history":[{"count":12,"href":"https:\/\/desenvolvimentosocial.rc.sp.gov.br\/index.php?rest_route=\/wp\/v2\/pages\/1750\/revisions"}],"predecessor-version":[{"id":3683,"href":"https:\/\/desenvolvimentosocial.rc.sp.gov.br\/index.php?rest_route=\/wp\/v2\/pages\/1750\/revisions\/3683"}],"wp:attachment":[{"href":"https:\/\/desenvolvimentosocial.rc.sp.gov.br\/index.php?rest_route=%2Fwp%2Fv2%2Fmedia&parent=1750"}],"curies":[{"name":"wp","href":"https:\/\/api.w.org\/{rel}","templated":true}]}}