{"id":1753,"date":"2024-10-24T13:18:38","date_gmt":"2024-10-24T15:18:38","guid":{"rendered":"https:\/\/desenvolvimentosocial.rc.sp.gov.br\/?page_id=1753"},"modified":"2025-05-13T16:07:23","modified_gmt":"2025-05-13T19:07:23","slug":"comissoes-e-comites","status":"publish","type":"page","link":"https:\/\/desenvolvimentosocial.rc.sp.gov.br\/?page_id=1753","title":{"rendered":"Comiss\u00f5es e Comit\u00eas"},"content":{"rendered":"\n<p>As comiss\u00f5es e comit\u00eas s\u00e3o grupos de trabalho composto de pessoas designadas para desempenhar importantes a\u00e7\u00f5es com foco em temas espec\u00edficos de maior relev\u00e2ncia para a organiza\u00e7\u00e3o.<br>As comiss\u00f5es e comit\u00eas s\u00e3o permanentes constitu\u00eddas por Decreto Municipal que regulamenta seu funcionamento e objetivos tendo maior impacto nas decis\u00f5es estrat\u00e9gicas a serem tomadas.<br>Tem por finalidade a tomada de decis\u00f5es estrat\u00e9gicas, fornecer informa\u00e7\u00f5es e subs\u00eddios t\u00e9cnicos, ou ainda, acompanhar a implementa\u00e7\u00e3o de pol\u00edticas e monitorar a qualidade de determinados processos.<\/p>\n\n\n\n<p><strong>Comiss\u00f5es Atuais:<\/strong><\/p>\n\n\n\n<ul class=\"wp-block-list\">\n<li>Comiss\u00e3o Municipal de Erradica\u00e7\u00e3o do Trabalho Infantil &#8211; CMETI<\/li>\n<\/ul>\n\n\n\n<ul class=\"wp-block-list\">\n<li>Comit\u00ea Inter setorial de Trabalho com a Pessoa em Situa\u00e7\u00e3o de Rua<\/li>\n<\/ul>\n\n\n\n<ul class=\"wp-block-list\">\n<li>C\u00e2mara Interministerial de Seguran\u00e7a Alimentar e Nutricional &#8211; CAISAN<\/li>\n<\/ul>\n\n\n\n<ul class=\"wp-block-list\">\n<li>Comiss\u00e3o Inter setorial do Programa Bolsa Fam\u00edlia<\/li>\n<\/ul>\n\n\n\n<ul class=\"wp-block-list\">\n<li>Comiss\u00e3o Municipal de Sele\u00e7\u00e3o de Editais de Chamamento P\u00fablico<\/li>\n<\/ul>\n\n\n\n<ul class=\"wp-block-list\">\n<li>Comiss\u00e3o Municipal de Monitoramento das Parcerias com as Organiza\u00e7\u00f5es da Sociedade Civil<\/li>\n<\/ul>\n\n\n\n<ul class=\"wp-block-list\">\n<li>Comiss\u00e3o Municipal de Monitoramento das Parcerias com as Organiza\u00e7\u00f5es da Sociedade Civil do Fundo Municipal dos Direitos da Crian\u00e7a e do Adolescente e Fundo Municipal dos Direitos da Pessoa Idosa<\/li>\n<\/ul>\n\n\n\n<ul class=\"wp-block-list\">\n<li>Comiss\u00e3o Especial de Sele\u00e7\u00e3o de Editais da Economia Solid\u00e1ria<\/li>\n<\/ul>\n\n\n\n<ul class=\"wp-block-list\">\n<li>Comiss\u00e3o Municipal de Assessoramento do Programa Municipal de Economia Solid\u00e1ria<\/li>\n<\/ul>\n","protected":false},"excerpt":{"rendered":"<p>As comiss\u00f5es e comit\u00eas s\u00e3o grupos de trabalho composto de pessoas designadas para desempenhar importantes a\u00e7\u00f5es com foco em temas [&hellip;]<\/p>\n","protected":false},"author":2,"featured_media":0,"parent":0,"menu_order":0,"comment_status":"closed","ping_status":"closed","template":"","meta":{"site-sidebar-layout":"default","site-content-layout":"","ast-site-content-layout":"default","site-content-style":"default","site-sidebar-style":"default","ast-global-header-display":"","ast-banner-title-visibility":"","ast-main-header-display":"","ast-hfb-above-header-display":"","ast-hfb-below-header-display":"","ast-hfb-mobile-header-display":"","site-post-title":"","ast-breadcrumbs-content":"","ast-featured-img":"","footer-sml-layout":"","theme-transparent-header-meta":"","adv-header-id-meta":"","stick-header-meta":"","header-above-stick-meta":"","header-main-stick-meta":"","header-below-stick-meta":"","astra-migrate-meta-layouts":"default","ast-page-background-enabled":"default","ast-page-background-meta":{"desktop":{"background-color":"var(--ast-global-color-5)","background-image":"","background-repeat":"repeat","background-position":"center center","background-size":"auto","background-attachment":"scroll","background-type":"","background-media":"","overlay-type":"","overlay-color":"","overlay-opacity":"","overlay-gradient":""},"tablet":{"background-color":"","background-image":"","background-repeat":"repeat","background-position":"center center","background-size":"auto","background-attachment":"scroll","background-type":"","background-media":"","overlay-type":"","overlay-color":"","overlay-opacity":"","overlay-gradient":""},"mobile":{"background-color":"","background-image":"","background-repeat":"repeat","background-position":"center center","background-size":"auto","background-attachment":"scroll","background-type":"","background-media":"","overlay-type":"","overlay-color":"","overlay-opacity":"","overlay-gradient":""}},"ast-content-background-meta":{"desktop":{"background-color":"var(--ast-global-color-4)","background-image":"","background-repeat":"repeat","background-position":"center center","background-size":"auto","background-attachment":"scroll","background-type":"","background-media":"","overlay-type":"","overlay-color":"","overlay-opacity":"","overlay-gradient":""},"tablet":{"background-color":"var(--ast-global-color-4)","background-image":"","background-repeat":"repeat","background-position":"center center","background-size":"auto","background-attachment":"scroll","background-type":"","background-media":"","overlay-type":"","overlay-color":"","overlay-opacity":"","overlay-gradient":""},"mobile":{"background-color":"var(--ast-global-color-4)","background-image":"","background-repeat":"repeat","background-position":"center center","background-size":"auto","background-attachment":"scroll","background-type":"","background-media":"","overlay-type":"","overlay-color":"","overlay-opacity":"","overlay-gradient":""}},"footnotes":""},"class_list":["post-1753","page","type-page","status-publish","hentry"],"_links":{"self":[{"href":"https:\/\/desenvolvimentosocial.rc.sp.gov.br\/index.php?rest_route=\/wp\/v2\/pages\/1753","targetHints":{"allow":["GET"]}}],"collection":[{"href":"https:\/\/desenvolvimentosocial.rc.sp.gov.br\/index.php?rest_route=\/wp\/v2\/pages"}],"about":[{"href":"https:\/\/desenvolvimentosocial.rc.sp.gov.br\/index.php?rest_route=\/wp\/v2\/types\/page"}],"author":[{"embeddable":true,"href":"https:\/\/desenvolvimentosocial.rc.sp.gov.br\/index.php?rest_route=\/wp\/v2\/users\/2"}],"replies":[{"embeddable":true,"href":"https:\/\/desenvolvimentosocial.rc.sp.gov.br\/index.php?rest_route=%2Fwp%2Fv2%2Fcomments&post=1753"}],"version-history":[{"count":3,"href":"https:\/\/desenvolvimentosocial.rc.sp.gov.br\/index.php?rest_route=\/wp\/v2\/pages\/1753\/revisions"}],"predecessor-version":[{"id":2955,"href":"https:\/\/desenvolvimentosocial.rc.sp.gov.br\/index.php?rest_route=\/wp\/v2\/pages\/1753\/revisions\/2955"}],"wp:attachment":[{"href":"https:\/\/desenvolvimentosocial.rc.sp.gov.br\/index.php?rest_route=%2Fwp%2Fv2%2Fmedia&parent=1753"}],"curies":[{"name":"wp","href":"https:\/\/api.w.org\/{rel}","templated":true}]}}