{"id":1772,"date":"2024-10-24T15:02:43","date_gmt":"2024-10-24T17:02:43","guid":{"rendered":"https:\/\/desenvolvimentosocial.rc.sp.gov.br\/?page_id=1772"},"modified":"2025-10-21T14:11:37","modified_gmt":"2025-10-21T17:11:37","slug":"seguranca-alimentar-e-nutricional","status":"publish","type":"page","link":"https:\/\/desenvolvimentosocial.rc.sp.gov.br\/?page_id=1772","title":{"rendered":"Seguran\u00e7a Alimentar e Nutricional"},"content":{"rendered":"\n<figure class=\"wp-block-image size-large\"><img loading=\"lazy\" decoding=\"async\" width=\"1024\" height=\"1024\" src=\"https:\/\/desenvolvimentosocial.rc.sp.gov.br\/wp-content\/uploads\/2025\/10\/SAN-VERTICAL-TRANSPARENTE-1024x1024.png\" alt=\"\" class=\"wp-image-4144\" srcset=\"https:\/\/desenvolvimentosocial.rc.sp.gov.br\/wp-content\/uploads\/2025\/10\/SAN-VERTICAL-TRANSPARENTE-1024x1024.png 1024w, https:\/\/desenvolvimentosocial.rc.sp.gov.br\/wp-content\/uploads\/2025\/10\/SAN-VERTICAL-TRANSPARENTE-300x300.png 300w, https:\/\/desenvolvimentosocial.rc.sp.gov.br\/wp-content\/uploads\/2025\/10\/SAN-VERTICAL-TRANSPARENTE-150x150.png 150w, https:\/\/desenvolvimentosocial.rc.sp.gov.br\/wp-content\/uploads\/2025\/10\/SAN-VERTICAL-TRANSPARENTE-768x768.png 768w, https:\/\/desenvolvimentosocial.rc.sp.gov.br\/wp-content\/uploads\/2025\/10\/SAN-VERTICAL-TRANSPARENTE-1536x1536.png 1536w, https:\/\/desenvolvimentosocial.rc.sp.gov.br\/wp-content\/uploads\/2025\/10\/SAN-VERTICAL-TRANSPARENTE-2048x2048.png 2048w\" sizes=\"auto, (max-width: 1024px) 100vw, 1024px\" \/><\/figure>\n\n\n\n<p>A Pol\u00edtica Municipal de Seguran\u00e7a Alimentar e Nutricional (PMSAN) \u00e9 um conjunto de diretrizes e a\u00e7\u00f5es implementadas pelo poder p\u00fablico local (prefeituras, c\u00e2maras municipais e outros \u00f3rg\u00e3os municipais) com o objetivo de garantir o acesso da popula\u00e7\u00e3o a alimentos de qualidade, suficientes e nutritivos. Ela busca promover o direito humano \u00e0 alimenta\u00e7\u00e3o adequada e saud\u00e1vel, combatendo a fome e a desnutri\u00e7\u00e3o, al\u00e9m de contribuir para a promo\u00e7\u00e3o da sa\u00fade e do bem-estar da popula\u00e7\u00e3o.<\/p>\n\n\n\n<p>A pol\u00edtica municipal geralmente abrange:<\/p>\n\n\n\n<ul class=\"wp-block-list\">\n<li><strong>Acesso a alimentos<\/strong>: Garante que as pessoas, especialmente as em situa\u00e7\u00e3o de vulnerabilidade social, tenham acesso a alimentos saud\u00e1veis e em quantidade suficiente, seja por meio de programas de distribui\u00e7\u00e3o de alimentos ou pelo fortalecimento da agricultura familiar e da economia solid\u00e1ria.,<\/li>\n<\/ul>\n\n\n\n<p><\/p>\n\n\n\n<ul class=\"wp-block-list\">\n<li><strong>Promo\u00e7\u00e3o da alimenta\u00e7\u00e3o saud\u00e1vel<\/strong>: Incentiva pr\u00e1ticas alimentares saud\u00e1veis, com a valoriza\u00e7\u00e3o de uma alimenta\u00e7\u00e3o diversificada, rica em nutrientes e com o m\u00ednimo de alimentos processados. Isso inclui campanhas de educa\u00e7\u00e3o alimentar e nutricional.<\/li>\n<\/ul>\n\n\n\n<p><\/p>\n\n\n\n<ul class=\"wp-block-list\">\n<li><strong>Apoio \u00e0 agricultura local e familiar<\/strong>: Fortalece a produ\u00e7\u00e3o e o fornecimento de alimentos pelos pequenos produtores rurais, incentivando a agricultura familiar e o uso sustent\u00e1vel dos recursos naturais, o que tamb\u00e9m contribui para a gera\u00e7\u00e3o de emprego e renda nas zonas rurais.<\/li>\n<\/ul>\n\n\n\n<p><\/p>\n\n\n\n<ul class=\"wp-block-list\">\n<li><strong>Seguran\u00e7a alimentar e nutricional<\/strong>: Refere-se ao direito de todos terem acesso a alimentos de qualidade, que atendam \u00e0s necessidades nutricionais da popula\u00e7\u00e3o. A PMSAN deve prever medidas para reduzir as desigualdades no acesso a alimentos, especialmente em comunidades em situa\u00e7\u00e3o de risco ou pobreza.<\/li>\n<\/ul>\n\n\n\n<p><\/p>\n\n\n\n<ul class=\"wp-block-list\">\n<li><strong>Desenvolvimento de estrat\u00e9gias intersetoriais<\/strong>: Como a quest\u00e3o da seguran\u00e7a alimentar envolve v\u00e1rias \u00e1reas, como sa\u00fade, educa\u00e7\u00e3o, agricultura, assist\u00eancia social, entre outras, a pol\u00edtica municipal deve articular a\u00e7\u00f5es intersetoriais para enfrentar a fome e a inseguran\u00e7a alimentar de forma integrada.<\/li>\n<\/ul>\n\n\n\n<p><\/p>\n\n\n\n<p>Essa pol\u00edtica \u00e9 importante porque, al\u00e9m de combater a fome, busca fortalecer os sistemas alimentares locais, estimular o consumo consciente e sustent\u00e1vel, e garantir que a alimenta\u00e7\u00e3o seja vista como um direito e n\u00e3o como uma mercadoria. Al\u00e9m disso, a sua implementa\u00e7\u00e3o deve ser acompanhada de perto por conselhos municipais de seguran\u00e7a alimentar e nutricional, compostos por representantes da sociedade civil e do poder p\u00fablico, para garantir a participa\u00e7\u00e3o social nas decis\u00f5es.<\/p>\n","protected":false},"excerpt":{"rendered":"<p>A Pol\u00edtica Municipal de Seguran\u00e7a Alimentar e Nutricional (PMSAN) \u00e9 um conjunto de diretrizes e a\u00e7\u00f5es implementadas pelo poder p\u00fablico [&hellip;]<\/p>\n","protected":false},"author":2,"featured_media":0,"parent":0,"menu_order":0,"comment_status":"closed","ping_status":"closed","template":"","meta":{"site-sidebar-layout":"default","site-content-layout":"","ast-site-content-layout":"default","site-content-style":"default","site-sidebar-style":"default","ast-global-header-display":"","ast-banner-title-visibility":"","ast-main-header-display":"","ast-hfb-above-header-display":"","ast-hfb-below-header-display":"","ast-hfb-mobile-header-display":"","site-post-title":"","ast-breadcrumbs-content":"","ast-featured-img":"","footer-sml-layout":"","theme-transparent-header-meta":"","adv-header-id-meta":"","stick-header-meta":"","header-above-stick-meta":"","header-main-stick-meta":"","header-below-stick-meta":"","astra-migrate-meta-layouts":"default","ast-page-background-enabled":"default","ast-page-background-meta":{"desktop":{"background-color":"var(--ast-global-color-5)","background-image":"","background-repeat":"repeat","background-position":"center center","background-size":"auto","background-attachment":"scroll","background-type":"","background-media":"","overlay-type":"","overlay-color":"","overlay-opacity":"","overlay-gradient":""},"tablet":{"background-color":"","background-image":"","background-repeat":"repeat","background-position":"center center","background-size":"auto","background-attachment":"scroll","background-type":"","background-media":"","overlay-type":"","overlay-color":"","overlay-opacity":"","overlay-gradient":""},"mobile":{"background-color":"","background-image":"","background-repeat":"repeat","background-position":"center center","background-size":"auto","background-attachment":"scroll","background-type":"","background-media":"","overlay-type":"","overlay-color":"","overlay-opacity":"","overlay-gradient":""}},"ast-content-background-meta":{"desktop":{"background-color":"var(--ast-global-color-4)","background-image":"","background-repeat":"repeat","background-position":"center center","background-size":"auto","background-attachment":"scroll","background-type":"","background-media":"","overlay-type":"","overlay-color":"","overlay-opacity":"","overlay-gradient":""},"tablet":{"background-color":"var(--ast-global-color-4)","background-image":"","background-repeat":"repeat","background-position":"center center","background-size":"auto","background-attachment":"scroll","background-type":"","background-media":"","overlay-type":"","overlay-color":"","overlay-opacity":"","overlay-gradient":""},"mobile":{"background-color":"var(--ast-global-color-4)","background-image":"","background-repeat":"repeat","background-position":"center center","background-size":"auto","background-attachment":"scroll","background-type":"","background-media":"","overlay-type":"","overlay-color":"","overlay-opacity":"","overlay-gradient":""}},"footnotes":""},"class_list":["post-1772","page","type-page","status-publish","hentry"],"_links":{"self":[{"href":"https:\/\/desenvolvimentosocial.rc.sp.gov.br\/index.php?rest_route=\/wp\/v2\/pages\/1772","targetHints":{"allow":["GET"]}}],"collection":[{"href":"https:\/\/desenvolvimentosocial.rc.sp.gov.br\/index.php?rest_route=\/wp\/v2\/pages"}],"about":[{"href":"https:\/\/desenvolvimentosocial.rc.sp.gov.br\/index.php?rest_route=\/wp\/v2\/types\/page"}],"author":[{"embeddable":true,"href":"https:\/\/desenvolvimentosocial.rc.sp.gov.br\/index.php?rest_route=\/wp\/v2\/users\/2"}],"replies":[{"embeddable":true,"href":"https:\/\/desenvolvimentosocial.rc.sp.gov.br\/index.php?rest_route=%2Fwp%2Fv2%2Fcomments&post=1772"}],"version-history":[{"count":6,"href":"https:\/\/desenvolvimentosocial.rc.sp.gov.br\/index.php?rest_route=\/wp\/v2\/pages\/1772\/revisions"}],"predecessor-version":[{"id":4146,"href":"https:\/\/desenvolvimentosocial.rc.sp.gov.br\/index.php?rest_route=\/wp\/v2\/pages\/1772\/revisions\/4146"}],"wp:attachment":[{"href":"https:\/\/desenvolvimentosocial.rc.sp.gov.br\/index.php?rest_route=%2Fwp%2Fv2%2Fmedia&parent=1772"}],"curies":[{"name":"wp","href":"https:\/\/api.w.org\/{rel}","templated":true}]}}