{"id":1803,"date":"2024-11-08T17:10:48","date_gmt":"2024-11-08T19:10:48","guid":{"rendered":"https:\/\/desenvolvimentosocial.rc.sp.gov.br\/?page_id=1803"},"modified":"2025-10-20T11:40:14","modified_gmt":"2025-10-20T14:40:14","slug":"programa-banco-municipal-de-alimentos","status":"publish","type":"page","link":"https:\/\/desenvolvimentosocial.rc.sp.gov.br\/?page_id=1803","title":{"rendered":"Programa Banco Municipal de Alimentos"},"content":{"rendered":"\n<figure class=\"wp-block-image aligncenter size-full\"><img loading=\"lazy\" decoding=\"async\" width=\"550\" height=\"239\" src=\"https:\/\/desenvolvimentosocial.rc.sp.gov.br\/wp-content\/uploads\/2024\/11\/banco-de-alimentos.png\" alt=\"\" class=\"wp-image-1804\" srcset=\"https:\/\/desenvolvimentosocial.rc.sp.gov.br\/wp-content\/uploads\/2024\/11\/banco-de-alimentos.png 550w, https:\/\/desenvolvimentosocial.rc.sp.gov.br\/wp-content\/uploads\/2024\/11\/banco-de-alimentos-300x130.png 300w\" sizes=\"auto, (max-width: 550px) 100vw, 550px\" \/><\/figure>\n\n\n\n<p>O Banco Municipal de Alimentos \u00e9 um programa de combate ao desperd\u00edcio de alimentos onde alimentos pr\u00f3prios para o consumo humano mas inadequado para ser comercializado s\u00e3o recolhidos de mercados, varej\u00f5es e outros com\u00e9rcios aliment\u00edcios para serem doados \u00e0s fam\u00edlias em vulnerabilidade social e\/ou inseguran\u00e7a alimentar e \u00e0s Entidades cadastradas que oferecem refei\u00e7\u00f5es aos usu\u00e1rios atendidos. No Banco Municipal de Alimentos tamb\u00e9m executamos a fase operacional do Programa de Aquisi\u00e7\u00e3o de Alimentos \u2013 PAA, recebendo os alimentos dos agricultores familiares.<\/p>\n\n\n\n<p>A Cesta Verde \u00e9 um programa municipal de combate a inseguran\u00e7a alimentar. Os usu\u00e1rios com perfil para receber a cesta s\u00e3o identificados em atendimento social nos CRAS ou at\u00e9 mesmo no Banco Municipal de Alimentos.<\/p>\n\n\n\n<p>Os alimentos das cestas s\u00e3o provenientes da agricultura familiar atrav\u00e9s do Programa de Aquisi\u00e7\u00e3o de Alimentos \u2013 PAA e s\u00e3o entregues em distintos pontos de distribui\u00e7\u00e3o no munic\u00edpio. Mensalmente, 2.500 fam\u00edlias s\u00e3o beneficiadas pelo Programa com entregas semanais.<\/p>\n","protected":false},"excerpt":{"rendered":"<p>O Banco Municipal de Alimentos \u00e9 um programa de combate ao desperd\u00edcio de alimentos onde alimentos pr\u00f3prios para o consumo [&hellip;]<\/p>\n","protected":false},"author":2,"featured_media":0,"parent":0,"menu_order":0,"comment_status":"closed","ping_status":"closed","template":"","meta":{"site-sidebar-layout":"default","site-content-layout":"","ast-site-content-layout":"default","site-content-style":"default","site-sidebar-style":"default","ast-global-header-display":"","ast-banner-title-visibility":"","ast-main-header-display":"","ast-hfb-above-header-display":"","ast-hfb-below-header-display":"","ast-hfb-mobile-header-display":"","site-post-title":"","ast-breadcrumbs-content":"","ast-featured-img":"","footer-sml-layout":"","theme-transparent-header-meta":"","adv-header-id-meta":"","stick-header-meta":"","header-above-stick-meta":"","header-main-stick-meta":"","header-below-stick-meta":"","astra-migrate-meta-layouts":"default","ast-page-background-enabled":"default","ast-page-background-meta":{"desktop":{"background-color":"var(--ast-global-color-5)","background-image":"","background-repeat":"repeat","background-position":"center center","background-size":"auto","background-attachment":"scroll","background-type":"","background-media":"","overlay-type":"","overlay-color":"","overlay-opacity":"","overlay-gradient":""},"tablet":{"background-color":"","background-image":"","background-repeat":"repeat","background-position":"center center","background-size":"auto","background-attachment":"scroll","background-type":"","background-media":"","overlay-type":"","overlay-color":"","overlay-opacity":"","overlay-gradient":""},"mobile":{"background-color":"","background-image":"","background-repeat":"repeat","background-position":"center center","background-size":"auto","background-attachment":"scroll","background-type":"","background-media":"","overlay-type":"","overlay-color":"","overlay-opacity":"","overlay-gradient":""}},"ast-content-background-meta":{"desktop":{"background-color":"var(--ast-global-color-4)","background-image":"","background-repeat":"repeat","background-position":"center center","background-size":"auto","background-attachment":"scroll","background-type":"","background-media":"","overlay-type":"","overlay-color":"","overlay-opacity":"","overlay-gradient":""},"tablet":{"background-color":"var(--ast-global-color-4)","background-image":"","background-repeat":"repeat","background-position":"center center","background-size":"auto","background-attachment":"scroll","background-type":"","background-media":"","overlay-type":"","overlay-color":"","overlay-opacity":"","overlay-gradient":""},"mobile":{"background-color":"var(--ast-global-color-4)","background-image":"","background-repeat":"repeat","background-position":"center center","background-size":"auto","background-attachment":"scroll","background-type":"","background-media":"","overlay-type":"","overlay-color":"","overlay-opacity":"","overlay-gradient":""}},"footnotes":""},"class_list":["post-1803","page","type-page","status-publish","hentry"],"_links":{"self":[{"href":"https:\/\/desenvolvimentosocial.rc.sp.gov.br\/index.php?rest_route=\/wp\/v2\/pages\/1803","targetHints":{"allow":["GET"]}}],"collection":[{"href":"https:\/\/desenvolvimentosocial.rc.sp.gov.br\/index.php?rest_route=\/wp\/v2\/pages"}],"about":[{"href":"https:\/\/desenvolvimentosocial.rc.sp.gov.br\/index.php?rest_route=\/wp\/v2\/types\/page"}],"author":[{"embeddable":true,"href":"https:\/\/desenvolvimentosocial.rc.sp.gov.br\/index.php?rest_route=\/wp\/v2\/users\/2"}],"replies":[{"embeddable":true,"href":"https:\/\/desenvolvimentosocial.rc.sp.gov.br\/index.php?rest_route=%2Fwp%2Fv2%2Fcomments&post=1803"}],"version-history":[{"count":2,"href":"https:\/\/desenvolvimentosocial.rc.sp.gov.br\/index.php?rest_route=\/wp\/v2\/pages\/1803\/revisions"}],"predecessor-version":[{"id":4133,"href":"https:\/\/desenvolvimentosocial.rc.sp.gov.br\/index.php?rest_route=\/wp\/v2\/pages\/1803\/revisions\/4133"}],"wp:attachment":[{"href":"https:\/\/desenvolvimentosocial.rc.sp.gov.br\/index.php?rest_route=%2Fwp%2Fv2%2Fmedia&parent=1803"}],"curies":[{"name":"wp","href":"https:\/\/api.w.org\/{rel}","templated":true}]}}