{"id":1851,"date":"2024-12-02T16:12:40","date_gmt":"2024-12-02T18:12:40","guid":{"rendered":"https:\/\/desenvolvimentosocial.rc.sp.gov.br\/?page_id=1851"},"modified":"2025-05-20T10:33:46","modified_gmt":"2025-05-20T13:33:46","slug":"conselho-municipal-dos-direitos-da-mulher","status":"publish","type":"page","link":"https:\/\/desenvolvimentosocial.rc.sp.gov.br\/?page_id=1851","title":{"rendered":"Conselho Municipal dos Direitos da Mulher"},"content":{"rendered":"\n<figure class=\"wp-block-gallery aligncenter has-nested-images columns-default is-cropped wp-block-gallery-1 is-layout-flex wp-block-gallery-is-layout-flex\">\n<figure class=\"wp-block-image aligncenter size-full\"><img loading=\"lazy\" decoding=\"async\" width=\"1024\" height=\"1024\" data-id=\"3014\" src=\"https:\/\/desenvolvimentosocial.rc.sp.gov.br\/wp-content\/uploads\/2025\/05\/ChatGPT-Image-19-de-mai.-de-2025-11_20_05.png\" alt=\"\" class=\"wp-image-3014\" srcset=\"https:\/\/desenvolvimentosocial.rc.sp.gov.br\/wp-content\/uploads\/2025\/05\/ChatGPT-Image-19-de-mai.-de-2025-11_20_05.png 1024w, https:\/\/desenvolvimentosocial.rc.sp.gov.br\/wp-content\/uploads\/2025\/05\/ChatGPT-Image-19-de-mai.-de-2025-11_20_05-300x300.png 300w, https:\/\/desenvolvimentosocial.rc.sp.gov.br\/wp-content\/uploads\/2025\/05\/ChatGPT-Image-19-de-mai.-de-2025-11_20_05-150x150.png 150w, https:\/\/desenvolvimentosocial.rc.sp.gov.br\/wp-content\/uploads\/2025\/05\/ChatGPT-Image-19-de-mai.-de-2025-11_20_05-768x768.png 768w\" sizes=\"auto, (max-width: 1024px) 100vw, 1024px\" \/><\/figure>\n<\/figure>\n\n\n\n<p>O Conselho Municipal dos Direitos da Mulher (CMDM) \u00e9 um \u00f3rg\u00e3o p\u00fablico criado pela Lei Municipal n\u00ba 2.998, de 1\u00ba de outubro de 1998, com o objetivo de promover os direitos das mulheres e garantir sua participa\u00e7\u00e3o plena na sociedade. Reestruturado ao longo dos anos por meio de leis complementares, como as n\u00ba 3.348\/2003 e n\u00ba 3.788\/2007, o Conselho atua como um espa\u00e7o de di\u00e1logo entre a sociedade civil e o Poder P\u00fablico.<\/p>\n\n\n\n<p>Composto por representantes de diversos segmentos, como \u00f3rg\u00e3os municipais, entidades sindicais, movimentos sociais e grupos culturais, o CMDM tem como principais fun\u00e7\u00f5es fiscalizar pol\u00edticas p\u00fablicas, propor projetos de lei, criar programas de apoio \u00e0 mulher e organizar eventos que promovam o debate sobre quest\u00f5es de g\u00eanero.<\/p>\n\n\n\n<p>Al\u00e9m disso, o Conselho promove reuni\u00f5es mensais e extraordin\u00e1rias para discutir e deliberar a\u00e7\u00f5es voltadas \u00e0 igualdade de direitos, combate \u00e0 discrimina\u00e7\u00e3o e fortalecimento da cidadania feminina em Rio Claro. Assim, busca ser um parceiro fundamental na constru\u00e7\u00e3o de uma cidade mais justa e igualit\u00e1ria para todas as mulheres.<\/p>\n\n\n\n<p><\/p>\n","protected":false},"excerpt":{"rendered":"<p>O Conselho Municipal dos Direitos da Mulher (CMDM) \u00e9 um \u00f3rg\u00e3o p\u00fablico criado pela Lei Municipal n\u00ba 2.998, de 1\u00ba [&hellip;]<\/p>\n","protected":false},"author":2,"featured_media":0,"parent":0,"menu_order":0,"comment_status":"closed","ping_status":"closed","template":"","meta":{"site-sidebar-layout":"default","site-content-layout":"","ast-site-content-layout":"default","site-content-style":"default","site-sidebar-style":"default","ast-global-header-display":"","ast-banner-title-visibility":"","ast-main-header-display":"","ast-hfb-above-header-display":"","ast-hfb-below-header-display":"","ast-hfb-mobile-header-display":"","site-post-title":"","ast-breadcrumbs-content":"","ast-featured-img":"","footer-sml-layout":"","theme-transparent-header-meta":"","adv-header-id-meta":"","stick-header-meta":"","header-above-stick-meta":"","header-main-stick-meta":"","header-below-stick-meta":"","astra-migrate-meta-layouts":"default","ast-page-background-enabled":"default","ast-page-background-meta":{"desktop":{"background-color":"var(--ast-global-color-5)","background-image":"","background-repeat":"repeat","background-position":"center center","background-size":"auto","background-attachment":"scroll","background-type":"","background-media":"","overlay-type":"","overlay-color":"","overlay-opacity":"","overlay-gradient":""},"tablet":{"background-color":"","background-image":"","background-repeat":"repeat","background-position":"center center","background-size":"auto","background-attachment":"scroll","background-type":"","background-media":"","overlay-type":"","overlay-color":"","overlay-opacity":"","overlay-gradient":""},"mobile":{"background-color":"","background-image":"","background-repeat":"repeat","background-position":"center center","background-size":"auto","background-attachment":"scroll","background-type":"","background-media":"","overlay-type":"","overlay-color":"","overlay-opacity":"","overlay-gradient":""}},"ast-content-background-meta":{"desktop":{"background-color":"var(--ast-global-color-4)","background-image":"","background-repeat":"repeat","background-position":"center center","background-size":"auto","background-attachment":"scroll","background-type":"","background-media":"","overlay-type":"","overlay-color":"","overlay-opacity":"","overlay-gradient":""},"tablet":{"background-color":"var(--ast-global-color-4)","background-image":"","background-repeat":"repeat","background-position":"center center","background-size":"auto","background-attachment":"scroll","background-type":"","background-media":"","overlay-type":"","overlay-color":"","overlay-opacity":"","overlay-gradient":""},"mobile":{"background-color":"var(--ast-global-color-4)","background-image":"","background-repeat":"repeat","background-position":"center center","background-size":"auto","background-attachment":"scroll","background-type":"","background-media":"","overlay-type":"","overlay-color":"","overlay-opacity":"","overlay-gradient":""}},"footnotes":""},"class_list":["post-1851","page","type-page","status-publish","hentry"],"_links":{"self":[{"href":"https:\/\/desenvolvimentosocial.rc.sp.gov.br\/index.php?rest_route=\/wp\/v2\/pages\/1851","targetHints":{"allow":["GET"]}}],"collection":[{"href":"https:\/\/desenvolvimentosocial.rc.sp.gov.br\/index.php?rest_route=\/wp\/v2\/pages"}],"about":[{"href":"https:\/\/desenvolvimentosocial.rc.sp.gov.br\/index.php?rest_route=\/wp\/v2\/types\/page"}],"author":[{"embeddable":true,"href":"https:\/\/desenvolvimentosocial.rc.sp.gov.br\/index.php?rest_route=\/wp\/v2\/users\/2"}],"replies":[{"embeddable":true,"href":"https:\/\/desenvolvimentosocial.rc.sp.gov.br\/index.php?rest_route=%2Fwp%2Fv2%2Fcomments&post=1851"}],"version-history":[{"count":5,"href":"https:\/\/desenvolvimentosocial.rc.sp.gov.br\/index.php?rest_route=\/wp\/v2\/pages\/1851\/revisions"}],"predecessor-version":[{"id":3035,"href":"https:\/\/desenvolvimentosocial.rc.sp.gov.br\/index.php?rest_route=\/wp\/v2\/pages\/1851\/revisions\/3035"}],"wp:attachment":[{"href":"https:\/\/desenvolvimentosocial.rc.sp.gov.br\/index.php?rest_route=%2Fwp%2Fv2%2Fmedia&parent=1851"}],"curies":[{"name":"wp","href":"https:\/\/api.w.org\/{rel}","templated":true}]}}