{"id":1944,"date":"2024-12-12T14:33:37","date_gmt":"2024-12-12T16:33:37","guid":{"rendered":"https:\/\/desenvolvimentosocial.rc.sp.gov.br\/?page_id=1944"},"modified":"2024-12-12T14:33:47","modified_gmt":"2024-12-12T16:33:47","slug":"programa-bolsa-familia","status":"publish","type":"page","link":"https:\/\/desenvolvimentosocial.rc.sp.gov.br\/?page_id=1944","title":{"rendered":"Programa Bolsa Fam\u00edlia"},"content":{"rendered":"\n<figure class=\"wp-block-image size-large\"><img loading=\"lazy\" decoding=\"async\" width=\"1024\" height=\"576\" src=\"https:\/\/desenvolvimentosocial.rc.sp.gov.br\/wp-content\/uploads\/2024\/12\/bolsa-1024x576.webp\" alt=\"\" class=\"wp-image-1945\" srcset=\"https:\/\/desenvolvimentosocial.rc.sp.gov.br\/wp-content\/uploads\/2024\/12\/bolsa-1024x576.webp 1024w, https:\/\/desenvolvimentosocial.rc.sp.gov.br\/wp-content\/uploads\/2024\/12\/bolsa-300x169.webp 300w, https:\/\/desenvolvimentosocial.rc.sp.gov.br\/wp-content\/uploads\/2024\/12\/bolsa-768x432.webp 768w, https:\/\/desenvolvimentosocial.rc.sp.gov.br\/wp-content\/uploads\/2024\/12\/bolsa.webp 1200w\" sizes=\"auto, (max-width: 1024px) 100vw, 1024px\" \/><\/figure>\n\n\n\n<p>O Programa Bolsa Fam\u00edlia (PBF), institu\u00eddo pelo Governo Federal, tem sido uma das principais ferramentas no combate \u00e0 pobreza no Brasil, com o objetivo de transferir renda diretamente \u00e0s fam\u00edlias em situa\u00e7\u00e3o de vulnerabilidade social e econ\u00f4mica. Atrav\u00e9s de uma pol\u00edtica de transfer\u00eancia de recursos, o programa oferece apoio financeiro \u00e0s fam\u00edlias mais pobres, buscando garantir sua sobreviv\u00eancia e melhorar suas condi\u00e7\u00f5es de vida.<\/p>\n\n\n\n<p>P\u00fablico-alvo e Condi\u00e7\u00f5es de Elegibilidade<br>O PBF \u00e9 destinado a fam\u00edlias em situa\u00e7\u00e3o de pobreza extrema e pobreza, de acordo com a sua renda per capita. S\u00e3o atendidas fam\u00edlias que possuem uma renda de at\u00e9 R$85,00 por pessoa para as em situa\u00e7\u00e3o de pobreza extrema e de R$85,01 a R$170,00 por pessoa para as em situa\u00e7\u00e3o de pobreza. Essas fam\u00edlias, muitas vezes, enfrentam dificuldades para acessar servi\u00e7os b\u00e1sicos, como sa\u00fade, educa\u00e7\u00e3o e assist\u00eancia social, e o Bolsa Fam\u00edlia busca, justamente, melhorar o acesso a esses direitos essenciais.<\/p>\n\n\n\n<p>Objetivo do Programa<br>O principal objetivo do Programa Bolsa Fam\u00edlia \u00e9 promover a seguran\u00e7a alimentar e a inclus\u00e3o social, ao garantir que as fam\u00edlias em situa\u00e7\u00e3o de extrema vulnerabilidade recebam recursos financeiros para cobrir suas necessidades b\u00e1sicas. Al\u00e9m disso, o programa visa fomentar o acesso dessas fam\u00edlias a servi\u00e7os p\u00fablicos essenciais, como sa\u00fade, educa\u00e7\u00e3o e assist\u00eancia social, buscando promover a autossufici\u00eancia e a dignidade das pessoas atendidas.<\/p>\n\n\n\n<p>Condicionalidades: Compromissos para Acesso a Benef\u00edcios<br>O PBF n\u00e3o \u00e9 apenas uma transfer\u00eancia de recursos financeiros. Ele possui condicionalidades que visam garantir o cumprimento de compromissos nas \u00e1reas de sa\u00fade e educa\u00e7\u00e3o. Ou seja, as fam\u00edlias benefici\u00e1rias devem cumprir algumas obriga\u00e7\u00f5es, como:<\/p>\n\n\n\n<p>Manter as crian\u00e7as e adolescentes na escola, com frequ\u00eancia m\u00ednima exigida.<br>Garantir a vacina\u00e7\u00e3o em dia para crian\u00e7as menores de 7 anos.<br>Realizar o acompanhamento nutricional e pr\u00e9-natal para gestantes.<br>Essas condicionalidades t\u00eam como objetivo garantir que o benef\u00edcio do programa tamb\u00e9m traga melhorias nas condi\u00e7\u00f5es de sa\u00fade e educa\u00e7\u00e3o, fundamentais para a quebra do ciclo da pobreza e a promo\u00e7\u00e3o do desenvolvimento social.<\/p>\n\n\n\n<p>Cadastro \u00danico (Cad\u00danico)<br>Para ter acesso ao Programa Bolsa Fam\u00edlia, \u00e9 necess\u00e1rio que a fam\u00edlia esteja cadastrada e com as informa\u00e7\u00f5es atualizadas no Cadastro \u00danico para Programas Sociais (Cad\u00danico). O Cad\u00danico \u00e9 um instrumento que identifica e caracteriza as fam\u00edlias de baixa renda no Brasil, permitindo ao governo mapear as necessidades das popula\u00e7\u00f5es vulner\u00e1veis e organizar pol\u00edticas p\u00fablicas adequadas a cada realidade.<\/p>\n\n\n\n<p>Manter o cadastro atualizado no Cad\u00danico \u00e9 fundamental para garantir a continuidade do benef\u00edcio, e ele \u00e9 tamb\u00e9m utilizado para o acesso a outros programas e servi\u00e7os sociais do governo federal.<\/p>\n\n\n\n<p>GRUPOS DE WHATSAPP DOS CRAS EXCLUSIVAMENTE DO BOLSA FAMILIA<\/p>\n\n\n\n<p>Este grupo \u00e9 destinado as fam\u00edlias que s\u00e3o beneficiarias do Programa Bolsa Fam\u00edlia<\/p>\n\n\n\n<p>Por aqui enviaremos informacoes importantes sobre o Beneficio.<\/p>\n\n\n\n<p>Fiquem atentos as informa\u00e7\u00f5es que s\u00e3o importantes para a manuten\u00e7\u00e3o do seu beneficio.<\/p>\n\n\n\n<p>Nosso objetivo \u00e9 aproximar voc\u00ea de nossos servi\u00e7os, dando acesso as informa\u00e7\u00f5es de maneira mais r\u00e1pida e clara! PARTICIPEM<\/p>\n\n\n\n<figure class=\"wp-block-gallery has-nested-images columns-default is-cropped wp-block-gallery-1 is-layout-flex wp-block-gallery-is-layout-flex\">\n<figure class=\"wp-block-image size-large\"><img loading=\"lazy\" decoding=\"async\" width=\"576\" height=\"1024\" data-id=\"1951\" src=\"https:\/\/desenvolvimentosocial.rc.sp.gov.br\/wp-content\/uploads\/2024\/12\/WhatsApp-Image-2024-12-12-at-07.39.17-1-576x1024.jpeg\" alt=\"\" class=\"wp-image-1951\" srcset=\"https:\/\/desenvolvimentosocial.rc.sp.gov.br\/wp-content\/uploads\/2024\/12\/WhatsApp-Image-2024-12-12-at-07.39.17-1-576x1024.jpeg 576w, https:\/\/desenvolvimentosocial.rc.sp.gov.br\/wp-content\/uploads\/2024\/12\/WhatsApp-Image-2024-12-12-at-07.39.17-1-169x300.jpeg 169w, https:\/\/desenvolvimentosocial.rc.sp.gov.br\/wp-content\/uploads\/2024\/12\/WhatsApp-Image-2024-12-12-at-07.39.17-1.jpeg 720w\" sizes=\"auto, (max-width: 576px) 100vw, 576px\" \/><\/figure>\n\n\n\n<figure class=\"wp-block-image size-large\"><img loading=\"lazy\" decoding=\"async\" width=\"576\" height=\"1024\" data-id=\"1950\" src=\"https:\/\/desenvolvimentosocial.rc.sp.gov.br\/wp-content\/uploads\/2024\/12\/WhatsApp-Image-2024-12-12-at-07.39.17-576x1024.jpeg\" alt=\"\" class=\"wp-image-1950\" srcset=\"https:\/\/desenvolvimentosocial.rc.sp.gov.br\/wp-content\/uploads\/2024\/12\/WhatsApp-Image-2024-12-12-at-07.39.17-576x1024.jpeg 576w, https:\/\/desenvolvimentosocial.rc.sp.gov.br\/wp-content\/uploads\/2024\/12\/WhatsApp-Image-2024-12-12-at-07.39.17-169x300.jpeg 169w, https:\/\/desenvolvimentosocial.rc.sp.gov.br\/wp-content\/uploads\/2024\/12\/WhatsApp-Image-2024-12-12-at-07.39.17.jpeg 720w\" sizes=\"auto, (max-width: 576px) 100vw, 576px\" \/><\/figure>\n\n\n\n<figure class=\"wp-block-image size-large\"><img loading=\"lazy\" decoding=\"async\" width=\"576\" height=\"1024\" data-id=\"1947\" src=\"https:\/\/desenvolvimentosocial.rc.sp.gov.br\/wp-content\/uploads\/2024\/12\/WhatsApp-Image-2024-12-12-at-07.39.16-3-576x1024.jpeg\" alt=\"\" class=\"wp-image-1947\" srcset=\"https:\/\/desenvolvimentosocial.rc.sp.gov.br\/wp-content\/uploads\/2024\/12\/WhatsApp-Image-2024-12-12-at-07.39.16-3-576x1024.jpeg 576w, https:\/\/desenvolvimentosocial.rc.sp.gov.br\/wp-content\/uploads\/2024\/12\/WhatsApp-Image-2024-12-12-at-07.39.16-3-169x300.jpeg 169w, https:\/\/desenvolvimentosocial.rc.sp.gov.br\/wp-content\/uploads\/2024\/12\/WhatsApp-Image-2024-12-12-at-07.39.16-3.jpeg 720w\" sizes=\"auto, (max-width: 576px) 100vw, 576px\" \/><\/figure>\n\n\n\n<figure class=\"wp-block-image size-large\"><img loading=\"lazy\" decoding=\"async\" width=\"576\" height=\"1024\" data-id=\"1948\" src=\"https:\/\/desenvolvimentosocial.rc.sp.gov.br\/wp-content\/uploads\/2024\/12\/WhatsApp-Image-2024-12-12-at-07.39.16-2-576x1024.jpeg\" alt=\"\" class=\"wp-image-1948\" srcset=\"https:\/\/desenvolvimentosocial.rc.sp.gov.br\/wp-content\/uploads\/2024\/12\/WhatsApp-Image-2024-12-12-at-07.39.16-2-576x1024.jpeg 576w, https:\/\/desenvolvimentosocial.rc.sp.gov.br\/wp-content\/uploads\/2024\/12\/WhatsApp-Image-2024-12-12-at-07.39.16-2-169x300.jpeg 169w, https:\/\/desenvolvimentosocial.rc.sp.gov.br\/wp-content\/uploads\/2024\/12\/WhatsApp-Image-2024-12-12-at-07.39.16-2.jpeg 720w\" sizes=\"auto, (max-width: 576px) 100vw, 576px\" \/><\/figure>\n\n\n\n<figure class=\"wp-block-image size-large\"><img loading=\"lazy\" decoding=\"async\" width=\"576\" height=\"1024\" data-id=\"1946\" src=\"https:\/\/desenvolvimentosocial.rc.sp.gov.br\/wp-content\/uploads\/2024\/12\/WhatsApp-Image-2024-12-12-at-07.39.16-1-576x1024.jpeg\" alt=\"\" class=\"wp-image-1946\" srcset=\"https:\/\/desenvolvimentosocial.rc.sp.gov.br\/wp-content\/uploads\/2024\/12\/WhatsApp-Image-2024-12-12-at-07.39.16-1-576x1024.jpeg 576w, https:\/\/desenvolvimentosocial.rc.sp.gov.br\/wp-content\/uploads\/2024\/12\/WhatsApp-Image-2024-12-12-at-07.39.16-1-169x300.jpeg 169w, https:\/\/desenvolvimentosocial.rc.sp.gov.br\/wp-content\/uploads\/2024\/12\/WhatsApp-Image-2024-12-12-at-07.39.16-1.jpeg 720w\" sizes=\"auto, (max-width: 576px) 100vw, 576px\" \/><\/figure>\n\n\n\n<figure class=\"wp-block-image size-large\"><img loading=\"lazy\" decoding=\"async\" width=\"576\" height=\"1024\" data-id=\"1949\" src=\"https:\/\/desenvolvimentosocial.rc.sp.gov.br\/wp-content\/uploads\/2024\/12\/WhatsApp-Image-2024-12-12-at-07.39.16-576x1024.jpeg\" alt=\"\" class=\"wp-image-1949\" srcset=\"https:\/\/desenvolvimentosocial.rc.sp.gov.br\/wp-content\/uploads\/2024\/12\/WhatsApp-Image-2024-12-12-at-07.39.16-576x1024.jpeg 576w, https:\/\/desenvolvimentosocial.rc.sp.gov.br\/wp-content\/uploads\/2024\/12\/WhatsApp-Image-2024-12-12-at-07.39.16-169x300.jpeg 169w, https:\/\/desenvolvimentosocial.rc.sp.gov.br\/wp-content\/uploads\/2024\/12\/WhatsApp-Image-2024-12-12-at-07.39.16.jpeg 720w\" sizes=\"auto, (max-width: 576px) 100vw, 576px\" \/><\/figure>\n<\/figure>\n","protected":false},"excerpt":{"rendered":"<p>O Programa Bolsa Fam\u00edlia (PBF), institu\u00eddo pelo Governo Federal, tem sido uma das principais ferramentas no combate \u00e0 pobreza no [&hellip;]<\/p>\n","protected":false},"author":2,"featured_media":0,"parent":0,"menu_order":0,"comment_status":"closed","ping_status":"closed","template":"","meta":{"site-sidebar-layout":"default","site-content-layout":"","ast-site-content-layout":"default","site-content-style":"default","site-sidebar-style":"default","ast-global-header-display":"","ast-banner-title-visibility":"","ast-main-header-display":"","ast-hfb-above-header-display":"","ast-hfb-below-header-display":"","ast-hfb-mobile-header-display":"","site-post-title":"","ast-breadcrumbs-content":"","ast-featured-img":"","footer-sml-layout":"","theme-transparent-header-meta":"","adv-header-id-meta":"","stick-header-meta":"","header-above-stick-meta":"","header-main-stick-meta":"","header-below-stick-meta":"","astra-migrate-meta-layouts":"default","ast-page-background-enabled":"default","ast-page-background-meta":{"desktop":{"background-color":"var(--ast-global-color-5)","background-image":"","background-repeat":"repeat","background-position":"center center","background-size":"auto","background-attachment":"scroll","background-type":"","background-media":"","overlay-type":"","overlay-color":"","overlay-opacity":"","overlay-gradient":""},"tablet":{"background-color":"","background-image":"","background-repeat":"repeat","background-position":"center center","background-size":"auto","background-attachment":"scroll","background-type":"","background-media":"","overlay-type":"","overlay-color":"","overlay-opacity":"","overlay-gradient":""},"mobile":{"background-color":"","background-image":"","background-repeat":"repeat","background-position":"center center","background-size":"auto","background-attachment":"scroll","background-type":"","background-media":"","overlay-type":"","overlay-color":"","overlay-opacity":"","overlay-gradient":""}},"ast-content-background-meta":{"desktop":{"background-color":"var(--ast-global-color-4)","background-image":"","background-repeat":"repeat","background-position":"center center","background-size":"auto","background-attachment":"scroll","background-type":"","background-media":"","overlay-type":"","overlay-color":"","overlay-opacity":"","overlay-gradient":""},"tablet":{"background-color":"var(--ast-global-color-4)","background-image":"","background-repeat":"repeat","background-position":"center center","background-size":"auto","background-attachment":"scroll","background-type":"","background-media":"","overlay-type":"","overlay-color":"","overlay-opacity":"","overlay-gradient":""},"mobile":{"background-color":"var(--ast-global-color-4)","background-image":"","background-repeat":"repeat","background-position":"center center","background-size":"auto","background-attachment":"scroll","background-type":"","background-media":"","overlay-type":"","overlay-color":"","overlay-opacity":"","overlay-gradient":""}},"footnotes":""},"class_list":["post-1944","page","type-page","status-publish","hentry"],"_links":{"self":[{"href":"https:\/\/desenvolvimentosocial.rc.sp.gov.br\/index.php?rest_route=\/wp\/v2\/pages\/1944","targetHints":{"allow":["GET"]}}],"collection":[{"href":"https:\/\/desenvolvimentosocial.rc.sp.gov.br\/index.php?rest_route=\/wp\/v2\/pages"}],"about":[{"href":"https:\/\/desenvolvimentosocial.rc.sp.gov.br\/index.php?rest_route=\/wp\/v2\/types\/page"}],"author":[{"embeddable":true,"href":"https:\/\/desenvolvimentosocial.rc.sp.gov.br\/index.php?rest_route=\/wp\/v2\/users\/2"}],"replies":[{"embeddable":true,"href":"https:\/\/desenvolvimentosocial.rc.sp.gov.br\/index.php?rest_route=%2Fwp%2Fv2%2Fcomments&post=1944"}],"version-history":[{"count":1,"href":"https:\/\/desenvolvimentosocial.rc.sp.gov.br\/index.php?rest_route=\/wp\/v2\/pages\/1944\/revisions"}],"predecessor-version":[{"id":1952,"href":"https:\/\/desenvolvimentosocial.rc.sp.gov.br\/index.php?rest_route=\/wp\/v2\/pages\/1944\/revisions\/1952"}],"wp:attachment":[{"href":"https:\/\/desenvolvimentosocial.rc.sp.gov.br\/index.php?rest_route=%2Fwp%2Fv2%2Fmedia&parent=1944"}],"curies":[{"name":"wp","href":"https:\/\/api.w.org\/{rel}","templated":true}]}}