{"id":2663,"date":"2025-04-24T14:44:51","date_gmt":"2025-04-24T17:44:51","guid":{"rendered":"https:\/\/desenvolvimentosocial.rc.sp.gov.br\/?page_id=2663"},"modified":"2025-07-18T13:59:05","modified_gmt":"2025-07-18T16:59:05","slug":"videos-institucionais","status":"publish","type":"page","link":"https:\/\/desenvolvimentosocial.rc.sp.gov.br\/?page_id=2663","title":{"rendered":"V\u00eddeos Institucionais"},"content":{"rendered":"\n<p><strong>Campanha Contra o Ass\u00e9dio Moral aos\/ as Trabalhadores\/ as do SUAS<\/strong><\/p>\n\n\n\n<figure class=\"wp-block-video\"><video controls src=\"https:\/\/desenvolvimentosocial.rc.sp.gov.br\/wp-content\/uploads\/2025\/07\/1.mp4\"><\/video><\/figure>\n\n\n\n<p><\/p>\n\n\n\n<p><\/p>\n\n\n\n<p><strong>Sobre o SUAS (Sistema \u00danico de Assist\u00eancia Social)<\/strong><\/p>\n\n\n\n<figure class=\"wp-block-video aligncenter\"><video controls src=\"https:\/\/desenvolvimentosocial.rc.sp.gov.br\/wp-content\/uploads\/2025\/04\/Suas.mp4\"><\/video><\/figure>\n\n\n\n<p><\/p>\n\n\n\n<p><\/p>\n\n\n\n<p><strong>Qual a diferen\u00e7a entre CRAS e CREAS descubra abaixo.<\/strong> (Qual a diferen\u00e7a entre o #CRAS e o #CREAS Ambos fazem parte do Sistema \u00danico de Assist\u00eancia Social, o #SUAS, que oferece atendimento b\u00e1sico e especializado \u00e0s pessoas em situa\u00e7\u00e3o de vulnerabilidade.)<\/p>\n\n\n\n<figure class=\"wp-block-video\"><video controls src=\"https:\/\/desenvolvimentosocial.rc.sp.gov.br\/wp-content\/uploads\/2025\/04\/cras-e-creas.mp4\"><\/video><\/figure>\n\n\n\n<p><\/p>\n\n\n\n<p><\/p>\n\n\n\n<p><strong>Tire suas duvidas sobre o Cadastro \u00danico.<\/strong>MEI pode receber Bolsa Familia (Voc\u00ea \u00e9 MEI, tem carteira assinada ou conseguiu seu primeiro emprego recentemente Agora voc\u00ea j\u00e1 sabe que pode, sim, ser um benefici\u00e1rio do #BolsaFam\u00edlia!)<\/p>\n\n\n\n<figure class=\"wp-block-video\"><video controls src=\"https:\/\/desenvolvimentosocial.rc.sp.gov.br\/wp-content\/uploads\/2025\/04\/Mei-bolsa-familia.mp4\"><\/video><\/figure>\n\n\n\n<p><\/p>\n\n\n\n<p><\/p>\n\n\n\n<p><strong>Tire suas duvidas sobre o Cadastro \u00danico.<\/strong> (O #Cad\u00danico \u00e9 a porta de entrada para ter acesso aos benef\u00edcios dos programas sociais do #GovernoFederal, como #BolsaFam\u00edlia, Minha Casa, Minha Vida, Tarifa Social de Energia El\u00e9trica, P\u00e9-De-Meia, e muito mais. Po)<\/p>\n\n\n\n<figure class=\"wp-block-video\"><video controls src=\"https:\/\/desenvolvimentosocial.rc.sp.gov.br\/wp-content\/uploads\/2025\/04\/tira-duvidas-1-cadunico.mp4\"><\/video><\/figure>\n\n\n\n<p><\/p>\n\n\n\n<p><\/p>\n\n\n\n<p><strong>Tire suas duvidas sobre o Cadastro \u00danico.<\/strong> (Descubra se sua fam\u00edlia pode fazer parte do #Cad\u00danico. D\u00e1 play no v\u00eddeo que a gente te conta. E n\u00e3o se esque\u00e7a- para mais informa\u00e7\u00f5es, acesse o site cadunico.dataprev.gov.br ou o aplicativo do Cadastro.)<\/p>\n\n\n\n<figure class=\"wp-block-video\"><video controls src=\"https:\/\/desenvolvimentosocial.rc.sp.gov.br\/wp-content\/uploads\/2025\/04\/tira-duvidas-2-cadunico.mp4\"><\/video><\/figure>\n\n\n\n<p><\/p>\n\n\n\n<p><\/p>\n\n\n\n<p><strong>Tire suas duvidas sobre o Cadastro \u00danico.<\/strong> (Fique atenta(o)! Se seus dados no #Cad\u00danico n\u00e3o estiverem atualizados, voc\u00ea pode acabar perdendo o acesso a alguns benef\u00edcios importantes. Ent\u00e3o confira no v\u00eddeo o que voc\u00ea precisa manter sempre em dia para evitar cancelamentos)<\/p>\n\n\n\n<figure class=\"wp-block-video\"><video controls src=\"https:\/\/desenvolvimentosocial.rc.sp.gov.br\/wp-content\/uploads\/2025\/04\/tira-duvidas-3-cadunico.mp4\"><\/video><\/figure>\n\n\n\n<p><\/p>\n\n\n\n<p><\/p>\n\n\n\n<p><strong>Tire suas duvidas sobre o Cadastro \u00danico.<\/strong> (Caso algu\u00e9m da sua fam\u00edlia arrume um emprego, voc\u00ea pode ou n\u00e3o pode retir\u00e1-lo do seu Cadastro \u00danico N\u00e3o fique com essa d\u00favida. Assista ao v\u00eddeo!)<\/p>\n\n\n\n<figure class=\"wp-block-video\"><video controls src=\"https:\/\/desenvolvimentosocial.rc.sp.gov.br\/wp-content\/uploads\/2025\/04\/tira-duvidas-4-cad-unico.mp4\"><\/video><\/figure>\n\n\n\n<p><\/p>\n\n\n\n<p><\/p>\n\n\n\n<p><strong>Tire suas duvidas sobre o Cadastro \u00danico.<\/strong><\/p>\n\n\n\n<figure class=\"wp-block-video\"><video controls src=\"https:\/\/desenvolvimentosocial.rc.sp.gov.br\/wp-content\/uploads\/2025\/04\/Tira-duvidas-5-cadunico.mp4\"><\/video><\/figure>\n\n\n\n<p><\/p>\n\n\n\n<p><\/p>\n\n\n\n<p><strong>Tire suas duvidas sobre o Cadastro \u00danico.<\/strong> (J\u00e1 se perguntou sobre a import\u00e2ncia do Cadastro \u00danico. O Cadastro \u00danico \u00e9 a porta de entrada para os programas e benef\u00edcios sociais do governo. Confira mais no v\u00eddeo!)<\/p>\n\n\n\n<figure class=\"wp-block-video\"><video controls src=\"https:\/\/desenvolvimentosocial.rc.sp.gov.br\/wp-content\/uploads\/2025\/04\/importancia-do-cad-unico.mp4\"><\/video><\/figure>\n\n\n\n<p><\/p>\n\n\n\n<p><\/p>\n\n\n\n<p><strong>Tire suas duvidas sobre o Cadastro \u00danico.<\/strong> (Quer saber onde consultar os dados do Cadastro \u00danico Estamos aqui para te orientar Assista ao v\u00eddeo para saber mais. Para demais informa\u00e7\u00f5es, confira o app do Cadastro \u00danico)<\/p>\n\n\n\n<figure class=\"wp-block-video\"><video controls src=\"https:\/\/desenvolvimentosocial.rc.sp.gov.br\/wp-content\/uploads\/2025\/04\/importancia-6-cadunico.mp4\"><\/video><\/figure>\n\n\n\n<p><\/p>\n\n\n\n<p><\/p>\n\n\n\n<p><strong>Tire suas duvidas sobre o Cadastro \u00danico.<\/strong> (Fique atento! Se seus dados no Cadastro \u00danico n\u00e3o est\u00e3o atualizados, voc\u00ea pode perder benef\u00edcios importantes.)<\/p>\n\n\n\n<figure class=\"wp-block-video\"><video controls src=\"https:\/\/desenvolvimentosocial.rc.sp.gov.br\/wp-content\/uploads\/2025\/04\/tira-duvidas-7-cadunico.mp4\"><\/video><\/figure>\n\n\n\n<p><\/p>\n\n\n\n<p><\/p>\n\n\n\n<p><strong>Tire suas duvidas sobre o Cadastro \u00danico.<\/strong> (E a\u00ed, quantas perguntas dessa voc\u00ea saberia responder Conta pra gente Se ficou com alguma d\u00favida)<\/p>\n\n\n\n<figure class=\"wp-block-video\"><video controls src=\"https:\/\/desenvolvimentosocial.rc.sp.gov.br\/wp-content\/uploads\/2025\/04\/trdv-8-cad.mp4\"><\/video><\/figure>\n\n\n\n<p><\/p>\n\n\n\n<p><\/p>\n\n\n\n<p><strong>Tire suas duvidas sobre o Cadastro \u00danico.<\/strong> (Agora voc\u00eas sabem como atualizar o seu endere\u00e7o e de sua fam\u00edlia no Cadastro \u00danico. Mas se tiver mais d\u00favidas, estamos aqui! )<\/p>\n\n\n\n<figure class=\"wp-block-video\"><video controls src=\"https:\/\/desenvolvimentosocial.rc.sp.gov.br\/wp-content\/uploads\/2025\/04\/cad-unico-9.mp4\"><\/video><\/figure>\n\n\n\n<p><\/p>\n\n\n\n<p><\/p>\n\n\n\n<p><strong>Tire suas duvidas sobre o Cadastro \u00danico.<\/strong> (Descubra se sua fam\u00edlia pode fazer parte do Cadastro \u00danico. D\u00e1 play no v\u00eddeo, que a gente te conta.)<\/p>\n\n\n\n<figure class=\"wp-block-video\"><video controls src=\"https:\/\/desenvolvimentosocial.rc.sp.gov.br\/wp-content\/uploads\/2025\/04\/cad-unico-10.mp4\"><\/video><\/figure>\n\n\n\n<p><\/p>\n\n\n\n<p><\/p>\n\n\n\n<p><strong>Tire suas duvidas sobre o Cadastro \u00danico.<\/strong> (Fomos \u00e0s ruas para desafiar as pessoas com perguntas sobre o Cadastro \u00danico! E a\u00ed, voc\u00ea saberia responder)<\/p>\n\n\n\n<figure class=\"wp-block-video\"><video controls src=\"https:\/\/desenvolvimentosocial.rc.sp.gov.br\/wp-content\/uploads\/2025\/04\/cad-unico-11.mp4\"><\/video><\/figure>\n","protected":false},"excerpt":{"rendered":"<p>Campanha Contra o Ass\u00e9dio Moral aos\/ as Trabalhadores\/ as do SUAS Sobre o SUAS (Sistema \u00danico de Assist\u00eancia Social) Qual [&hellip;]<\/p>\n","protected":false},"author":2,"featured_media":0,"parent":0,"menu_order":0,"comment_status":"closed","ping_status":"closed","template":"","meta":{"site-sidebar-layout":"default","site-content-layout":"","ast-site-content-layout":"default","site-content-style":"default","site-sidebar-style":"default","ast-global-header-display":"","ast-banner-title-visibility":"","ast-main-header-display":"","ast-hfb-above-header-display":"","ast-hfb-below-header-display":"","ast-hfb-mobile-header-display":"","site-post-title":"","ast-breadcrumbs-content":"","ast-featured-img":"","footer-sml-layout":"","theme-transparent-header-meta":"","adv-header-id-meta":"","stick-header-meta":"","header-above-stick-meta":"","header-main-stick-meta":"","header-below-stick-meta":"","astra-migrate-meta-layouts":"default","ast-page-background-enabled":"default","ast-page-background-meta":{"desktop":{"background-color":"var(--ast-global-color-5)","background-image":"","background-repeat":"repeat","background-position":"center center","background-size":"auto","background-attachment":"scroll","background-type":"","background-media":"","overlay-type":"","overlay-color":"","overlay-opacity":"","overlay-gradient":""},"tablet":{"background-color":"","background-image":"","background-repeat":"repeat","background-position":"center center","background-size":"auto","background-attachment":"scroll","background-type":"","background-media":"","overlay-type":"","overlay-color":"","overlay-opacity":"","overlay-gradient":""},"mobile":{"background-color":"","background-image":"","background-repeat":"repeat","background-position":"center center","background-size":"auto","background-attachment":"scroll","background-type":"","background-media":"","overlay-type":"","overlay-color":"","overlay-opacity":"","overlay-gradient":""}},"ast-content-background-meta":{"desktop":{"background-color":"var(--ast-global-color-4)","background-image":"","background-repeat":"repeat","background-position":"center center","background-size":"auto","background-attachment":"scroll","background-type":"","background-media":"","overlay-type":"","overlay-color":"","overlay-opacity":"","overlay-gradient":""},"tablet":{"background-color":"var(--ast-global-color-4)","background-image":"","background-repeat":"repeat","background-position":"center center","background-size":"auto","background-attachment":"scroll","background-type":"","background-media":"","overlay-type":"","overlay-color":"","overlay-opacity":"","overlay-gradient":""},"mobile":{"background-color":"var(--ast-global-color-4)","background-image":"","background-repeat":"repeat","background-position":"center center","background-size":"auto","background-attachment":"scroll","background-type":"","background-media":"","overlay-type":"","overlay-color":"","overlay-opacity":"","overlay-gradient":""}},"footnotes":""},"class_list":["post-2663","page","type-page","status-publish","hentry"],"_links":{"self":[{"href":"https:\/\/desenvolvimentosocial.rc.sp.gov.br\/index.php?rest_route=\/wp\/v2\/pages\/2663","targetHints":{"allow":["GET"]}}],"collection":[{"href":"https:\/\/desenvolvimentosocial.rc.sp.gov.br\/index.php?rest_route=\/wp\/v2\/pages"}],"about":[{"href":"https:\/\/desenvolvimentosocial.rc.sp.gov.br\/index.php?rest_route=\/wp\/v2\/types\/page"}],"author":[{"embeddable":true,"href":"https:\/\/desenvolvimentosocial.rc.sp.gov.br\/index.php?rest_route=\/wp\/v2\/users\/2"}],"replies":[{"embeddable":true,"href":"https:\/\/desenvolvimentosocial.rc.sp.gov.br\/index.php?rest_route=%2Fwp%2Fv2%2Fcomments&post=2663"}],"version-history":[{"count":8,"href":"https:\/\/desenvolvimentosocial.rc.sp.gov.br\/index.php?rest_route=\/wp\/v2\/pages\/2663\/revisions"}],"predecessor-version":[{"id":3678,"href":"https:\/\/desenvolvimentosocial.rc.sp.gov.br\/index.php?rest_route=\/wp\/v2\/pages\/2663\/revisions\/3678"}],"wp:attachment":[{"href":"https:\/\/desenvolvimentosocial.rc.sp.gov.br\/index.php?rest_route=%2Fwp%2Fv2%2Fmedia&parent=2663"}],"curies":[{"name":"wp","href":"https:\/\/api.w.org\/{rel}","templated":true}]}}