{"id":2843,"date":"2025-05-07T11:12:16","date_gmt":"2025-05-07T14:12:16","guid":{"rendered":"https:\/\/desenvolvimentosocial.rc.sp.gov.br\/?page_id=2843"},"modified":"2025-05-13T15:42:38","modified_gmt":"2025-05-13T18:42:38","slug":"feiras","status":"publish","type":"page","link":"https:\/\/desenvolvimentosocial.rc.sp.gov.br\/?page_id=2843","title":{"rendered":"Feiras"},"content":{"rendered":"\n<figure class=\"wp-block-image size-large\"><img loading=\"lazy\" decoding=\"async\" width=\"1024\" height=\"460\" src=\"https:\/\/desenvolvimentosocial.rc.sp.gov.br\/wp-content\/uploads\/2025\/05\/WhatsApp-Image-2025-05-13-at-11.34.40-1024x460.jpeg\" alt=\"\" class=\"wp-image-2904\" srcset=\"https:\/\/desenvolvimentosocial.rc.sp.gov.br\/wp-content\/uploads\/2025\/05\/WhatsApp-Image-2025-05-13-at-11.34.40-1024x460.jpeg 1024w, https:\/\/desenvolvimentosocial.rc.sp.gov.br\/wp-content\/uploads\/2025\/05\/WhatsApp-Image-2025-05-13-at-11.34.40-300x135.jpeg 300w, https:\/\/desenvolvimentosocial.rc.sp.gov.br\/wp-content\/uploads\/2025\/05\/WhatsApp-Image-2025-05-13-at-11.34.40-768x345.jpeg 768w, https:\/\/desenvolvimentosocial.rc.sp.gov.br\/wp-content\/uploads\/2025\/05\/WhatsApp-Image-2025-05-13-at-11.34.40-1536x690.jpeg 1536w, https:\/\/desenvolvimentosocial.rc.sp.gov.br\/wp-content\/uploads\/2025\/05\/WhatsApp-Image-2025-05-13-at-11.34.40.jpeg 1600w\" sizes=\"auto, (max-width: 1024px) 100vw, 1024px\" \/><\/figure>\n\n\n\n<p>As <strong>feiras de economia solid\u00e1ria<\/strong> surgem como uma alternativa para o <strong>desenvolvimento socioecon\u00f4mico local<\/strong>.<br>A <strong>participa\u00e7\u00e3o da sociedade<\/strong> em projetos empreendedores locais vem no intuito de <strong>valorizar a<br>comunidade<\/strong> atrav\u00e9s do <strong>incentivo ao com\u00e9rcio, ao servi\u00e7o, ao lazer e \u00e0 cultura<\/strong>, estimulando assim, um <strong>ambiente favor\u00e1vel \u00e0 solidariedade.<\/strong><br>A economia solid\u00e1ria, por meio das feiras, favorece a <strong>integra\u00e7\u00e3o social, cultural e econ\u00f4mica sustent\u00e1vel<\/strong><br>no sentido de uma <strong>economia cooperada e de autogest\u00e3o<\/strong>, em que a solidariedade e a comercializa\u00e7\u00e3o de produtos artesanais, alimenta\u00e7\u00e3o e presta\u00e7\u00e3o de servi\u00e7os se fazem presentes no dia a dia da economia.<br>A <strong>Feira de Economia Solid\u00e1ria<\/strong> oferece um espa\u00e7o para que os <strong>empreendimentos econ\u00f4micos solid\u00e1rios<\/strong> fa\u00e7am a <strong>exposi\u00e7\u00e3o e comercializa\u00e7\u00e3o de seus produtos<\/strong>, funcionando como um ponto fixo de comercializa\u00e7\u00e3o.<\/p>\n\n\n\n<p>Atualmente as feiras contam com 3 pontos fixos sendo:<\/p>\n\n\n\n<ul class=\"wp-block-list\">\n<li><strong>Pra\u00e7a Central Jardim P\u00fablico<\/strong><\/li>\n\n\n\n<li><strong>N\u00facleo Administrativo Municipal &#8211; NAM<\/strong><\/li>\n\n\n\n<li><strong>Parque Lago Azul<\/strong><\/li>\n<\/ul>\n\n\n\n<p><em>*Al\u00e9m das feiras extras ocorrem em toda a cidade.<\/em><\/p>\n\n\n\n<p>Para se informar sobre as datas e locais das feiras, acompanhe mensalmente as nossas agendas.<\/p>\n\n\n\n<p>>><a href=\"https:\/\/desenvolvimentosocial.rc.sp.gov.br\/?page_id=2898\">Cronograma das Feiras de Economia Solidaria<\/a>&lt;&lt;<\/p>\n","protected":false},"excerpt":{"rendered":"<p>As feiras de economia solid\u00e1ria surgem como uma alternativa para o desenvolvimento socioecon\u00f4mico local.A participa\u00e7\u00e3o da sociedade em projetos empreendedores [&hellip;]<\/p>\n","protected":false},"author":2,"featured_media":0,"parent":0,"menu_order":0,"comment_status":"closed","ping_status":"closed","template":"","meta":{"site-sidebar-layout":"default","site-content-layout":"","ast-site-content-layout":"default","site-content-style":"default","site-sidebar-style":"default","ast-global-header-display":"","ast-banner-title-visibility":"","ast-main-header-display":"","ast-hfb-above-header-display":"","ast-hfb-below-header-display":"","ast-hfb-mobile-header-display":"","site-post-title":"","ast-breadcrumbs-content":"","ast-featured-img":"","footer-sml-layout":"","theme-transparent-header-meta":"","adv-header-id-meta":"","stick-header-meta":"","header-above-stick-meta":"","header-main-stick-meta":"","header-below-stick-meta":"","astra-migrate-meta-layouts":"default","ast-page-background-enabled":"default","ast-page-background-meta":{"desktop":{"background-color":"var(--ast-global-color-5)","background-image":"","background-repeat":"repeat","background-position":"center center","background-size":"auto","background-attachment":"scroll","background-type":"","background-media":"","overlay-type":"","overlay-color":"","overlay-opacity":"","overlay-gradient":""},"tablet":{"background-color":"","background-image":"","background-repeat":"repeat","background-position":"center center","background-size":"auto","background-attachment":"scroll","background-type":"","background-media":"","overlay-type":"","overlay-color":"","overlay-opacity":"","overlay-gradient":""},"mobile":{"background-color":"","background-image":"","background-repeat":"repeat","background-position":"center center","background-size":"auto","background-attachment":"scroll","background-type":"","background-media":"","overlay-type":"","overlay-color":"","overlay-opacity":"","overlay-gradient":""}},"ast-content-background-meta":{"desktop":{"background-color":"var(--ast-global-color-4)","background-image":"","background-repeat":"repeat","background-position":"center center","background-size":"auto","background-attachment":"scroll","background-type":"","background-media":"","overlay-type":"","overlay-color":"","overlay-opacity":"","overlay-gradient":""},"tablet":{"background-color":"var(--ast-global-color-4)","background-image":"","background-repeat":"repeat","background-position":"center center","background-size":"auto","background-attachment":"scroll","background-type":"","background-media":"","overlay-type":"","overlay-color":"","overlay-opacity":"","overlay-gradient":""},"mobile":{"background-color":"var(--ast-global-color-4)","background-image":"","background-repeat":"repeat","background-position":"center center","background-size":"auto","background-attachment":"scroll","background-type":"","background-media":"","overlay-type":"","overlay-color":"","overlay-opacity":"","overlay-gradient":""}},"footnotes":""},"class_list":["post-2843","page","type-page","status-publish","hentry"],"_links":{"self":[{"href":"https:\/\/desenvolvimentosocial.rc.sp.gov.br\/index.php?rest_route=\/wp\/v2\/pages\/2843","targetHints":{"allow":["GET"]}}],"collection":[{"href":"https:\/\/desenvolvimentosocial.rc.sp.gov.br\/index.php?rest_route=\/wp\/v2\/pages"}],"about":[{"href":"https:\/\/desenvolvimentosocial.rc.sp.gov.br\/index.php?rest_route=\/wp\/v2\/types\/page"}],"author":[{"embeddable":true,"href":"https:\/\/desenvolvimentosocial.rc.sp.gov.br\/index.php?rest_route=\/wp\/v2\/users\/2"}],"replies":[{"embeddable":true,"href":"https:\/\/desenvolvimentosocial.rc.sp.gov.br\/index.php?rest_route=%2Fwp%2Fv2%2Fcomments&post=2843"}],"version-history":[{"count":2,"href":"https:\/\/desenvolvimentosocial.rc.sp.gov.br\/index.php?rest_route=\/wp\/v2\/pages\/2843\/revisions"}],"predecessor-version":[{"id":2905,"href":"https:\/\/desenvolvimentosocial.rc.sp.gov.br\/index.php?rest_route=\/wp\/v2\/pages\/2843\/revisions\/2905"}],"wp:attachment":[{"href":"https:\/\/desenvolvimentosocial.rc.sp.gov.br\/index.php?rest_route=%2Fwp%2Fv2%2Fmedia&parent=2843"}],"curies":[{"name":"wp","href":"https:\/\/api.w.org\/{rel}","templated":true}]}}