{"id":3375,"date":"2025-06-08T14:28:37","date_gmt":"2025-06-08T17:28:37","guid":{"rendered":"https:\/\/desenvolvimentosocial.rc.sp.gov.br\/?page_id=3375"},"modified":"2025-06-08T14:31:27","modified_gmt":"2025-06-08T17:31:27","slug":"quem-tem-direito-ao-bolsa-familia","status":"publish","type":"page","link":"https:\/\/desenvolvimentosocial.rc.sp.gov.br\/?page_id=3375","title":{"rendered":"Quem tem direito ao Bolsa Fam\u00edlia?"},"content":{"rendered":"\n<figure class=\"wp-block-image aligncenter size-full\"><img loading=\"lazy\" decoding=\"async\" width=\"1024\" height=\"576\" src=\"https:\/\/desenvolvimentosocial.rc.sp.gov.br\/wp-content\/uploads\/2025\/06\/bolsa-1024x576-1.webp\" alt=\"\" class=\"wp-image-3379\" srcset=\"https:\/\/desenvolvimentosocial.rc.sp.gov.br\/wp-content\/uploads\/2025\/06\/bolsa-1024x576-1.webp 1024w, https:\/\/desenvolvimentosocial.rc.sp.gov.br\/wp-content\/uploads\/2025\/06\/bolsa-1024x576-1-300x169.webp 300w, https:\/\/desenvolvimentosocial.rc.sp.gov.br\/wp-content\/uploads\/2025\/06\/bolsa-1024x576-1-768x432.webp 768w\" sizes=\"auto, (max-width: 1024px) 100vw, 1024px\" \/><\/figure>\n\n\n\n<p class=\"has-text-align-center\">O Bolsa Fam\u00edlia \u00e9 um programa de transfer\u00eancia de renda voltado para fam\u00edlias em situa\u00e7\u00e3o de pobreza ou extrema pobreza.<\/p>\n\n\n\n<p class=\"has-medium-font-size\"><strong>\ud83d\udc68\u200d\ud83d\udc69\u200d\ud83d\udc67 Requisitos principais:<\/strong><\/p>\n\n\n\n<p><br>Estar com o <strong>Cadastro \u00danico atualizado<\/strong> (CAD\u00daNICO);<\/p>\n\n\n\n<p>Ter <strong>renda familiar por pessoa de at\u00e9 R$ 218,00 por m\u00eas<\/strong>.<\/p>\n\n\n\n<p>\ud83d\udca1 Exemplo: Se uma fam\u00edlia de 4 pessoas tem renda total de at\u00e9 R$ 872,00 por m\u00eas, ela pode ter direito.<\/p>\n\n\n\n<p class=\"has-medium-font-size\"><strong>\ud83d\udce6 Benef\u00edcios:<\/strong><\/p>\n\n\n\n<ul class=\"wp-block-list\">\n<li>Valor base de <strong>R$ 600,00<\/strong> por fam\u00edlia;<\/li>\n\n\n\n<li><strong>R$ 150,00 extras por crian\u00e7a<\/strong> de at\u00e9 6 anos;<\/li>\n\n\n\n<li><strong>R$ 50,00 extras<\/strong> para gestantes, jovens e crian\u00e7as de 7 a 18 anos.<\/li>\n<\/ul>\n\n\n\n<h1 class=\"wp-block-heading has-medium-font-size\"><strong>\ud83d\udccd<\/strong> <strong>Como Solicitar :<\/strong><\/h1>\n\n\n\n<ol class=\"wp-block-list\">\n<li>Fa\u00e7a ou atualize o seu <strong>Cadastro \u00danico<\/strong> no CRAS; Localize em (<a href=\"https:\/\/desenvolvimentosocial.rc.sp.gov.br\/?page_id=1270\">Unidades de Atendimento \u2013 Secretaria de Desenvolvimento Social<\/a>)<\/li>\n\n\n\n<li>N\u00e3o \u00e9 preciso se inscrever no Bolsa Fam\u00edlia \u2014 se tiver direito, o governo avalia automaticamente;<\/li>\n\n\n\n<li>Acompanhe pelo aplicativo <strong>Bolsa Fam\u00edlia<\/strong> ou <strong>Cad\u00danico<\/strong>.<\/li>\n<\/ol>\n\n\n\n<p><\/p>\n","protected":false},"excerpt":{"rendered":"<p>O Bolsa Fam\u00edlia \u00e9 um programa de transfer\u00eancia de renda voltado para fam\u00edlias em situa\u00e7\u00e3o de pobreza ou extrema pobreza. [&hellip;]<\/p>\n","protected":false},"author":2,"featured_media":0,"parent":0,"menu_order":0,"comment_status":"closed","ping_status":"closed","template":"","meta":{"site-sidebar-layout":"default","site-content-layout":"","ast-site-content-layout":"default","site-content-style":"default","site-sidebar-style":"default","ast-global-header-display":"","ast-banner-title-visibility":"","ast-main-header-display":"","ast-hfb-above-header-display":"","ast-hfb-below-header-display":"","ast-hfb-mobile-header-display":"","site-post-title":"","ast-breadcrumbs-content":"","ast-featured-img":"","footer-sml-layout":"","theme-transparent-header-meta":"","adv-header-id-meta":"","stick-header-meta":"","header-above-stick-meta":"","header-main-stick-meta":"","header-below-stick-meta":"","astra-migrate-meta-layouts":"default","ast-page-background-enabled":"default","ast-page-background-meta":{"desktop":{"background-color":"var(--ast-global-color-5)","background-image":"","background-repeat":"repeat","background-position":"center center","background-size":"auto","background-attachment":"scroll","background-type":"","background-media":"","overlay-type":"","overlay-color":"","overlay-opacity":"","overlay-gradient":""},"tablet":{"background-color":"","background-image":"","background-repeat":"repeat","background-position":"center center","background-size":"auto","background-attachment":"scroll","background-type":"","background-media":"","overlay-type":"","overlay-color":"","overlay-opacity":"","overlay-gradient":""},"mobile":{"background-color":"","background-image":"","background-repeat":"repeat","background-position":"center center","background-size":"auto","background-attachment":"scroll","background-type":"","background-media":"","overlay-type":"","overlay-color":"","overlay-opacity":"","overlay-gradient":""}},"ast-content-background-meta":{"desktop":{"background-color":"var(--ast-global-color-4)","background-image":"","background-repeat":"repeat","background-position":"center center","background-size":"auto","background-attachment":"scroll","background-type":"","background-media":"","overlay-type":"","overlay-color":"","overlay-opacity":"","overlay-gradient":""},"tablet":{"background-color":"var(--ast-global-color-4)","background-image":"","background-repeat":"repeat","background-position":"center center","background-size":"auto","background-attachment":"scroll","background-type":"","background-media":"","overlay-type":"","overlay-color":"","overlay-opacity":"","overlay-gradient":""},"mobile":{"background-color":"var(--ast-global-color-4)","background-image":"","background-repeat":"repeat","background-position":"center center","background-size":"auto","background-attachment":"scroll","background-type":"","background-media":"","overlay-type":"","overlay-color":"","overlay-opacity":"","overlay-gradient":""}},"footnotes":""},"class_list":["post-3375","page","type-page","status-publish","hentry"],"_links":{"self":[{"href":"https:\/\/desenvolvimentosocial.rc.sp.gov.br\/index.php?rest_route=\/wp\/v2\/pages\/3375","targetHints":{"allow":["GET"]}}],"collection":[{"href":"https:\/\/desenvolvimentosocial.rc.sp.gov.br\/index.php?rest_route=\/wp\/v2\/pages"}],"about":[{"href":"https:\/\/desenvolvimentosocial.rc.sp.gov.br\/index.php?rest_route=\/wp\/v2\/types\/page"}],"author":[{"embeddable":true,"href":"https:\/\/desenvolvimentosocial.rc.sp.gov.br\/index.php?rest_route=\/wp\/v2\/users\/2"}],"replies":[{"embeddable":true,"href":"https:\/\/desenvolvimentosocial.rc.sp.gov.br\/index.php?rest_route=%2Fwp%2Fv2%2Fcomments&post=3375"}],"version-history":[{"count":2,"href":"https:\/\/desenvolvimentosocial.rc.sp.gov.br\/index.php?rest_route=\/wp\/v2\/pages\/3375\/revisions"}],"predecessor-version":[{"id":3380,"href":"https:\/\/desenvolvimentosocial.rc.sp.gov.br\/index.php?rest_route=\/wp\/v2\/pages\/3375\/revisions\/3380"}],"wp:attachment":[{"href":"https:\/\/desenvolvimentosocial.rc.sp.gov.br\/index.php?rest_route=%2Fwp%2Fv2%2Fmedia&parent=3375"}],"curies":[{"name":"wp","href":"https:\/\/api.w.org\/{rel}","templated":true}]}}