{"id":3384,"date":"2025-06-08T14:36:20","date_gmt":"2025-06-08T17:36:20","guid":{"rendered":"https:\/\/desenvolvimentosocial.rc.sp.gov.br\/?page_id=3384"},"modified":"2025-06-08T15:00:07","modified_gmt":"2025-06-08T18:00:07","slug":"tarifa-social-de-energia-eletrica","status":"publish","type":"page","link":"https:\/\/desenvolvimentosocial.rc.sp.gov.br\/?page_id=3384","title":{"rendered":"Como Solicitar a Tarifa Social de Energia El\u00e9trica?"},"content":{"rendered":"\n<figure class=\"wp-block-image aligncenter size-full\"><img loading=\"lazy\" decoding=\"async\" width=\"900\" height=\"398\" src=\"https:\/\/desenvolvimentosocial.rc.sp.gov.br\/wp-content\/uploads\/2025\/06\/banner_tarifa_2018.jpg\" alt=\"\" class=\"wp-image-3385\" srcset=\"https:\/\/desenvolvimentosocial.rc.sp.gov.br\/wp-content\/uploads\/2025\/06\/banner_tarifa_2018.jpg 900w, https:\/\/desenvolvimentosocial.rc.sp.gov.br\/wp-content\/uploads\/2025\/06\/banner_tarifa_2018-300x133.jpg 300w, https:\/\/desenvolvimentosocial.rc.sp.gov.br\/wp-content\/uploads\/2025\/06\/banner_tarifa_2018-768x340.jpg 768w\" sizes=\"auto, (max-width: 900px) 100vw, 900px\" \/><\/figure>\n\n\n\n<p class=\"has-text-align-center\">A Tarifa Social oferece <strong>desconto na conta de luz<\/strong> para fam\u00edlias de baixa renda.<\/p>\n\n\n\n<h3 class=\"wp-block-heading\">\ud83d\udca1 Quem tem direito?<\/h3>\n\n\n\n<ul class=\"wp-block-list\">\n<li>Fam\u00edlias com <strong>renda de at\u00e9 meio sal\u00e1rio m\u00ednimo por pessoa<\/strong>;<\/li>\n\n\n\n<li>Fam\u00edlias com <strong>BPC (LOAS)<\/strong>;<\/li>\n\n\n\n<li>Quem recebe <strong>Bolsa Fam\u00edlia<\/strong>;<\/li>\n\n\n\n<li>Fam\u00edlias com pessoas com doen\u00e7as que exigem uso cont\u00ednuo de aparelhos el\u00e9tricos.<\/li>\n<\/ul>\n\n\n\n<h3 class=\"wp-block-heading\">\ud83e\uddfe O que precisa?<\/h3>\n\n\n\n<ul class=\"wp-block-list\">\n<li>Estar inscrito e com dados atualizados no <strong>Cadastro \u00danico<\/strong>;<\/li>\n\n\n\n<li>Informar o <strong>N\u00famero de Identifica\u00e7\u00e3o Social (NIS)<\/strong> \u00e0 distribuidora de energia.<\/li>\n<\/ul>\n\n\n\n<h3 class=\"wp-block-heading\">\u26a1 Como solicitar?<\/h3>\n\n\n\n<ul class=\"wp-block-list\">\n<li>Ligue para sua fornecedora de energia (Ex: Enel, CPFL, EDP etc.);<\/li>\n\n\n\n<li>Ou v\u00e1 at\u00e9 um posto de atendimento com seus documentos e NIS.<\/li>\n<\/ul>\n","protected":false},"excerpt":{"rendered":"<p>A Tarifa Social oferece desconto na conta de luz para fam\u00edlias de baixa renda. \ud83d\udca1 Quem tem direito? \ud83e\uddfe O [&hellip;]<\/p>\n","protected":false},"author":2,"featured_media":0,"parent":0,"menu_order":0,"comment_status":"closed","ping_status":"closed","template":"","meta":{"site-sidebar-layout":"default","site-content-layout":"","ast-site-content-layout":"default","site-content-style":"default","site-sidebar-style":"default","ast-global-header-display":"","ast-banner-title-visibility":"","ast-main-header-display":"","ast-hfb-above-header-display":"","ast-hfb-below-header-display":"","ast-hfb-mobile-header-display":"","site-post-title":"","ast-breadcrumbs-content":"","ast-featured-img":"","footer-sml-layout":"","theme-transparent-header-meta":"","adv-header-id-meta":"","stick-header-meta":"","header-above-stick-meta":"","header-main-stick-meta":"","header-below-stick-meta":"","astra-migrate-meta-layouts":"default","ast-page-background-enabled":"default","ast-page-background-meta":{"desktop":{"background-color":"var(--ast-global-color-5)","background-image":"","background-repeat":"repeat","background-position":"center center","background-size":"auto","background-attachment":"scroll","background-type":"","background-media":"","overlay-type":"","overlay-color":"","overlay-opacity":"","overlay-gradient":""},"tablet":{"background-color":"","background-image":"","background-repeat":"repeat","background-position":"center center","background-size":"auto","background-attachment":"scroll","background-type":"","background-media":"","overlay-type":"","overlay-color":"","overlay-opacity":"","overlay-gradient":""},"mobile":{"background-color":"","background-image":"","background-repeat":"repeat","background-position":"center center","background-size":"auto","background-attachment":"scroll","background-type":"","background-media":"","overlay-type":"","overlay-color":"","overlay-opacity":"","overlay-gradient":""}},"ast-content-background-meta":{"desktop":{"background-color":"var(--ast-global-color-4)","background-image":"","background-repeat":"repeat","background-position":"center center","background-size":"auto","background-attachment":"scroll","background-type":"","background-media":"","overlay-type":"","overlay-color":"","overlay-opacity":"","overlay-gradient":""},"tablet":{"background-color":"var(--ast-global-color-4)","background-image":"","background-repeat":"repeat","background-position":"center center","background-size":"auto","background-attachment":"scroll","background-type":"","background-media":"","overlay-type":"","overlay-color":"","overlay-opacity":"","overlay-gradient":""},"mobile":{"background-color":"var(--ast-global-color-4)","background-image":"","background-repeat":"repeat","background-position":"center center","background-size":"auto","background-attachment":"scroll","background-type":"","background-media":"","overlay-type":"","overlay-color":"","overlay-opacity":"","overlay-gradient":""}},"footnotes":""},"class_list":["post-3384","page","type-page","status-publish","hentry"],"_links":{"self":[{"href":"https:\/\/desenvolvimentosocial.rc.sp.gov.br\/index.php?rest_route=\/wp\/v2\/pages\/3384","targetHints":{"allow":["GET"]}}],"collection":[{"href":"https:\/\/desenvolvimentosocial.rc.sp.gov.br\/index.php?rest_route=\/wp\/v2\/pages"}],"about":[{"href":"https:\/\/desenvolvimentosocial.rc.sp.gov.br\/index.php?rest_route=\/wp\/v2\/types\/page"}],"author":[{"embeddable":true,"href":"https:\/\/desenvolvimentosocial.rc.sp.gov.br\/index.php?rest_route=\/wp\/v2\/users\/2"}],"replies":[{"embeddable":true,"href":"https:\/\/desenvolvimentosocial.rc.sp.gov.br\/index.php?rest_route=%2Fwp%2Fv2%2Fcomments&post=3384"}],"version-history":[{"count":3,"href":"https:\/\/desenvolvimentosocial.rc.sp.gov.br\/index.php?rest_route=\/wp\/v2\/pages\/3384\/revisions"}],"predecessor-version":[{"id":3408,"href":"https:\/\/desenvolvimentosocial.rc.sp.gov.br\/index.php?rest_route=\/wp\/v2\/pages\/3384\/revisions\/3408"}],"wp:attachment":[{"href":"https:\/\/desenvolvimentosocial.rc.sp.gov.br\/index.php?rest_route=%2Fwp%2Fv2%2Fmedia&parent=3384"}],"curies":[{"name":"wp","href":"https:\/\/api.w.org\/{rel}","templated":true}]}}