{"id":3797,"date":"2025-08-12T09:16:51","date_gmt":"2025-08-12T12:16:51","guid":{"rendered":"https:\/\/desenvolvimentosocial.rc.sp.gov.br\/?page_id=3797"},"modified":"2026-01-13T07:55:14","modified_gmt":"2026-01-13T10:55:14","slug":"bienio","status":"publish","type":"page","link":"https:\/\/desenvolvimentosocial.rc.sp.gov.br\/?page_id=3797","title":{"rendered":"Bi\u00eanio 2026\u20132027 (CMAS)"},"content":{"rendered":"\n<figure class=\"wp-block-image size-full\"><img loading=\"lazy\" decoding=\"async\" width=\"1024\" height=\"523\" src=\"https:\/\/desenvolvimentosocial.rc.sp.gov.br\/wp-content\/uploads\/2026\/01\/IMG_1181-1024x523-1.jpg\" alt=\"\" class=\"wp-image-4331\" srcset=\"https:\/\/desenvolvimentosocial.rc.sp.gov.br\/wp-content\/uploads\/2026\/01\/IMG_1181-1024x523-1.jpg 1024w, https:\/\/desenvolvimentosocial.rc.sp.gov.br\/wp-content\/uploads\/2026\/01\/IMG_1181-1024x523-1-300x153.jpg 300w, https:\/\/desenvolvimentosocial.rc.sp.gov.br\/wp-content\/uploads\/2026\/01\/IMG_1181-1024x523-1-768x392.jpg 768w\" sizes=\"auto, (max-width: 1024px) 100vw, 1024px\" \/><\/figure>\n\n\n\n<p><strong>Posse dos Conselheiros Eleitos do CMAS 2026-2028<\/strong><\/p>\n\n\n\n<p>Ontem (09\/01), a Prefeitura de Rio Claro realizou em conjunto a Secretaria Municipal de Desenvolvimento Social de Rio Claro, a posse dos novos conselheiros do Conselho Municipal da Assist\u00eancia Social (CMAS), refor\u00e7ando o compromisso com a participa\u00e7\u00e3o social, o controle democr\u00e1tico e o fortalecimento das pol\u00edticas p\u00fablicas de assist\u00eancia social no munic\u00edpio.<\/p>\n\n\n\n<p>Parabenizamos todos os conselheiros empossados e desejamos um mandato de di\u00e1logo, responsabilidade e dedica\u00e7\u00e3o \u00e0 garantia de direitos.<\/p>\n\n\n\n<p><\/p>\n\n\n\n<figure class=\"wp-block-image size-large\"><img loading=\"lazy\" decoding=\"async\" width=\"1024\" height=\"693\" src=\"https:\/\/desenvolvimentosocial.rc.sp.gov.br\/wp-content\/uploads\/2026\/01\/WhatsApp-Image-2026-01-12-at-11.04.21-1-1024x693.jpeg\" alt=\"\" class=\"wp-image-4333\" srcset=\"https:\/\/desenvolvimentosocial.rc.sp.gov.br\/wp-content\/uploads\/2026\/01\/WhatsApp-Image-2026-01-12-at-11.04.21-1-1024x693.jpeg 1024w, https:\/\/desenvolvimentosocial.rc.sp.gov.br\/wp-content\/uploads\/2026\/01\/WhatsApp-Image-2026-01-12-at-11.04.21-1-300x203.jpeg 300w, https:\/\/desenvolvimentosocial.rc.sp.gov.br\/wp-content\/uploads\/2026\/01\/WhatsApp-Image-2026-01-12-at-11.04.21-1-768x520.jpeg 768w, https:\/\/desenvolvimentosocial.rc.sp.gov.br\/wp-content\/uploads\/2026\/01\/WhatsApp-Image-2026-01-12-at-11.04.21-1.jpeg 1200w\" sizes=\"auto, (max-width: 1024px) 100vw, 1024px\" \/><\/figure>\n\n\n\n<p>Nesta segunda-feira, 12 de janeiro, foi realizada a elei\u00e7\u00e3o da nova diretoria do Conselho Municipal de Assist\u00eancia Social (CMAS), durante reuni\u00e3o ordin\u00e1ria na Casa dos Conselhos.<br>Para o bi\u00eanio 2026\u20132027, foram eleitos: Eliana Cristina Vaz da Silva (Presidente), Mara Regina Dias (Vice-Presidente), Andrey Luiz Sep\u00falveda (Primeiro-Secret\u00e1rio) e Gabriele Mari Pizzirani Campos (Segunda-Secret\u00e1ria), representando o Educand\u00e1rio Santa Maria Goretti.<br>A nova diretoria mant\u00e9m a representatividade entre Poder P\u00fablico e Sociedade Civil, fortalecendo o controle social e a pol\u00edtica de assist\u00eancia social no munic\u00edpio.<\/p>\n\n\n\n<p><\/p>\n","protected":false},"excerpt":{"rendered":"<p>Posse dos Conselheiros Eleitos do CMAS 2026-2028 Ontem (09\/01), a Prefeitura de Rio Claro realizou em conjunto a Secretaria Municipal [&hellip;]<\/p>\n","protected":false},"author":2,"featured_media":0,"parent":0,"menu_order":0,"comment_status":"closed","ping_status":"closed","template":"","meta":{"site-sidebar-layout":"default","site-content-layout":"","ast-site-content-layout":"default","site-content-style":"default","site-sidebar-style":"default","ast-global-header-display":"","ast-banner-title-visibility":"","ast-main-header-display":"","ast-hfb-above-header-display":"","ast-hfb-below-header-display":"","ast-hfb-mobile-header-display":"","site-post-title":"","ast-breadcrumbs-content":"","ast-featured-img":"","footer-sml-layout":"","theme-transparent-header-meta":"","adv-header-id-meta":"","stick-header-meta":"","header-above-stick-meta":"","header-main-stick-meta":"","header-below-stick-meta":"","astra-migrate-meta-layouts":"default","ast-page-background-enabled":"default","ast-page-background-meta":{"desktop":{"background-color":"var(--ast-global-color-5)","background-image":"","background-repeat":"repeat","background-position":"center center","background-size":"auto","background-attachment":"scroll","background-type":"","background-media":"","overlay-type":"","overlay-color":"","overlay-opacity":"","overlay-gradient":""},"tablet":{"background-color":"","background-image":"","background-repeat":"repeat","background-position":"center center","background-size":"auto","background-attachment":"scroll","background-type":"","background-media":"","overlay-type":"","overlay-color":"","overlay-opacity":"","overlay-gradient":""},"mobile":{"background-color":"","background-image":"","background-repeat":"repeat","background-position":"center center","background-size":"auto","background-attachment":"scroll","background-type":"","background-media":"","overlay-type":"","overlay-color":"","overlay-opacity":"","overlay-gradient":""}},"ast-content-background-meta":{"desktop":{"background-color":"var(--ast-global-color-4)","background-image":"","background-repeat":"repeat","background-position":"center center","background-size":"auto","background-attachment":"scroll","background-type":"","background-media":"","overlay-type":"","overlay-color":"","overlay-opacity":"","overlay-gradient":""},"tablet":{"background-color":"var(--ast-global-color-4)","background-image":"","background-repeat":"repeat","background-position":"center center","background-size":"auto","background-attachment":"scroll","background-type":"","background-media":"","overlay-type":"","overlay-color":"","overlay-opacity":"","overlay-gradient":""},"mobile":{"background-color":"var(--ast-global-color-4)","background-image":"","background-repeat":"repeat","background-position":"center center","background-size":"auto","background-attachment":"scroll","background-type":"","background-media":"","overlay-type":"","overlay-color":"","overlay-opacity":"","overlay-gradient":""}},"footnotes":""},"class_list":["post-3797","page","type-page","status-publish","hentry"],"_links":{"self":[{"href":"https:\/\/desenvolvimentosocial.rc.sp.gov.br\/index.php?rest_route=\/wp\/v2\/pages\/3797","targetHints":{"allow":["GET"]}}],"collection":[{"href":"https:\/\/desenvolvimentosocial.rc.sp.gov.br\/index.php?rest_route=\/wp\/v2\/pages"}],"about":[{"href":"https:\/\/desenvolvimentosocial.rc.sp.gov.br\/index.php?rest_route=\/wp\/v2\/types\/page"}],"author":[{"embeddable":true,"href":"https:\/\/desenvolvimentosocial.rc.sp.gov.br\/index.php?rest_route=\/wp\/v2\/users\/2"}],"replies":[{"embeddable":true,"href":"https:\/\/desenvolvimentosocial.rc.sp.gov.br\/index.php?rest_route=%2Fwp%2Fv2%2Fcomments&post=3797"}],"version-history":[{"count":4,"href":"https:\/\/desenvolvimentosocial.rc.sp.gov.br\/index.php?rest_route=\/wp\/v2\/pages\/3797\/revisions"}],"predecessor-version":[{"id":4335,"href":"https:\/\/desenvolvimentosocial.rc.sp.gov.br\/index.php?rest_route=\/wp\/v2\/pages\/3797\/revisions\/4335"}],"wp:attachment":[{"href":"https:\/\/desenvolvimentosocial.rc.sp.gov.br\/index.php?rest_route=%2Fwp%2Fv2%2Fmedia&parent=3797"}],"curies":[{"name":"wp","href":"https:\/\/api.w.org\/{rel}","templated":true}]}}