{"id":3802,"date":"2025-08-12T09:23:20","date_gmt":"2025-08-12T12:23:20","guid":{"rendered":"https:\/\/desenvolvimentosocial.rc.sp.gov.br\/?page_id=3802"},"modified":"2025-08-13T10:43:31","modified_gmt":"2025-08-13T13:43:31","slug":"cmdca-27-06-2024-a-27-06-2026","status":"publish","type":"page","link":"https:\/\/desenvolvimentosocial.rc.sp.gov.br\/?page_id=3802","title":{"rendered":"CMDCA: 27\/06\/2024 \u00e0 27\/06\/2026;"},"content":{"rendered":"\n<p><strong>CONSELHEIROS CMDCA 2024\/2026<\/strong><\/p>\n\n\n\n<p><strong>CONSELHO MUNICIPAL DOS DIREITOS DA CRIAN\u00c7A E DO ADOLESCENTE&nbsp;<\/strong>\u2013 Rio Claro \/ SP<\/p>\n\n\n\n<p><strong>REPRESENTANTES GOVERNAMENTAIS:<\/strong><\/p>\n\n\n\n<p><\/p>\n\n\n\n<p><strong>Secretaria Municipal do Desenvolvimento Social:<\/strong><\/p>\n\n\n\n<ul class=\"wp-block-list\">\n<li>Larissa Bergamo Zanardo \u2013 Titular<\/li>\n\n\n\n<li>Gabrieli Ap. Lopes Filippi \u2013 Suplente<\/li>\n<\/ul>\n\n\n\n<p><strong>Secretaria Municipal de Educa\u00e7\u00e3o:<\/strong><\/p>\n\n\n\n<ul class=\"wp-block-list\">\n<li>Vanessa Carneiro Bonina Lima Magri \u2013 Titular<\/li>\n\n\n\n<li>Jefferson Mello de Souza \u2013 Suplente<\/li>\n<\/ul>\n\n\n\n<p><strong>Secretaria Municipal de Esportes:<\/strong><\/p>\n\n\n\n<ul class=\"wp-block-list\">\n<li>Silvino Marques da Cunha Jr. \u2013 Titular<\/li>\n\n\n\n<li>Paulo Augusto Coelho da Fonseca \u2013 Suplente<\/li>\n<\/ul>\n\n\n\n<p><strong>Secretaria Municipal de Cultura:<\/strong><\/p>\n\n\n\n<ul class=\"wp-block-list\">\n<li>Kelly Marco Tullio \u2013 Titular<\/li>\n\n\n\n<li>Nivaldo Cambui do Nascimento \u2013 Suplente<\/li>\n<\/ul>\n\n\n\n<p><strong>Secretaria Municipal de Justi\u00e7a:<\/strong><\/p>\n\n\n\n<ul class=\"wp-block-list\">\n<li>Rosemari Aparecida Castello da Silva \u2013 Titular<\/li>\n\n\n\n<li>&nbsp;Michele Garcia de Magalh\u00e3es \u2013 Suplente<\/li>\n<\/ul>\n\n\n\n<p><strong>Secretaria Municipal de Finan\u00e7as:<\/strong><\/p>\n\n\n\n<ul class=\"wp-block-list\">\n<li>Luciana Benedini Lemos \u2013 Titular<\/li>\n\n\n\n<li>Rodrigo da Costa Pereira \u2013 Suplente<\/li>\n<\/ul>\n\n\n\n<p><strong>Funda\u00e7\u00e3o Municipal de Sa\u00fade:<\/strong><\/p>\n\n\n\n<ul class=\"wp-block-list\">\n<li>Nathalia Cristina G. de Almeida Rodrigues \u2013 Titular<\/li>\n\n\n\n<li>&nbsp;Jociellen F. Goia de Souza \u2013 Suplente<\/li>\n<\/ul>\n\n\n\n<p><strong>Secretaria Municipal de Meio Ambiente e Desenvolvimento Sustent\u00e1vel:<\/strong><\/p>\n\n\n\n<ul class=\"wp-block-list\">\n<li>Alberto Carlos Rojo Merino \u2013 Titular<\/li>\n\n\n\n<li>Alcir Jose Russo Junior \u2013 Suplente<\/li>\n<\/ul>\n\n\n\n<p><\/p>\n\n\n\n<p><strong>REPRESENTANTES DA SOCIEDADE CIVIL:<\/strong><\/p>\n\n\n\n<p><strong>ADRA &#8211; Ag\u00eancia Adventista de Desenvolvimento e Recursos Assistenciais<\/strong><\/p>\n\n\n\n<ul class=\"wp-block-list\">\n<li>Rosane de Lima&nbsp; Borges \u2013 Titular<\/li>\n\n\n\n<li>M\u00e9rian Tauane Miranda Xavier Ferreira \u2013 Suplente<\/li>\n<\/ul>\n\n\n\n<p><\/p>\n\n\n\n<p><strong>Associa\u00e7\u00e3o Beneficiente N\u00facleo Arte e Vida<\/strong>:<\/p>\n\n\n\n<ul class=\"wp-block-list\">\n<li>Leonardo Manoel Alves \u2013 Titular&nbsp;<\/li>\n\n\n\n<li>Adriana de Lima Vellosa \u2013 Suplente&nbsp;<\/li>\n<\/ul>\n\n\n\n<p><\/p>\n\n\n\n<p><strong>Irmandade da Santa Casa de Miseric\u00f3rdia de Rio Claro<\/strong>:<\/p>\n\n\n\n<ul class=\"wp-block-list\">\n<li>Larissa Loureiro \u2013 Titular<\/li>\n\n\n\n<li>Priscila Sabrina de Godoy \u2013 Suplente<\/li>\n<\/ul>\n\n\n\n<p><\/p>\n\n\n\n<p><strong>A\u00e7\u00e3o Educacional Claretiano<\/strong>:<\/p>\n\n\n\n<ul class=\"wp-block-list\">\n<li>Evelin de Lima Mendes da Cruz \u2013 Titular<\/li>\n\n\n\n<li>Patricia Radirge Bronzelli Naitzki \u2013 Suplente<\/li>\n<\/ul>\n\n\n\n<p><\/p>\n\n\n\n<p><strong>APAE &#8211; Associa\u00e7\u00e3o de Pais e Amigos dos Excepcionais de Rio Claro\/SP<\/strong>:<\/p>\n\n\n\n<ul class=\"wp-block-list\">\n<li>Daniel Bastos Buchdid \u2013 Titular<\/li>\n\n\n\n<li>Vera L\u00facia da Silva \u2013 Suplente<\/li>\n<\/ul>\n\n\n\n<p><\/p>\n\n\n\n<p><strong>Instituto Crescer no Esporte<\/strong>:<\/p>\n\n\n\n<ul class=\"wp-block-list\">\n<li>Alexandre Contatto Colagrai \u2013 Titular<\/li>\n\n\n\n<li>Luiza Adolpho Contato \u2013 Suplente<\/li>\n<\/ul>\n\n\n\n<p><\/p>\n\n\n\n<p><strong>UDAM &#8211; Uni\u00e3o de Amigos<\/strong>:<\/p>\n\n\n\n<ul class=\"wp-block-list\">\n<li>Erica Cristina Belomi<\/li>\n\n\n\n<li>Karla Carolina Bonif\u00e1cio Isler<\/li>\n<\/ul>\n","protected":false},"excerpt":{"rendered":"<p>CONSELHEIROS CMDCA 2024\/2026 CONSELHO MUNICIPAL DOS DIREITOS DA CRIAN\u00c7A E DO ADOLESCENTE&nbsp;\u2013 Rio Claro \/ SP REPRESENTANTES GOVERNAMENTAIS: Secretaria Municipal [&hellip;]<\/p>\n","protected":false},"author":2,"featured_media":0,"parent":0,"menu_order":0,"comment_status":"closed","ping_status":"closed","template":"","meta":{"site-sidebar-layout":"default","site-content-layout":"","ast-site-content-layout":"default","site-content-style":"default","site-sidebar-style":"default","ast-global-header-display":"","ast-banner-title-visibility":"","ast-main-header-display":"","ast-hfb-above-header-display":"","ast-hfb-below-header-display":"","ast-hfb-mobile-header-display":"","site-post-title":"","ast-breadcrumbs-content":"","ast-featured-img":"","footer-sml-layout":"","theme-transparent-header-meta":"","adv-header-id-meta":"","stick-header-meta":"","header-above-stick-meta":"","header-main-stick-meta":"","header-below-stick-meta":"","astra-migrate-meta-layouts":"default","ast-page-background-enabled":"default","ast-page-background-meta":{"desktop":{"background-color":"var(--ast-global-color-5)","background-image":"","background-repeat":"repeat","background-position":"center center","background-size":"auto","background-attachment":"scroll","background-type":"","background-media":"","overlay-type":"","overlay-color":"","overlay-opacity":"","overlay-gradient":""},"tablet":{"background-color":"","background-image":"","background-repeat":"repeat","background-position":"center center","background-size":"auto","background-attachment":"scroll","background-type":"","background-media":"","overlay-type":"","overlay-color":"","overlay-opacity":"","overlay-gradient":""},"mobile":{"background-color":"","background-image":"","background-repeat":"repeat","background-position":"center center","background-size":"auto","background-attachment":"scroll","background-type":"","background-media":"","overlay-type":"","overlay-color":"","overlay-opacity":"","overlay-gradient":""}},"ast-content-background-meta":{"desktop":{"background-color":"var(--ast-global-color-4)","background-image":"","background-repeat":"repeat","background-position":"center center","background-size":"auto","background-attachment":"scroll","background-type":"","background-media":"","overlay-type":"","overlay-color":"","overlay-opacity":"","overlay-gradient":""},"tablet":{"background-color":"var(--ast-global-color-4)","background-image":"","background-repeat":"repeat","background-position":"center center","background-size":"auto","background-attachment":"scroll","background-type":"","background-media":"","overlay-type":"","overlay-color":"","overlay-opacity":"","overlay-gradient":""},"mobile":{"background-color":"var(--ast-global-color-4)","background-image":"","background-repeat":"repeat","background-position":"center center","background-size":"auto","background-attachment":"scroll","background-type":"","background-media":"","overlay-type":"","overlay-color":"","overlay-opacity":"","overlay-gradient":""}},"footnotes":""},"class_list":["post-3802","page","type-page","status-publish","hentry"],"_links":{"self":[{"href":"https:\/\/desenvolvimentosocial.rc.sp.gov.br\/index.php?rest_route=\/wp\/v2\/pages\/3802","targetHints":{"allow":["GET"]}}],"collection":[{"href":"https:\/\/desenvolvimentosocial.rc.sp.gov.br\/index.php?rest_route=\/wp\/v2\/pages"}],"about":[{"href":"https:\/\/desenvolvimentosocial.rc.sp.gov.br\/index.php?rest_route=\/wp\/v2\/types\/page"}],"author":[{"embeddable":true,"href":"https:\/\/desenvolvimentosocial.rc.sp.gov.br\/index.php?rest_route=\/wp\/v2\/users\/2"}],"replies":[{"embeddable":true,"href":"https:\/\/desenvolvimentosocial.rc.sp.gov.br\/index.php?rest_route=%2Fwp%2Fv2%2Fcomments&post=3802"}],"version-history":[{"count":3,"href":"https:\/\/desenvolvimentosocial.rc.sp.gov.br\/index.php?rest_route=\/wp\/v2\/pages\/3802\/revisions"}],"predecessor-version":[{"id":3848,"href":"https:\/\/desenvolvimentosocial.rc.sp.gov.br\/index.php?rest_route=\/wp\/v2\/pages\/3802\/revisions\/3848"}],"wp:attachment":[{"href":"https:\/\/desenvolvimentosocial.rc.sp.gov.br\/index.php?rest_route=%2Fwp%2Fv2%2Fmedia&parent=3802"}],"curies":[{"name":"wp","href":"https:\/\/api.w.org\/{rel}","templated":true}]}}