{"id":3806,"date":"2025-08-12T09:25:41","date_gmt":"2025-08-12T12:25:41","guid":{"rendered":"https:\/\/desenvolvimentosocial.rc.sp.gov.br\/?page_id=3806"},"modified":"2025-08-12T16:58:32","modified_gmt":"2025-08-12T19:58:32","slug":"comseas-04-01-2024-a-04-01-2026","status":"publish","type":"page","link":"https:\/\/desenvolvimentosocial.rc.sp.gov.br\/?page_id=3806","title":{"rendered":"COMSEAS: 04\/01\/2024 \u00e0 04\/01\/2026"},"content":{"rendered":"\n<p><strong>CONSELHEIROS COMSEAS 2024\/2026<\/strong><\/p>\n\n\n\n<p><strong>CONSELHO MUNICIPAL DE SEGURAN\u00c7A ALIMENTAR  NUTRICIONAL SAUD\u00c1VEL\u00a0<\/strong>\u2013 Rio Claro \/ SP<\/p>\n\n\n\n<p><strong>REPRESENTANTES GOVERNAMENTAIS:<\/strong><\/p>\n\n\n\n<p><strong>Secretaria Municipal do Desenvolvimento Social:<\/strong><\/p>\n\n\n\n<ul class=\"wp-block-list\">\n<li>Geisa Cristina Jesus da Silva<\/li>\n\n\n\n<li>Camila Kapp<\/li>\n<\/ul>\n\n\n\n<p><\/p>\n\n\n\n<p><strong>Secretaria Municipal de Educa\u00e7\u00e3o:<\/strong><\/p>\n\n\n\n<ul class=\"wp-block-list\">\n<li>Sandra Helena Tin\u00f3s<\/li>\n\n\n\n<li>Daniela Karina Coenca Alves Pimenta<\/li>\n<\/ul>\n\n\n\n<p><\/p>\n\n\n\n<p><strong>Secretaria Municipal de Agricultura:<\/strong><\/p>\n\n\n\n<ul class=\"wp-block-list\">\n<li>Adirdei da Silva<\/li>\n\n\n\n<li>Joaquim Roberto Bregadioli<\/li>\n<\/ul>\n\n\n\n<p><\/p>\n\n\n\n<p><strong>Secretaria Municipal de Seguran\u00e7a e Defesa Civil:<\/strong><\/p>\n\n\n\n<ul class=\"wp-block-list\">\n<li>Reginaldo Roberto Zulzke<\/li>\n\n\n\n<li>Joelma Borges de Assun\u00e7\u00e3o da Silva<\/li>\n<\/ul>\n\n\n\n<p><\/p>\n\n\n\n<p><strong>Secretaria Municipal de Meio Ambiente e Desenvolvimento Sustent\u00e1vel:<\/strong><\/p>\n\n\n\n<ul class=\"wp-block-list\">\n<li>Roberto Foresti Junior<\/li>\n\n\n\n<li>\u00c9der Rodrigo Varussa<\/li>\n<\/ul>\n\n\n\n<p><\/p>\n\n\n\n<p><strong>Funda\u00e7\u00e3o Municipal de Sa\u00fade:<\/strong><\/p>\n\n\n\n<ul class=\"wp-block-list\">\n<li>Juliana Tauil Lepiani Meirelles Pacheco<\/li>\n\n\n\n<li>Murylo Muller Cesar<\/li>\n<\/ul>\n\n\n\n<p><\/p>\n\n\n\n<p><strong>Fundo Social de Solidariedade:<\/strong><\/p>\n\n\n\n<ul class=\"wp-block-list\">\n<li>Rafael Ant\u00f4nio Oliveira Andrade<\/li>\n\n\n\n<li>Cleber Roberto da Silva<\/li>\n<\/ul>\n\n\n\n<p><\/p>\n\n\n\n<p><strong>Secretaria Municipal de Governo e Rela\u00e7\u00f5es Institucionais:<\/strong><\/p>\n\n\n\n<ul class=\"wp-block-list\">\n<li>Reila Correa Fontes<\/li>\n\n\n\n<li>Conrado Hebling<\/li>\n<\/ul>\n\n\n\n<p><\/p>\n\n\n\n<p><\/p>\n\n\n\n<p><strong>REPRESENTANTES DA SOCIEDADE CIVIL:<\/strong><\/p>\n\n\n\n<p><strong>Abrigo da Velhice S\u00e3o Vicente de Paulo:<\/strong><\/p>\n\n\n\n<ul class=\"wp-block-list\">\n<li>Amanda Cristofoletti Medeiros<\/li>\n\n\n\n<li>Patr\u00edcia Aparecida de Moura<\/li>\n<\/ul>\n\n\n\n<p><\/p>\n\n\n\n<p><strong>Cooperativa de Agricultores Familiares de Rio Claro e regi\u00e3o &#8211; CAF:<\/strong><\/p>\n\n\n\n<ul class=\"wp-block-list\">\n<li>Andreza Regina Marra Abelar<\/li>\n\n\n\n<li>Isabela Franco Pereira Botacin<\/li>\n<\/ul>\n\n\n\n<p><\/p>\n\n\n\n<p><strong>Grupo Escoteiro Marechal Rondon:<\/strong><\/p>\n\n\n\n<ul class=\"wp-block-list\">\n<li>Miriam Jos\u00e9 Delgado de Oliveira Gasbarro<\/li>\n\n\n\n<li>Morgana Rejane Rabelo Rosa Russo<\/li>\n<\/ul>\n\n\n\n<p><\/p>\n\n\n\n<p><strong>Lar Bethel:<\/strong><\/p>\n\n\n\n<ul class=\"wp-block-list\">\n<li>Clara Margarida Bonfim Moreno Del Rio<\/li>\n\n\n\n<li>Ane Christine Gobato<\/li>\n<\/ul>\n\n\n\n<p><\/p>\n\n\n\n<p><strong>UDAM &#8211; Uni\u00e3o de Amigos:<\/strong><\/p>\n\n\n\n<ul class=\"wp-block-list\">\n<li>Erica Cristina Belomi<\/li>\n\n\n\n<li>Inara dos Santos<\/li>\n<\/ul>\n\n\n\n<p><\/p>\n\n\n\n<p><strong>Igreja Apost\u00f3lica Renascer:<\/strong><\/p>\n\n\n\n<ul class=\"wp-block-list\">\n<li>Luciano Neri Tomaz<\/li>\n\n\n\n<li>Valdirene Aparecida Jacyntho Tomaz<\/li>\n<\/ul>\n\n\n\n<p><\/p>\n\n\n\n<p><strong>Pastoral da Crian\u00e7a:<\/strong><\/p>\n\n\n\n<ul class=\"wp-block-list\">\n<li>Paula Fernanda dos Santos Chagas<\/li>\n\n\n\n<li>Delfina Cain<\/li>\n<\/ul>\n\n\n\n<p><\/p>\n\n\n\n<p><strong>OAB &#8211; Ordem dos Advogados do Brasil (4\u00aa Subse\u00e7\u00e3o &#8211; Rio Claro\/SP):<\/strong><\/p>\n\n\n\n<ul class=\"wp-block-list\">\n<li>Daniela Luppi Domingues Caldeira<\/li>\n\n\n\n<li>Levi Nunes Martins<\/li>\n<\/ul>\n\n\n\n<p><\/p>\n\n\n\n<p><strong>Restaurante Bom Prato &#8211; Associa\u00e7\u00e3o Betesda Assistencial:<\/strong><\/p>\n\n\n\n<ul class=\"wp-block-list\">\n<li>Samuel Ribeiro<\/li>\n\n\n\n<li>Karina Ribeiro<\/li>\n<\/ul>\n\n\n\n<p><\/p>\n\n\n\n<p><strong>Igreja Pentecostal Cristo \u00e9 Liberta\u00e7\u00e3o:<\/strong><\/p>\n\n\n\n<ul class=\"wp-block-list\">\n<li>Paula Regina de Souza da Silva<\/li>\n\n\n\n<li>Thiely Carminatti Ferreira<\/li>\n<\/ul>\n\n\n\n<p><\/p>\n\n\n\n<p><strong>Associa\u00e7\u00e3o de Pais e amigos do Centro de Habilita\u00e7\u00e3o Infantil Princesa Vit\u00f3ria &#8211; APACHI:<\/strong><\/p>\n\n\n\n<ul class=\"wp-block-list\">\n<li>Adelita Maira Lorenzon<\/li>\n\n\n\n<li>Jeferson Soares Libanori<\/li>\n<\/ul>\n\n\n\n<p><\/p>\n\n\n\n<p><strong>ACIRC &#8211; Associa\u00e7\u00e3o Comercial e Industrial de Rio Claro:<\/strong><\/p>\n\n\n\n<ul class=\"wp-block-list\">\n<li>Ana Paula Fornazari<\/li>\n\n\n\n<li>Daniela Knaipp Ribeiro Pratti<\/li>\n<\/ul>\n\n\n\n<p><\/p>\n\n\n\n<p><strong>Sindicato Rural de Rio Claro:<\/strong><\/p>\n\n\n\n<ul class=\"wp-block-list\">\n<li>Ricardo Jos\u00e9 Schmidt<\/li>\n\n\n\n<li>Hygor Oehlmeyer<\/li>\n<\/ul>\n\n\n\n<p><\/p>\n\n\n\n<p><strong>Associa\u00e7\u00e3o de Engenharia, Arquitetura, Agronomia e Geologia de Rio Claro:<\/strong><\/p>\n\n\n\n<ul class=\"wp-block-list\">\n<li>Helio Augusto Povoas Schimidt<\/li>\n\n\n\n<li>Melissa Pin Lucheti Sampaio<\/li>\n<\/ul>\n\n\n\n<p><\/p>\n\n\n\n<p><strong>Claretiano &#8211; Col\u00e9gio e Centro Universit\u00e1rio (Rio Claro\/SP):<\/strong><\/p>\n\n\n\n<ul class=\"wp-block-list\">\n<li>Monica Cristina Lopes do Carmo<\/li>\n\n\n\n<li>Camila Azevedo J\u00f4as Gaiga<\/li>\n<\/ul>\n\n\n\n<p><\/p>\n\n\n\n<p><strong>SESI &#8211; Servi\u00e7o Social da Ind\u00fastria:<\/strong><\/p>\n\n\n\n<ul class=\"wp-block-list\">\n<li>Sabrina Ardel do Nascimento<\/li>\n\n\n\n<li>Simone Fernanda Cardoso Campiolo<\/li>\n<\/ul>\n","protected":false},"excerpt":{"rendered":"<p>CONSELHEIROS COMSEAS 2024\/2026 CONSELHO MUNICIPAL DE SEGURAN\u00c7A ALIMENTAR NUTRICIONAL SAUD\u00c1VEL\u00a0\u2013 Rio Claro \/ SP REPRESENTANTES GOVERNAMENTAIS: Secretaria Municipal do Desenvolvimento [&hellip;]<\/p>\n","protected":false},"author":2,"featured_media":0,"parent":0,"menu_order":0,"comment_status":"closed","ping_status":"closed","template":"","meta":{"site-sidebar-layout":"default","site-content-layout":"","ast-site-content-layout":"default","site-content-style":"default","site-sidebar-style":"default","ast-global-header-display":"","ast-banner-title-visibility":"","ast-main-header-display":"","ast-hfb-above-header-display":"","ast-hfb-below-header-display":"","ast-hfb-mobile-header-display":"","site-post-title":"","ast-breadcrumbs-content":"","ast-featured-img":"","footer-sml-layout":"","theme-transparent-header-meta":"","adv-header-id-meta":"","stick-header-meta":"","header-above-stick-meta":"","header-main-stick-meta":"","header-below-stick-meta":"","astra-migrate-meta-layouts":"default","ast-page-background-enabled":"default","ast-page-background-meta":{"desktop":{"background-color":"var(--ast-global-color-5)","background-image":"","background-repeat":"repeat","background-position":"center center","background-size":"auto","background-attachment":"scroll","background-type":"","background-media":"","overlay-type":"","overlay-color":"","overlay-opacity":"","overlay-gradient":""},"tablet":{"background-color":"","background-image":"","background-repeat":"repeat","background-position":"center center","background-size":"auto","background-attachment":"scroll","background-type":"","background-media":"","overlay-type":"","overlay-color":"","overlay-opacity":"","overlay-gradient":""},"mobile":{"background-color":"","background-image":"","background-repeat":"repeat","background-position":"center center","background-size":"auto","background-attachment":"scroll","background-type":"","background-media":"","overlay-type":"","overlay-color":"","overlay-opacity":"","overlay-gradient":""}},"ast-content-background-meta":{"desktop":{"background-color":"var(--ast-global-color-4)","background-image":"","background-repeat":"repeat","background-position":"center center","background-size":"auto","background-attachment":"scroll","background-type":"","background-media":"","overlay-type":"","overlay-color":"","overlay-opacity":"","overlay-gradient":""},"tablet":{"background-color":"var(--ast-global-color-4)","background-image":"","background-repeat":"repeat","background-position":"center center","background-size":"auto","background-attachment":"scroll","background-type":"","background-media":"","overlay-type":"","overlay-color":"","overlay-opacity":"","overlay-gradient":""},"mobile":{"background-color":"var(--ast-global-color-4)","background-image":"","background-repeat":"repeat","background-position":"center center","background-size":"auto","background-attachment":"scroll","background-type":"","background-media":"","overlay-type":"","overlay-color":"","overlay-opacity":"","overlay-gradient":""}},"footnotes":""},"class_list":["post-3806","page","type-page","status-publish","hentry"],"_links":{"self":[{"href":"https:\/\/desenvolvimentosocial.rc.sp.gov.br\/index.php?rest_route=\/wp\/v2\/pages\/3806","targetHints":{"allow":["GET"]}}],"collection":[{"href":"https:\/\/desenvolvimentosocial.rc.sp.gov.br\/index.php?rest_route=\/wp\/v2\/pages"}],"about":[{"href":"https:\/\/desenvolvimentosocial.rc.sp.gov.br\/index.php?rest_route=\/wp\/v2\/types\/page"}],"author":[{"embeddable":true,"href":"https:\/\/desenvolvimentosocial.rc.sp.gov.br\/index.php?rest_route=\/wp\/v2\/users\/2"}],"replies":[{"embeddable":true,"href":"https:\/\/desenvolvimentosocial.rc.sp.gov.br\/index.php?rest_route=%2Fwp%2Fv2%2Fcomments&post=3806"}],"version-history":[{"count":2,"href":"https:\/\/desenvolvimentosocial.rc.sp.gov.br\/index.php?rest_route=\/wp\/v2\/pages\/3806\/revisions"}],"predecessor-version":[{"id":3845,"href":"https:\/\/desenvolvimentosocial.rc.sp.gov.br\/index.php?rest_route=\/wp\/v2\/pages\/3806\/revisions\/3845"}],"wp:attachment":[{"href":"https:\/\/desenvolvimentosocial.rc.sp.gov.br\/index.php?rest_route=%2Fwp%2Fv2%2Fmedia&parent=3806"}],"curies":[{"name":"wp","href":"https:\/\/api.w.org\/{rel}","templated":true}]}}