{"id":4163,"date":"2025-10-24T08:42:49","date_gmt":"2025-10-24T11:42:49","guid":{"rendered":"https:\/\/desenvolvimentosocial.rc.sp.gov.br\/?page_id=4163"},"modified":"2025-10-24T09:28:53","modified_gmt":"2025-10-24T12:28:53","slug":"2025-2","status":"publish","type":"page","link":"https:\/\/desenvolvimentosocial.rc.sp.gov.br\/?page_id=4163","title":{"rendered":"Cozinhalimento 2025"},"content":{"rendered":"\n<h6 class=\"wp-block-heading\">Dezembro\/2024<br>Data: 17\/12<br>Tema: Brinque e Aprenda 1\u00aa ed.<br>Objetivo: Abordar a import\u00e2ncia dos nutrientes na alimenta\u00e7\u00e3o infantil e reprodu\u00e7\u00e3o de receitas nutritivas e de f\u00e1cil preparo para as crian\u00e7as.<\/h6>\n\n\n\n<figure class=\"wp-block-image size-large is-resized\"><img loading=\"lazy\" decoding=\"async\" width=\"1024\" height=\"768\" src=\"https:\/\/desenvolvimentosocial.rc.sp.gov.br\/wp-content\/uploads\/2025\/10\/WhatsApp-Image-2025-08-08-at-10.42.14-1024x768.jpeg\" alt=\"\" class=\"wp-image-4169\" style=\"width:779px;height:auto\" srcset=\"https:\/\/desenvolvimentosocial.rc.sp.gov.br\/wp-content\/uploads\/2025\/10\/WhatsApp-Image-2025-08-08-at-10.42.14-1024x768.jpeg 1024w, https:\/\/desenvolvimentosocial.rc.sp.gov.br\/wp-content\/uploads\/2025\/10\/WhatsApp-Image-2025-08-08-at-10.42.14-300x225.jpeg 300w, https:\/\/desenvolvimentosocial.rc.sp.gov.br\/wp-content\/uploads\/2025\/10\/WhatsApp-Image-2025-08-08-at-10.42.14-768x576.jpeg 768w, https:\/\/desenvolvimentosocial.rc.sp.gov.br\/wp-content\/uploads\/2025\/10\/WhatsApp-Image-2025-08-08-at-10.42.14-1536x1152.jpeg 1536w, https:\/\/desenvolvimentosocial.rc.sp.gov.br\/wp-content\/uploads\/2025\/10\/WhatsApp-Image-2025-08-08-at-10.42.14.jpeg 1600w\" sizes=\"auto, (max-width: 1024px) 100vw, 1024px\" \/><\/figure>\n\n\n\n<p><\/p>\n\n\n\n<h6 class=\"wp-block-heading\">Janeiro\/2025<br>Data: 21\/01 e 22\/01<br>Tema: Diga n\u00e3o ao desperd\u00edcio, saladas e bolos de pote, p\u00e3es caseiros<br>Objetivo: Curso para gera\u00e7\u00e3o de renda, t\u00e9cnica de culin\u00e1ria padronizada, procedimento de higiene e preparo das receitas com preparo de saladas e bolos de pote e p\u00e3es caseiros.<\/h6>\n\n\n\n<figure class=\"wp-block-image size-large is-resized\"><img loading=\"lazy\" decoding=\"async\" width=\"1024\" height=\"460\" src=\"https:\/\/desenvolvimentosocial.rc.sp.gov.br\/wp-content\/uploads\/2025\/10\/WhatsApp-Image-2025-10-23-at-10.31.38-1024x460.jpeg\" alt=\"\" class=\"wp-image-4167\" style=\"aspect-ratio:2.2261447409407125;width:774px;height:auto\" srcset=\"https:\/\/desenvolvimentosocial.rc.sp.gov.br\/wp-content\/uploads\/2025\/10\/WhatsApp-Image-2025-10-23-at-10.31.38-1024x460.jpeg 1024w, https:\/\/desenvolvimentosocial.rc.sp.gov.br\/wp-content\/uploads\/2025\/10\/WhatsApp-Image-2025-10-23-at-10.31.38-300x135.jpeg 300w, https:\/\/desenvolvimentosocial.rc.sp.gov.br\/wp-content\/uploads\/2025\/10\/WhatsApp-Image-2025-10-23-at-10.31.38-768x345.jpeg 768w, https:\/\/desenvolvimentosocial.rc.sp.gov.br\/wp-content\/uploads\/2025\/10\/WhatsApp-Image-2025-10-23-at-10.31.38-1536x690.jpeg 1536w, https:\/\/desenvolvimentosocial.rc.sp.gov.br\/wp-content\/uploads\/2025\/10\/WhatsApp-Image-2025-10-23-at-10.31.38.jpeg 1600w\" sizes=\"auto, (max-width: 1024px) 100vw, 1024px\" \/><\/figure>\n\n\n\n<p><\/p>\n\n\n\n<h6 class=\"wp-block-heading\">Fevereiro\/2025<br>Data: 21\/02<br>Tema: Treinamento para Manipuladores de Alimentos<br>Objetivo: Cuidados na manipula\u00e7\u00e3o de alimentos, conceito de seguran\u00e7a alimentar, boas pr\u00e1ticas de manipula\u00e7\u00e3o, higiene pessoal, entre outros t\u00f3picos pertinentes ao tema. Preparo de pat\u00eas e canap\u00e9s.<\/h6>\n\n\n\n<figure class=\"wp-block-image size-large is-resized\"><img loading=\"lazy\" decoding=\"async\" width=\"1024\" height=\"461\" src=\"https:\/\/desenvolvimentosocial.rc.sp.gov.br\/wp-content\/uploads\/2025\/10\/WhatsApp-Image-2025-10-23-at-10.36.56-1024x461.jpeg\" alt=\"\" class=\"wp-image-4168\" style=\"width:767px;height:auto\" srcset=\"https:\/\/desenvolvimentosocial.rc.sp.gov.br\/wp-content\/uploads\/2025\/10\/WhatsApp-Image-2025-10-23-at-10.36.56-1024x461.jpeg 1024w, https:\/\/desenvolvimentosocial.rc.sp.gov.br\/wp-content\/uploads\/2025\/10\/WhatsApp-Image-2025-10-23-at-10.36.56-300x135.jpeg 300w, https:\/\/desenvolvimentosocial.rc.sp.gov.br\/wp-content\/uploads\/2025\/10\/WhatsApp-Image-2025-10-23-at-10.36.56-768x346.jpeg 768w, https:\/\/desenvolvimentosocial.rc.sp.gov.br\/wp-content\/uploads\/2025\/10\/WhatsApp-Image-2025-10-23-at-10.36.56-1536x691.jpeg 1536w, https:\/\/desenvolvimentosocial.rc.sp.gov.br\/wp-content\/uploads\/2025\/10\/WhatsApp-Image-2025-10-23-at-10.36.56.jpeg 1600w\" sizes=\"auto, (max-width: 1024px) 100vw, 1024px\" \/><\/figure>\n\n\n\n<p><\/p>\n\n\n\n<h6 class=\"wp-block-heading\">Agosto\/2025<br>Data: 07\/08<br>Tema: Brinque e Aprenda 2\u00aa ed.<br>Objetivo: Abordar a import\u00e2ncia dos nutrientes na alimenta\u00e7\u00e3o infantil e reprodu\u00e7\u00e3o de receitas nutritivas e de f\u00e1cil preparo para as crian\u00e7as.<\/h6>\n\n\n\n<figure class=\"wp-block-image size-large\"><img loading=\"lazy\" decoding=\"async\" width=\"768\" height=\"1024\" src=\"https:\/\/desenvolvimentosocial.rc.sp.gov.br\/wp-content\/uploads\/2025\/10\/WhatsApp-Image-2025-08-08-at-10.42.13-768x1024.jpeg\" alt=\"\" class=\"wp-image-4171\" srcset=\"https:\/\/desenvolvimentosocial.rc.sp.gov.br\/wp-content\/uploads\/2025\/10\/WhatsApp-Image-2025-08-08-at-10.42.13-768x1024.jpeg 768w, https:\/\/desenvolvimentosocial.rc.sp.gov.br\/wp-content\/uploads\/2025\/10\/WhatsApp-Image-2025-08-08-at-10.42.13-225x300.jpeg 225w, https:\/\/desenvolvimentosocial.rc.sp.gov.br\/wp-content\/uploads\/2025\/10\/WhatsApp-Image-2025-08-08-at-10.42.13-1152x1536.jpeg 1152w, https:\/\/desenvolvimentosocial.rc.sp.gov.br\/wp-content\/uploads\/2025\/10\/WhatsApp-Image-2025-08-08-at-10.42.13.jpeg 1200w\" sizes=\"auto, (max-width: 768px) 100vw, 768px\" \/><\/figure>\n\n\n\n<p><\/p>\n\n\n\n<p>Setembro\/2025<br>Data: 17\/09<br>Tema: Aproveitamento Integral de Alimentos<br>Objetivo: Como utilizar partes n\u00e3o convencionais dos alimentos, tais como talos, folhas e cascas para reduzir o desperd\u00edcio e aproveitar ao m\u00e1ximo os nutrientes dos alimentos.<\/p>\n\n\n\n<figure class=\"wp-block-image size-large is-resized\"><img loading=\"lazy\" decoding=\"async\" width=\"1024\" height=\"576\" src=\"https:\/\/desenvolvimentosocial.rc.sp.gov.br\/wp-content\/uploads\/2025\/10\/WhatsApp-Image-2025-10-23-at-10.39.21-1024x576.jpeg\" alt=\"\" class=\"wp-image-4170\" style=\"width:811px;height:auto\" srcset=\"https:\/\/desenvolvimentosocial.rc.sp.gov.br\/wp-content\/uploads\/2025\/10\/WhatsApp-Image-2025-10-23-at-10.39.21-1024x576.jpeg 1024w, https:\/\/desenvolvimentosocial.rc.sp.gov.br\/wp-content\/uploads\/2025\/10\/WhatsApp-Image-2025-10-23-at-10.39.21-300x169.jpeg 300w, https:\/\/desenvolvimentosocial.rc.sp.gov.br\/wp-content\/uploads\/2025\/10\/WhatsApp-Image-2025-10-23-at-10.39.21-768x432.jpeg 768w, https:\/\/desenvolvimentosocial.rc.sp.gov.br\/wp-content\/uploads\/2025\/10\/WhatsApp-Image-2025-10-23-at-10.39.21.jpeg 1280w\" sizes=\"auto, (max-width: 1024px) 100vw, 1024px\" \/><\/figure>\n\n\n\n<p><\/p>\n","protected":false},"excerpt":{"rendered":"<p>Dezembro\/2024Data: 17\/12Tema: Brinque e Aprenda 1\u00aa ed.Objetivo: Abordar a import\u00e2ncia dos nutrientes na alimenta\u00e7\u00e3o infantil e reprodu\u00e7\u00e3o de receitas nutritivas [&hellip;]<\/p>\n","protected":false},"author":2,"featured_media":0,"parent":0,"menu_order":0,"comment_status":"closed","ping_status":"closed","template":"","meta":{"site-sidebar-layout":"default","site-content-layout":"","ast-site-content-layout":"default","site-content-style":"default","site-sidebar-style":"default","ast-global-header-display":"","ast-banner-title-visibility":"","ast-main-header-display":"","ast-hfb-above-header-display":"","ast-hfb-below-header-display":"","ast-hfb-mobile-header-display":"","site-post-title":"","ast-breadcrumbs-content":"","ast-featured-img":"","footer-sml-layout":"","theme-transparent-header-meta":"","adv-header-id-meta":"","stick-header-meta":"","header-above-stick-meta":"","header-main-stick-meta":"","header-below-stick-meta":"","astra-migrate-meta-layouts":"default","ast-page-background-enabled":"default","ast-page-background-meta":{"desktop":{"background-color":"var(--ast-global-color-5)","background-image":"","background-repeat":"repeat","background-position":"center center","background-size":"auto","background-attachment":"scroll","background-type":"","background-media":"","overlay-type":"","overlay-color":"","overlay-opacity":"","overlay-gradient":""},"tablet":{"background-color":"","background-image":"","background-repeat":"repeat","background-position":"center center","background-size":"auto","background-attachment":"scroll","background-type":"","background-media":"","overlay-type":"","overlay-color":"","overlay-opacity":"","overlay-gradient":""},"mobile":{"background-color":"","background-image":"","background-repeat":"repeat","background-position":"center center","background-size":"auto","background-attachment":"scroll","background-type":"","background-media":"","overlay-type":"","overlay-color":"","overlay-opacity":"","overlay-gradient":""}},"ast-content-background-meta":{"desktop":{"background-color":"var(--ast-global-color-4)","background-image":"","background-repeat":"repeat","background-position":"center center","background-size":"auto","background-attachment":"scroll","background-type":"","background-media":"","overlay-type":"","overlay-color":"","overlay-opacity":"","overlay-gradient":""},"tablet":{"background-color":"var(--ast-global-color-4)","background-image":"","background-repeat":"repeat","background-position":"center center","background-size":"auto","background-attachment":"scroll","background-type":"","background-media":"","overlay-type":"","overlay-color":"","overlay-opacity":"","overlay-gradient":""},"mobile":{"background-color":"var(--ast-global-color-4)","background-image":"","background-repeat":"repeat","background-position":"center center","background-size":"auto","background-attachment":"scroll","background-type":"","background-media":"","overlay-type":"","overlay-color":"","overlay-opacity":"","overlay-gradient":""}},"footnotes":""},"class_list":["post-4163","page","type-page","status-publish","hentry"],"_links":{"self":[{"href":"https:\/\/desenvolvimentosocial.rc.sp.gov.br\/index.php?rest_route=\/wp\/v2\/pages\/4163","targetHints":{"allow":["GET"]}}],"collection":[{"href":"https:\/\/desenvolvimentosocial.rc.sp.gov.br\/index.php?rest_route=\/wp\/v2\/pages"}],"about":[{"href":"https:\/\/desenvolvimentosocial.rc.sp.gov.br\/index.php?rest_route=\/wp\/v2\/types\/page"}],"author":[{"embeddable":true,"href":"https:\/\/desenvolvimentosocial.rc.sp.gov.br\/index.php?rest_route=\/wp\/v2\/users\/2"}],"replies":[{"embeddable":true,"href":"https:\/\/desenvolvimentosocial.rc.sp.gov.br\/index.php?rest_route=%2Fwp%2Fv2%2Fcomments&post=4163"}],"version-history":[{"count":3,"href":"https:\/\/desenvolvimentosocial.rc.sp.gov.br\/index.php?rest_route=\/wp\/v2\/pages\/4163\/revisions"}],"predecessor-version":[{"id":4176,"href":"https:\/\/desenvolvimentosocial.rc.sp.gov.br\/index.php?rest_route=\/wp\/v2\/pages\/4163\/revisions\/4176"}],"wp:attachment":[{"href":"https:\/\/desenvolvimentosocial.rc.sp.gov.br\/index.php?rest_route=%2Fwp%2Fv2%2Fmedia&parent=4163"}],"curies":[{"name":"wp","href":"https:\/\/api.w.org\/{rel}","templated":true}]}}