{"id":4346,"date":"2026-02-02T08:17:47","date_gmt":"2026-02-02T11:17:47","guid":{"rendered":"https:\/\/desenvolvimentosocial.rc.sp.gov.br\/?page_id=4346"},"modified":"2026-02-02T08:28:27","modified_gmt":"2026-02-02T11:28:27","slug":"seas","status":"publish","type":"page","link":"https:\/\/desenvolvimentosocial.rc.sp.gov.br\/?page_id=4346","title":{"rendered":"SEAS"},"content":{"rendered":"\n<h5 class=\"wp-block-heading\"><strong>Servi\u00e7o Especializado em Abordagem Social \u2013 SEAS<\/strong><\/h5>\n\n\n\n<h5 class=\"wp-block-heading\"><strong>O que \u00e9 a Abordagem Social?<\/strong><\/h5>\n\n\n\n<p>Servi\u00e7o Especializado em Abordagem Social (SEAS) \u00e9 um servi\u00e7o que atende pessoas em situa\u00e7\u00e3o de rua nos espa\u00e7os p\u00fablicos, e realiza a\u00e7\u00f5es para identificar situa\u00e7\u00f5es de risco social e pessoal, como: trabalho infantil, explora\u00e7\u00e3o sexual de crian\u00e7as e adolescentes, dentre outros.<\/p>\n\n\n\n<p>N\u00e3o se trata de um servi\u00e7o para retirada compuls\u00f3ria de pessoas das ruas, mas de atendimento nos espa\u00e7os p\u00fablicos da rua para inser\u00e7\u00e3o na Pol\u00edtica de Assist\u00eancia Social e demais Pol\u00edticas P\u00fablicas, tais como: Sa\u00fade, Justi\u00e7a, Educa\u00e7\u00e3o, dentre outras.<\/p>\n\n\n\n<p>As atividades desse servi\u00e7o s\u00e3o planejadas e continuadas e ocorrem todos os dias da semana, inclusive domingos e feriados, conforme organiza\u00e7\u00e3o territorial das equipes.<\/p>\n\n\n\n<h5 class=\"wp-block-heading\"><strong>Quem pode ser atendido pelo Servi\u00e7o Especializado em Abordagem Social?<\/strong><\/h5>\n\n\n\n<p>Crian\u00e7as, adolescentes, jovens, adultos, idosos e fam\u00edlias em situa\u00e7\u00e3o de risco pessoal e social que utilizam os espa\u00e7os p\u00fablicos como forma de moradia e\/ou sobreviv\u00eancia.<\/p>\n\n\n\n<h5 class=\"wp-block-heading\"><strong>Como acessar os servi\u00e7os do SEAS?<\/strong><\/h5>\n\n\n\n<p>\u00c9 um servi\u00e7o que busca identificar no territ\u00f3rio a incid\u00eancia de trabalho infantil, explora\u00e7\u00e3o sexual de crian\u00e7as e adolescentes, situa\u00e7\u00e3o de rua, dentre outras. Ou seja, o acesso se d\u00e1 por identifica\u00e7\u00e3o da equipe do servi\u00e7o nos territ\u00f3rios.<\/p>\n\n\n\n<p><strong>A UNIDADE DO SEAS ATENDE TODO O MUNICIPIO DE RIO CLARO<\/strong><\/p>\n\n\n\n<p>Endere\u00e7o: Avenida 01, n 739 ENTRE RUAS 08 E 09 Centro Telefone: 9.9387-7340 E-mail: <a href=\"mailto:seas@assistenciasocial.rc.sp.gov.br\"><strong>seas@assistenciasocial.rc.sp.gov.br<\/strong><\/a><\/p>\n\n\n\n<p><\/p>\n","protected":false},"excerpt":{"rendered":"<p>Servi\u00e7o Especializado em Abordagem Social \u2013 SEAS O que \u00e9 a Abordagem Social? Servi\u00e7o Especializado em Abordagem Social (SEAS) \u00e9 [&hellip;]<\/p>\n","protected":false},"author":2,"featured_media":0,"parent":0,"menu_order":0,"comment_status":"closed","ping_status":"closed","template":"","meta":{"site-sidebar-layout":"default","site-content-layout":"","ast-site-content-layout":"default","site-content-style":"default","site-sidebar-style":"default","ast-global-header-display":"","ast-banner-title-visibility":"","ast-main-header-display":"","ast-hfb-above-header-display":"","ast-hfb-below-header-display":"","ast-hfb-mobile-header-display":"","site-post-title":"","ast-breadcrumbs-content":"","ast-featured-img":"","footer-sml-layout":"","theme-transparent-header-meta":"","adv-header-id-meta":"","stick-header-meta":"","header-above-stick-meta":"","header-main-stick-meta":"","header-below-stick-meta":"","astra-migrate-meta-layouts":"default","ast-page-background-enabled":"default","ast-page-background-meta":{"desktop":{"background-color":"var(--ast-global-color-5)","background-image":"","background-repeat":"repeat","background-position":"center center","background-size":"auto","background-attachment":"scroll","background-type":"","background-media":"","overlay-type":"","overlay-color":"","overlay-opacity":"","overlay-gradient":""},"tablet":{"background-color":"","background-image":"","background-repeat":"repeat","background-position":"center center","background-size":"auto","background-attachment":"scroll","background-type":"","background-media":"","overlay-type":"","overlay-color":"","overlay-opacity":"","overlay-gradient":""},"mobile":{"background-color":"","background-image":"","background-repeat":"repeat","background-position":"center center","background-size":"auto","background-attachment":"scroll","background-type":"","background-media":"","overlay-type":"","overlay-color":"","overlay-opacity":"","overlay-gradient":""}},"ast-content-background-meta":{"desktop":{"background-color":"var(--ast-global-color-4)","background-image":"","background-repeat":"repeat","background-position":"center center","background-size":"auto","background-attachment":"scroll","background-type":"","background-media":"","overlay-type":"","overlay-color":"","overlay-opacity":"","overlay-gradient":""},"tablet":{"background-color":"var(--ast-global-color-4)","background-image":"","background-repeat":"repeat","background-position":"center center","background-size":"auto","background-attachment":"scroll","background-type":"","background-media":"","overlay-type":"","overlay-color":"","overlay-opacity":"","overlay-gradient":""},"mobile":{"background-color":"var(--ast-global-color-4)","background-image":"","background-repeat":"repeat","background-position":"center center","background-size":"auto","background-attachment":"scroll","background-type":"","background-media":"","overlay-type":"","overlay-color":"","overlay-opacity":"","overlay-gradient":""}},"footnotes":""},"class_list":["post-4346","page","type-page","status-publish","hentry"],"_links":{"self":[{"href":"https:\/\/desenvolvimentosocial.rc.sp.gov.br\/index.php?rest_route=\/wp\/v2\/pages\/4346","targetHints":{"allow":["GET"]}}],"collection":[{"href":"https:\/\/desenvolvimentosocial.rc.sp.gov.br\/index.php?rest_route=\/wp\/v2\/pages"}],"about":[{"href":"https:\/\/desenvolvimentosocial.rc.sp.gov.br\/index.php?rest_route=\/wp\/v2\/types\/page"}],"author":[{"embeddable":true,"href":"https:\/\/desenvolvimentosocial.rc.sp.gov.br\/index.php?rest_route=\/wp\/v2\/users\/2"}],"replies":[{"embeddable":true,"href":"https:\/\/desenvolvimentosocial.rc.sp.gov.br\/index.php?rest_route=%2Fwp%2Fv2%2Fcomments&post=4346"}],"version-history":[{"count":2,"href":"https:\/\/desenvolvimentosocial.rc.sp.gov.br\/index.php?rest_route=\/wp\/v2\/pages\/4346\/revisions"}],"predecessor-version":[{"id":4355,"href":"https:\/\/desenvolvimentosocial.rc.sp.gov.br\/index.php?rest_route=\/wp\/v2\/pages\/4346\/revisions\/4355"}],"wp:attachment":[{"href":"https:\/\/desenvolvimentosocial.rc.sp.gov.br\/index.php?rest_route=%2Fwp%2Fv2%2Fmedia&parent=4346"}],"curies":[{"name":"wp","href":"https:\/\/api.w.org\/{rel}","templated":true}]}}