{"id":4350,"date":"2026-02-02T08:19:44","date_gmt":"2026-02-02T11:19:44","guid":{"rendered":"https:\/\/desenvolvimentosocial.rc.sp.gov.br\/?page_id=4350"},"modified":"2026-02-02T08:49:39","modified_gmt":"2026-02-02T11:49:39","slug":"escalas-2026","status":"publish","type":"page","link":"https:\/\/desenvolvimentosocial.rc.sp.gov.br\/?page_id=4350","title":{"rendered":"ESCALAS 2026"},"content":{"rendered":"\n<h4 class=\"wp-block-heading\"><strong>Escala de Plant\u00e3o do SEAS \u2013 Janeiro de 2026<\/strong><\/h4>\n\n\n\n<div data-wp-interactive=\"core\/file\" class=\"wp-block-file\"><object data-wp-bind--hidden=\"!state.hasPdfPreview\" hidden class=\"wp-block-file__embed\" data=\"https:\/\/desenvolvimentosocial.rc.sp.gov.br\/wp-content\/uploads\/2026\/01\/ESCALA-janeiro-NOTURNO-E-FINAIS-DE-SEMANA-2026.pdf\" type=\"application\/pdf\" style=\"width:100%;height:600px\" aria-label=\"Incorporado de ESCALA janeiro - NOTURNO E FINAIS DE SEMANA -2026.\"><\/object><a id=\"wp-block-file--media-576faccc-8242-462b-bbfa-5209a01918d1\" href=\"https:\/\/desenvolvimentosocial.rc.sp.gov.br\/wp-content\/uploads\/2026\/01\/ESCALA-janeiro-NOTURNO-E-FINAIS-DE-SEMANA-2026.pdf\">ESCALA janeiro &#8211; NOTURNO E FINAIS DE SEMANA -2026<\/a><a href=\"https:\/\/desenvolvimentosocial.rc.sp.gov.br\/wp-content\/uploads\/2026\/01\/ESCALA-janeiro-NOTURNO-E-FINAIS-DE-SEMANA-2026.pdf\" class=\"wp-block-file__button wp-element-button\" download aria-describedby=\"wp-block-file--media-576faccc-8242-462b-bbfa-5209a01918d1\">Baixar<\/a><\/div>\n\n\n\n<p><\/p>\n\n\n\n<h4 class=\"wp-block-heading\"><strong>Escala de Plant\u00e3o do SEAS \u2013 Fevereiro de 2026<\/strong><\/h4>\n\n\n\n<div data-wp-interactive=\"core\/file\" class=\"wp-block-file\"><object data-wp-bind--hidden=\"!state.hasPdfPreview\" hidden class=\"wp-block-file__embed\" data=\"https:\/\/desenvolvimentosocial.rc.sp.gov.br\/wp-content\/uploads\/2026\/02\/ESCALA-fevereiro-NOTURNO-E-FINAIS-DE-SEMANA-2026.pdf\" type=\"application\/pdf\" style=\"width:100%;height:600px\" aria-label=\"Incorporado de ESCALA fevereiro - NOTURNO E FINAIS DE SEMANA -2026.\"><\/object><a id=\"wp-block-file--media-f6e24abb-6492-4337-812b-8dbdfc737eae\" href=\"https:\/\/desenvolvimentosocial.rc.sp.gov.br\/wp-content\/uploads\/2026\/02\/ESCALA-fevereiro-NOTURNO-E-FINAIS-DE-SEMANA-2026.pdf\">ESCALA fevereiro &#8211; NOTURNO E FINAIS DE SEMANA -2026<\/a><a href=\"https:\/\/desenvolvimentosocial.rc.sp.gov.br\/wp-content\/uploads\/2026\/02\/ESCALA-fevereiro-NOTURNO-E-FINAIS-DE-SEMANA-2026.pdf\" class=\"wp-block-file__button wp-element-button\" download aria-describedby=\"wp-block-file--media-f6e24abb-6492-4337-812b-8dbdfc737eae\">Baixar<\/a><\/div>\n\n\n\n<p><em>Finais de semana e no feriado de carnaval, em espec\u00edfico dias 16 e 17\/02, a equipe far\u00e1 o plant\u00e3o de 4h, sendo das 10:00 \u00e0s 14:00.<\/em><\/p>\n\n\n\n<p><\/p>\n","protected":false},"excerpt":{"rendered":"<p>Escala de Plant\u00e3o do SEAS \u2013 Janeiro de 2026 Escala de Plant\u00e3o do SEAS \u2013 Fevereiro de 2026 Finais de [&hellip;]<\/p>\n","protected":false},"author":2,"featured_media":0,"parent":0,"menu_order":0,"comment_status":"closed","ping_status":"closed","template":"","meta":{"site-sidebar-layout":"default","site-content-layout":"","ast-site-content-layout":"default","site-content-style":"default","site-sidebar-style":"default","ast-global-header-display":"","ast-banner-title-visibility":"","ast-main-header-display":"","ast-hfb-above-header-display":"","ast-hfb-below-header-display":"","ast-hfb-mobile-header-display":"","site-post-title":"","ast-breadcrumbs-content":"","ast-featured-img":"","footer-sml-layout":"","theme-transparent-header-meta":"","adv-header-id-meta":"","stick-header-meta":"","header-above-stick-meta":"","header-main-stick-meta":"","header-below-stick-meta":"","astra-migrate-meta-layouts":"default","ast-page-background-enabled":"default","ast-page-background-meta":{"desktop":{"background-color":"var(--ast-global-color-5)","background-image":"","background-repeat":"repeat","background-position":"center center","background-size":"auto","background-attachment":"scroll","background-type":"","background-media":"","overlay-type":"","overlay-color":"","overlay-opacity":"","overlay-gradient":""},"tablet":{"background-color":"","background-image":"","background-repeat":"repeat","background-position":"center center","background-size":"auto","background-attachment":"scroll","background-type":"","background-media":"","overlay-type":"","overlay-color":"","overlay-opacity":"","overlay-gradient":""},"mobile":{"background-color":"","background-image":"","background-repeat":"repeat","background-position":"center center","background-size":"auto","background-attachment":"scroll","background-type":"","background-media":"","overlay-type":"","overlay-color":"","overlay-opacity":"","overlay-gradient":""}},"ast-content-background-meta":{"desktop":{"background-color":"var(--ast-global-color-4)","background-image":"","background-repeat":"repeat","background-position":"center center","background-size":"auto","background-attachment":"scroll","background-type":"","background-media":"","overlay-type":"","overlay-color":"","overlay-opacity":"","overlay-gradient":""},"tablet":{"background-color":"var(--ast-global-color-4)","background-image":"","background-repeat":"repeat","background-position":"center center","background-size":"auto","background-attachment":"scroll","background-type":"","background-media":"","overlay-type":"","overlay-color":"","overlay-opacity":"","overlay-gradient":""},"mobile":{"background-color":"var(--ast-global-color-4)","background-image":"","background-repeat":"repeat","background-position":"center center","background-size":"auto","background-attachment":"scroll","background-type":"","background-media":"","overlay-type":"","overlay-color":"","overlay-opacity":"","overlay-gradient":""}},"footnotes":""},"class_list":["post-4350","page","type-page","status-publish","hentry"],"_links":{"self":[{"href":"https:\/\/desenvolvimentosocial.rc.sp.gov.br\/index.php?rest_route=\/wp\/v2\/pages\/4350","targetHints":{"allow":["GET"]}}],"collection":[{"href":"https:\/\/desenvolvimentosocial.rc.sp.gov.br\/index.php?rest_route=\/wp\/v2\/pages"}],"about":[{"href":"https:\/\/desenvolvimentosocial.rc.sp.gov.br\/index.php?rest_route=\/wp\/v2\/types\/page"}],"author":[{"embeddable":true,"href":"https:\/\/desenvolvimentosocial.rc.sp.gov.br\/index.php?rest_route=\/wp\/v2\/users\/2"}],"replies":[{"embeddable":true,"href":"https:\/\/desenvolvimentosocial.rc.sp.gov.br\/index.php?rest_route=%2Fwp%2Fv2%2Fcomments&post=4350"}],"version-history":[{"count":5,"href":"https:\/\/desenvolvimentosocial.rc.sp.gov.br\/index.php?rest_route=\/wp\/v2\/pages\/4350\/revisions"}],"predecessor-version":[{"id":4365,"href":"https:\/\/desenvolvimentosocial.rc.sp.gov.br\/index.php?rest_route=\/wp\/v2\/pages\/4350\/revisions\/4365"}],"wp:attachment":[{"href":"https:\/\/desenvolvimentosocial.rc.sp.gov.br\/index.php?rest_route=%2Fwp%2Fv2%2Fmedia&parent=4350"}],"curies":[{"name":"wp","href":"https:\/\/api.w.org\/{rel}","templated":true}]}}