{"id":517,"date":"2019-09-20T15:03:33","date_gmt":"2019-09-20T18:03:33","guid":{"rendered":"https:\/\/desenvolvimentosocial.rc.sp.gov.br\/?page_id=517"},"modified":"2019-11-22T11:06:17","modified_gmt":"2019-11-22T14:06:17","slug":"documentos-processo-de-escolha-conselho-tutelar-2020-a-2023","status":"publish","type":"page","link":"https:\/\/desenvolvimentosocial.rc.sp.gov.br\/?page_id=517","title":{"rendered":"Documentos Processo de Escolha Conselho Tutelar 2020 \u00e0 2023"},"content":{"rendered":"\n<div class=\"wp-block-themeisle-blocks-advanced-columns has-1-columns has-desktop-equal-layout has-tablet-equal-layout has-mobile-equal-layout has-default-gap has-vertical-unset\" id=\"wp-block-themeisle-blocks-advanced-columns-674754b6\" style=\"border-width:0px;border-style:solid;border-color:#000000;border-radius:0px;justify-content:unset\"><div class=\"wp-themeisle-block-overlay\" style=\"opacity:0.5;mix-blend-mode:normal\"><\/div><div class=\"innerblocks-wrap\">\n<div class=\"wp-block-themeisle-blocks-advanced-column\" id=\"wp-block-themeisle-blocks-advanced-column-1add23a0\" style=\"border-width:0px;border-style:solid;border-color:#000000;border-radius:0px\">\n<ul class=\"wp-block-list\"><li><a rel=\"noreferrer noopener\" aria-label=\"Altera\u00e7\u00e3o de Data  - Reuni\u00e3o Mes\u00e1rios (abre numa nova aba)\" href=\"https:\/\/desenvolvimentosocial.rc.sp.gov.br\/wp-content\/uploads\/2019\/09\/Altera\u00e7\u00e3o-de-Data-Reuni\u00e3o-Mes_\u00e1rios.pdf\" target=\"_blank\">Altera\u00e7\u00e3o de Data  &#8211; Reuni\u00e3o Mes\u00e1rios<\/a><\/li><li><a rel=\"noreferrer noopener\" aria-label=\"Edital - Conselho Tutelar 2 (abre numa nova aba)\" href=\"https:\/\/desenvolvimentosocial.rc.sp.gov.br\/wp-content\/uploads\/2019\/09\/Edital-Conselho-Tutelar-2.pdf\" target=\"_blank\">Edital &#8211; Conselho Tutelar 2<\/a><\/li><li><a rel=\"noreferrer noopener\" aria-label=\"Lista de Deferidos I (07-06-2019) (abre numa nova aba)\" href=\"https:\/\/desenvolvimentosocial.rc.sp.gov.br\/wp-content\/uploads\/2019\/09\/Lista-de-Deferidos-I-07-06-2019.pdf\" target=\"_blank\">Lista de Deferidos I (07-06-2019)<\/a><\/li><li><a rel=\"noreferrer noopener\" aria-label=\"Lista de Deferidos II (12-07-2019) (abre numa nova aba)\" href=\"https:\/\/desenvolvimentosocial.rc.sp.gov.br\/wp-content\/uploads\/2019\/09\/Lista-de-Deferidos-II-12-07-2019.pdf\" target=\"_blank\">Lista de Deferidos II (12-07-2019)<\/a><\/li><li><a rel=\"noreferrer noopener\" aria-label=\"Lista de Deferidos III (09-08-2019) (abre numa nova aba)\" href=\"https:\/\/desenvolvimentosocial.rc.sp.gov.br\/wp-content\/uploads\/2019\/09\/Lista-de-Deferidos-III-09-08-2019.pdf\" target=\"_blank\">Lista de Deferidos III (09-08-2019)<\/a><\/li><li><a rel=\"noreferrer noopener\" aria-label=\"Lista de Deferidos IV Reuni\u00e3o de Compromisso (23-08-2019) (abre numa nova aba)\" href=\"https:\/\/desenvolvimentosocial.rc.sp.gov.br\/wp-content\/uploads\/2019\/09\/Lista-de-Deferidos-IV-Reuni\u00e3o-de_-Compromisso-23-08-2019.pdf\" target=\"_blank\">Lista de Deferidos IV Reuni\u00e3o de Compromisso (23-08-2019)<\/a><\/li><li><a rel=\"noreferrer noopener\" aria-label=\"Local de Vota\u00e7\u00e3o (30-08-2019) (abre numa nova aba)\" href=\"https:\/\/desenvolvimentosocial.rc.sp.gov.br\/wp-content\/uploads\/2019\/09\/Local-de-Vota\u00e7\u00e3o-30-08-2019.pdf\" target=\"_blank\">Local de Vota\u00e7\u00e3o (30-08-2019)<\/a><\/li><li><a rel=\"noreferrer noopener\" aria-label=\"Parecer da Comiss\u00e3o Especial Eleitoral (Assinado) (abre numa nova aba)\" href=\"https:\/\/desenvolvimentosocial.rc.sp.gov.br\/wp-content\/uploads\/2019\/09\/Parecer-da-Comiss\u00e3o-Especial-Ele_itoral-Assinado.pdf\" target=\"_blank\">Parecer da Comiss\u00e3o Especial Eleitoral (Assinado)<\/a><\/li><li><a rel=\"noreferrer noopener\" aria-label=\"Pareceres Indeferidos CT (abre numa nova aba)\" href=\"https:\/\/desenvolvimentosocial.rc.sp.gov.br\/wp-content\/uploads\/2019\/09\/Parecer-Indeferidos-CT.pdf\" target=\"_blank\">Pareceres Indeferidos CT<\/a><\/li><li><a rel=\"noreferrer noopener\" aria-label=\"Publica\u00e7\u00e3o Deferimento Maria Lourdes (abre numa nova aba)\" href=\"https:\/\/desenvolvimentosocial.rc.sp.gov.br\/wp-content\/uploads\/2019\/09\/Publica\u00e7\u00e3o-Deferimento-Maria-Lou_rdes.pdf\" target=\"_blank\">Publica\u00e7\u00e3o Deferimento Maria Lourdes<\/a><\/li><li><a rel=\"noreferrer noopener\" aria-label=\"Publica\u00e7\u00e3o Liminar e Recomenda\u00e7\u00e3 MP (abre numa nova aba)\" href=\"https:\/\/desenvolvimentosocial.rc.sp.gov.br\/wp-content\/uploads\/2019\/09\/Publica\u00e7\u00e3o-Liminar-e-Recomenda\u00e7\u00e3_o-MP.pdf\" target=\"_blank\">Publica\u00e7\u00e3o Liminar e Recomenda\u00e7\u00e3 MP<\/a><\/li><li><a rel=\"noreferrer noopener\" aria-label=\"Publica\u00e7\u00e3o Reuni\u00c6o de Orienta\u00e7\u00e3o (abre numa nova aba)\" href=\"https:\/\/desenvolvimentosocial.rc.sp.gov.br\/wp-content\/uploads\/2019\/09\/Publica\u00e7\u00e3o-Reuni\u00e3o-de-Orienta\u00e7\u00e3o_.pdf\" target=\"_blank\">Publica\u00e7\u00e3o Reuni\u00c6o de Orienta\u00e7\u00e3o<\/a><\/li><li><a rel=\"noreferrer noopener\" aria-label=\"ATA - Ato de Lacra\u00e7\u00e3o das Urnas Eleitorais (03-10-2019) (abre numa nova aba)\" href=\"https:\/\/desenvolvimentosocial.rc.sp.gov.br\/wp-content\/uploads\/2019\/11\/ATA-Ato-de-Lacra\u00e7\u00e3o-das-Urnas-Eleitorais-03-10-2019.pdf\" target=\"_blank\">ATA &#8211; Ato de Lacra\u00e7\u00e3o das Urnas Eleitorais (03-10-2019)<\/a><\/li><li><a rel=\"noreferrer noopener\" aria-label=\"Ata da Elei\u00e7\u00e3o (06-10-2019) + Planilha de votos (abre numa nova aba)\" href=\"https:\/\/desenvolvimentosocial.rc.sp.gov.br\/wp-content\/uploads\/2019\/11\/Ata-da-Elei\u00e7\u00e3o-06-10-2019-Planilha-de-votos.pdf\" target=\"_blank\">Ata da Elei\u00e7\u00e3o (06-10-2019) + Planilha de votos<\/a><\/li><li><a rel=\"noreferrer noopener\" aria-label=\"Lista de Presen\u00e7a - Ato de Lacra\u00e7\u00e3o das Urnas (03-10-2019) - Assinada (abre numa nova aba)\" href=\"https:\/\/desenvolvimentosocial.rc.sp.gov.br\/wp-content\/uploads\/2019\/11\/Lista-de-Presen\u00e7a-Ato-de-Lacra\u00e7\u00e3o-das-Urnas-03-10-2019-Assinada.pdf\" target=\"_blank\">Lista de Presen\u00e7a &#8211; Ato de Lacra\u00e7\u00e3o das Urnas (03-10-2019) &#8211; Assinada<\/a><\/li><li><a rel=\"noreferrer noopener\" aria-label=\"Local de Vota\u00e7\u00e3o (30-08-2019) (abre numa nova aba)\" href=\"https:\/\/desenvolvimentosocial.rc.sp.gov.br\/wp-content\/uploads\/2019\/11\/Local-de-Vota\u00e7\u00e3o-30-08-2019.pdf\" target=\"_blank\">Local de Vota\u00e7\u00e3o (30-08-2019)<\/a><\/li><li><a rel=\"noreferrer noopener\" aria-label=\"Publica\u00e7\u00e3o Indeferidos P\u00f3s Reuni\u00e3o de Orienta\u00e7\u00e3o II (abre numa nova aba)\" href=\"https:\/\/desenvolvimentosocial.rc.sp.gov.br\/wp-content\/uploads\/2019\/11\/Publica\u00e7\u00e3o-Indeferidos-P\u00f3s-Reuni\u00e3o-de-Orienta\u00e7\u00e3o-II.pdf\" target=\"_blank\">Publica\u00e7\u00e3o Indeferidos P\u00f3s Reuni\u00e3o de Orienta\u00e7\u00e3o II<\/a><\/li><li><a rel=\"noreferrer noopener\" aria-label=\"Publica\u00e7\u00e3o Indeferidos P\u00f3s Reuni\u00e3o de Orienta\u00e7\u00e3o (abre numa nova aba)\" href=\"https:\/\/desenvolvimentosocial.rc.sp.gov.br\/wp-content\/uploads\/2019\/11\/Publica\u00e7\u00e3o-Indeferidos-P\u00f3s-Reuni\u00e3o-de-Orienta\u00e7\u00e3o.pdf\" target=\"_blank\">Publica\u00e7\u00e3o Indeferidos P\u00f3s Reuni\u00e3o de Orienta\u00e7\u00e3o<\/a><\/li><li><a rel=\"noreferrer noopener\" aria-label=\"Publica\u00e7\u00e3o Lacra\u00e7\u00e3o das Urnas e Encontro UNESP (abre numa nova aba)\" href=\"https:\/\/desenvolvimentosocial.rc.sp.gov.br\/wp-content\/uploads\/2019\/11\/Publica\u00e7\u00e3o-Lacra\u00e7\u00e3o-das-Urnas-e-Encontro-UNESP.pdf\" target=\"_blank\">Publica\u00e7\u00e3o Lacra\u00e7\u00e3o das Urnas e Encontro UNESP<\/a><\/li><li><a rel=\"noreferrer noopener\" aria-label=\"Publica\u00e7\u00e3o no. de votos CT\u2028 (abre numa nova aba)\" href=\"https:\/\/desenvolvimentosocial.rc.sp.gov.br\/wp-content\/uploads\/2019\/11\/Publica\u00e7\u00e3o-n\u00b0-de-votos-CT.pdf\" target=\"_blank\">Publica\u00e7\u00e3o no. de votos CT<\/a><\/li><li><a rel=\"noreferrer noopener\" aria-label=\"Publica\u00e7\u00e3o Reuni\u00e3o Volunt\u00e1rios (abre numa nova aba)\" href=\"https:\/\/desenvolvimentosocial.rc.sp.gov.br\/wp-content\/uploads\/2019\/11\/Publica\u00e7\u00e3o-Reuni\u00e3o-Volunt\u00e1rios.pdf\" target=\"_blank\">Publica\u00e7\u00e3o Reuni\u00e3o Volunt\u00e1rios<\/a><\/li><li><a href=\"https:\/\/desenvolvimentosocial.rc.sp.gov.br\/wp-content\/uploads\/2019\/11\/Resolu\u00e7\u00e3o-007-1.pdf\" target=\"_blank\" rel=\"noreferrer noopener\" aria-label=\"Resolu\u00e7\u00e3o 007 (abre numa nova aba)\">Resolu\u00e7\u00e3o 007<\/a><\/li><\/ul>\n<\/div>\n<\/div><\/div>\n","protected":false},"excerpt":{"rendered":"","protected":false},"author":1,"featured_media":0,"parent":0,"menu_order":0,"comment_status":"closed","ping_status":"closed","template":"","meta":{"site-sidebar-layout":"default","site-content-layout":"","ast-site-content-layout":"default","site-content-style":"default","site-sidebar-style":"default","ast-global-header-display":"","ast-banner-title-visibility":"","ast-main-header-display":"","ast-hfb-above-header-display":"","ast-hfb-below-header-display":"","ast-hfb-mobile-header-display":"","site-post-title":"","ast-breadcrumbs-content":"","ast-featured-img":"","footer-sml-layout":"","theme-transparent-header-meta":"","adv-header-id-meta":"","stick-header-meta":"","header-above-stick-meta":"","header-main-stick-meta":"","header-below-stick-meta":"","astra-migrate-meta-layouts":"default","ast-page-background-enabled":"default","ast-page-background-meta":{"desktop":{"background-color":"var(--ast-global-color-5)","background-image":"","background-repeat":"repeat","background-position":"center center","background-size":"auto","background-attachment":"scroll","background-type":"","background-media":"","overlay-type":"","overlay-color":"","overlay-opacity":"","overlay-gradient":""},"tablet":{"background-color":"","background-image":"","background-repeat":"repeat","background-position":"center center","background-size":"auto","background-attachment":"scroll","background-type":"","background-media":"","overlay-type":"","overlay-color":"","overlay-opacity":"","overlay-gradient":""},"mobile":{"background-color":"","background-image":"","background-repeat":"repeat","background-position":"center center","background-size":"auto","background-attachment":"scroll","background-type":"","background-media":"","overlay-type":"","overlay-color":"","overlay-opacity":"","overlay-gradient":""}},"ast-content-background-meta":{"desktop":{"background-color":"var(--ast-global-color-4)","background-image":"","background-repeat":"repeat","background-position":"center center","background-size":"auto","background-attachment":"scroll","background-type":"","background-media":"","overlay-type":"","overlay-color":"","overlay-opacity":"","overlay-gradient":""},"tablet":{"background-color":"var(--ast-global-color-4)","background-image":"","background-repeat":"repeat","background-position":"center center","background-size":"auto","background-attachment":"scroll","background-type":"","background-media":"","overlay-type":"","overlay-color":"","overlay-opacity":"","overlay-gradient":""},"mobile":{"background-color":"var(--ast-global-color-4)","background-image":"","background-repeat":"repeat","background-position":"center center","background-size":"auto","background-attachment":"scroll","background-type":"","background-media":"","overlay-type":"","overlay-color":"","overlay-opacity":"","overlay-gradient":""}},"footnotes":""},"class_list":["post-517","page","type-page","status-publish","hentry"],"_links":{"self":[{"href":"https:\/\/desenvolvimentosocial.rc.sp.gov.br\/index.php?rest_route=\/wp\/v2\/pages\/517","targetHints":{"allow":["GET"]}}],"collection":[{"href":"https:\/\/desenvolvimentosocial.rc.sp.gov.br\/index.php?rest_route=\/wp\/v2\/pages"}],"about":[{"href":"https:\/\/desenvolvimentosocial.rc.sp.gov.br\/index.php?rest_route=\/wp\/v2\/types\/page"}],"author":[{"embeddable":true,"href":"https:\/\/desenvolvimentosocial.rc.sp.gov.br\/index.php?rest_route=\/wp\/v2\/users\/1"}],"replies":[{"embeddable":true,"href":"https:\/\/desenvolvimentosocial.rc.sp.gov.br\/index.php?rest_route=%2Fwp%2Fv2%2Fcomments&post=517"}],"version-history":[{"count":5,"href":"https:\/\/desenvolvimentosocial.rc.sp.gov.br\/index.php?rest_route=\/wp\/v2\/pages\/517\/revisions"}],"predecessor-version":[{"id":600,"href":"https:\/\/desenvolvimentosocial.rc.sp.gov.br\/index.php?rest_route=\/wp\/v2\/pages\/517\/revisions\/600"}],"wp:attachment":[{"href":"https:\/\/desenvolvimentosocial.rc.sp.gov.br\/index.php?rest_route=%2Fwp%2Fv2%2Fmedia&parent=517"}],"curies":[{"name":"wp","href":"https:\/\/api.w.org\/{rel}","templated":true}]}}