{"id":604,"date":"2019-12-03T09:11:18","date_gmt":"2019-12-03T12:11:18","guid":{"rendered":"https:\/\/desenvolvimentosocial.rc.sp.gov.br\/?page_id=604"},"modified":"2019-12-03T16:45:13","modified_gmt":"2019-12-03T19:45:13","slug":"protecao-social-basica","status":"publish","type":"page","link":"https:\/\/desenvolvimentosocial.rc.sp.gov.br\/?page_id=604","title":{"rendered":"Prote\u00e7\u00e3o Social B\u00e1sica"},"content":{"rendered":"\n<div class=\"wp-block-themeisle-blocks-advanced-columns has-1-columns has-desktop-equal-layout has-tablet-equal-layout has-mobile-equal-layout has-default-gap has-vertical-unset\" id=\"wp-block-themeisle-blocks-advanced-columns-22256b3c\" style=\"border-width:0px;border-style:solid;border-color:#000000;border-radius:0px;justify-content:unset\"><div class=\"wp-themeisle-block-overlay\" style=\"opacity:0.5;mix-blend-mode:normal\"><\/div><div class=\"innerblocks-wrap\">\n<div class=\"wp-block-themeisle-blocks-advanced-column\" id=\"wp-block-themeisle-blocks-advanced-column-ea439893\" style=\"border-width:0px;border-style:solid;border-color:#000000;border-radius:0px\">\n<p><strong>01. Servi\u00e7o de Convivencia e Fortalecimento de Vinculos para Crian\u00e7as de 06 a 15 anos<\/strong><\/p>\n\n\n\n<ul class=\"wp-block-list\"><li><a rel=\"noreferrer noopener\" aria-label=\" (abre numa nova aba)\" href=\"https:\/\/desenvolvimentosocial.rc.sp.gov.br\/wp-content\/uploads\/2019\/12\/01.-Edital_06-2017.pdf\" target=\"_blank\">01_Edital_06-2017<\/a><\/li><li><a rel=\"noreferrer noopener\" aria-label=\"02_Errata Edital 006-2017 (abre numa nova aba)\" href=\"https:\/\/desenvolvimentosocial.rc.sp.gov.br\/wp-content\/uploads\/2019\/12\/02.-Errata-Edital-006-2017.pdf\" target=\"_blank\">02_Errata Edital 006-2017<\/a><\/li><li><a rel=\"noreferrer noopener\" aria-label=\"03_Comiss\u00e3o Sele\u00e7\u00e3o_Edital 06-2017 (abre numa nova aba)\" href=\"https:\/\/desenvolvimentosocial.rc.sp.gov.br\/wp-content\/uploads\/2019\/12\/03.-Comiss\u00e3o-Sele\u00e7\u00e3o_Edital-06-2017.pdf\" target=\"_blank\">03_Comiss\u00e3o Sele\u00e7\u00e3o_Edital 06-2017<\/a><\/li><li><a rel=\"noreferrer noopener\" aria-label=\"04_Resultado Preliminar_06-2017\u2028 (abre numa nova aba)\" href=\"https:\/\/desenvolvimentosocial.rc.sp.gov.br\/wp-content\/uploads\/2019\/12\/04.-Resultado-Preliminar_06-2017.pdf\" target=\"_blank\">04_Resultado Preliminar_06-2017<\/a><\/li><li><a rel=\"noreferrer noopener\" aria-label=\"05_Extrato de Termo (abre numa nova aba)\" href=\"https:\/\/desenvolvimentosocial.rc.sp.gov.br\/wp-content\/uploads\/2019\/12\/05.-Extrato-de-Termo.pdf\" target=\"_blank\">05_Extrato de Termo<\/a><\/li><li><a rel=\"noreferrer noopener\" aria-label=\"05_HomologacaoResultado (abre numa nova aba)\" href=\"https:\/\/desenvolvimentosocial.rc.sp.gov.br\/wp-content\/uploads\/2019\/12\/05.-HomologacaoResultado.pdf\" target=\"_blank\">05_HomologacaoResultado<\/a><\/li><li><a rel=\"noreferrer noopener\" aria-label=\"06_Termo de Colabora\u00e7\u00e3o_Claretiano (abre numa nova aba)\" href=\"https:\/\/desenvolvimentosocial.rc.sp.gov.br\/wp-content\/uploads\/2019\/12\/06.-Termo-de-Colabora\u00e7\u00e3o_Claretiano.pdf\" target=\"_blank\">06_Termo de Colabora\u00e7\u00e3o_Claretiano<\/a><\/li><li><a rel=\"noreferrer noopener\" aria-label=\"07_Plano de Trabalho_Claretiano\u2028 (abre numa nova aba)\" href=\"https:\/\/desenvolvimentosocial.rc.sp.gov.br\/wp-content\/uploads\/2019\/12\/07.-Plano-de-Trabalho_Claretiano.pdf\" target=\"_blank\">07_Plano de Trabalho_Claretiano<\/a><\/li><li><a rel=\"noreferrer noopener\" aria-label=\"08_Termo de Colabora\u00e7\u00e3o_UDAM (abre numa nova aba)\" href=\"https:\/\/desenvolvimentosocial.rc.sp.gov.br\/wp-content\/uploads\/2019\/12\/08.-Termo-de-Colabora\u00e7\u00e3o_UDAM.pdf\" target=\"_blank\">08_Termo de Colabora\u00e7\u00e3o_UDAM<\/a><\/li><li><a rel=\"noreferrer noopener\" aria-label=\"09_Plano de Trabalho_UDAM (abre numa nova aba)\" href=\"https:\/\/desenvolvimentosocial.rc.sp.gov.br\/wp-content\/uploads\/2019\/12\/09.-Plano-de-Trabalho_UDAM.pdf\" target=\"_blank\">09_Plano de Trabalho_UDAM<\/a><\/li><li><a rel=\"noreferrer noopener\" aria-label=\"10_Termo de Colabora\u00e7\u00e3o_Artevida\u2028 (abre numa nova aba)\" href=\"https:\/\/desenvolvimentosocial.rc.sp.gov.br\/wp-content\/uploads\/2019\/12\/10.-Termo-de-Colabora\u00e7\u00e3o_Artevida.pdf\" target=\"_blank\">10_Termo de Colabora\u00e7\u00e3o_Artevida<\/a><\/li><li><a rel=\"noreferrer noopener\" aria-label=\"11_Plano de Trabalho_Artevida (abre numa nova aba)\" href=\"https:\/\/desenvolvimentosocial.rc.sp.gov.br\/wp-content\/uploads\/2019\/12\/11.-Plano-de-Trabalho_Artevida.pdf\" target=\"_blank\">11_Plano de Trabalho_Artevida<\/a><\/li><li><a rel=\"noreferrer noopener\" aria-label=\"12_Termo de Colabora\u00e7\u00e3o_ADRA (abre numa nova aba)\" href=\"https:\/\/desenvolvimentosocial.rc.sp.gov.br\/wp-content\/uploads\/2019\/12\/12.-Termo-de-Colabora\u00e7\u00e3o_ADRA.pdf\" target=\"_blank\">12_Termo de Colabora\u00e7\u00e3o_ADRA<\/a><\/li><li><a rel=\"noreferrer noopener\" aria-label=\"13_Plano de Trabalho_ADRA (abre numa nova aba)\" href=\"https:\/\/desenvolvimentosocial.rc.sp.gov.br\/wp-content\/uploads\/2019\/12\/13.-Plano-de-Trabalho_ADRA.pdf\" target=\"_blank\">13_Plano de Trabalho_ADRA<\/a><\/li><li><a rel=\"noreferrer noopener\" aria-label=\"14_Termo de Colabora\u00e7\u00e3o_Educandario (abre numa nova aba)\" href=\"https:\/\/desenvolvimentosocial.rc.sp.gov.br\/wp-content\/uploads\/2019\/12\/14.-Termo-de-Colabora\u00e7\u00e3o_Educandario.pdf\" target=\"_blank\">14_Termo de Colabora\u00e7\u00e3o_Educandario<\/a><\/li><li><a rel=\"noreferrer noopener\" aria-label=\"15_Plano de Trabalho_Educandario (abre numa nova aba)\" href=\"https:\/\/desenvolvimentosocial.rc.sp.gov.br\/wp-content\/uploads\/2019\/12\/15.-Plano-de-Trabalho_Educandario.pdf\" target=\"_blank\">15_Plano de Trabalho_Educandario<\/a><\/li><li><a rel=\"noreferrer noopener\" aria-label=\"16_Extrato Aditamento (abre numa nova aba)\" href=\"https:\/\/desenvolvimentosocial.rc.sp.gov.br\/wp-content\/uploads\/2019\/12\/16.-Extrato-Aditamento.pdf\" target=\"_blank\">16_Extrato Aditamento<\/a><\/li><li><a rel=\"noreferrer noopener\" aria-label=\"16_Extrato (abre numa nova aba)\" href=\"https:\/\/desenvolvimentosocial.rc.sp.gov.br\/wp-content\/uploads\/2019\/12\/16.-Extrato.pdf\" target=\"_blank\">16_Extrato<\/a><\/li><li><a rel=\"noreferrer noopener\" aria-label=\"17_Termo de Aditamento_Claretiano (abre numa nova aba)\" href=\"https:\/\/desenvolvimentosocial.rc.sp.gov.br\/wp-content\/uploads\/2019\/12\/17.-Termo-de-Aditamento_Claretiano.pdf\" target=\"_blank\">17_Termo de Aditamento_Claretiano<\/a><\/li><li><a rel=\"noreferrer noopener\" aria-label=\"18_Plano de Trabalho_Claretiano (abre numa nova aba)\" href=\"https:\/\/desenvolvimentosocial.rc.sp.gov.br\/wp-content\/uploads\/2019\/12\/18.-Plano-de-Trabalho_Claretiano.pdf\" target=\"_blank\">18_Plano de Trabalho_Claretiano<\/a><\/li><li><a rel=\"noreferrer noopener\" aria-label=\"19_Termo de Aditamento_UDAM (abre numa nova aba)\" href=\"https:\/\/desenvolvimentosocial.rc.sp.gov.br\/wp-content\/uploads\/2019\/12\/19.-Termo-de-Aditamento_UDAM.pdf\" target=\"_blank\">19_Termo de Aditamento_UDAM<\/a><\/li><li><a rel=\"noreferrer noopener\" aria-label=\"20_Plano de Trabalho_UDAM (abre numa nova aba)\" href=\"https:\/\/desenvolvimentosocial.rc.sp.gov.br\/wp-content\/uploads\/2019\/12\/20.-Plano-de-Trabalho_UDAM.pdf\" target=\"_blank\">20_Plano de Trabalho_UDAM<\/a><\/li><li><a rel=\"noreferrer noopener\" aria-label=\"21_Termo de Aditamento_Artevida (abre numa nova aba)\" href=\"https:\/\/desenvolvimentosocial.rc.sp.gov.br\/wp-content\/uploads\/2019\/12\/21.-Termo-de-Aditamento_Artevida.pdf\" target=\"_blank\">21_Termo de Aditamento_Artevida<\/a><\/li><li><a rel=\"noreferrer noopener\" aria-label=\"22_Plano de Trabalho_Artevida (abre numa nova aba)\" href=\"https:\/\/desenvolvimentosocial.rc.sp.gov.br\/wp-content\/uploads\/2019\/12\/22.-Plano-de-Trabalho_Artevida.pdf\" target=\"_blank\">22_Plano de Trabalho_Artevida<\/a><\/li><li><a rel=\"noreferrer noopener\" aria-label=\"23_Termo de Aditamento_ADRA\u2028 (abre numa nova aba)\" href=\"https:\/\/desenvolvimentosocial.rc.sp.gov.br\/wp-content\/uploads\/2019\/12\/23.-Termo-de-Aditamento_ADRA.pdf\" target=\"_blank\">23_Termo de Aditamento_ADRA<\/a><\/li><li><a rel=\"noreferrer noopener\" aria-label=\"24_Plano de Trabalho_ADRA (abre numa nova aba)\" href=\"https:\/\/desenvolvimentosocial.rc.sp.gov.br\/wp-content\/uploads\/2019\/12\/24.-Plano-de-Trabalho_ADRA.pdf\" target=\"_blank\">24_Plano de Trabalho_ADRA<\/a><\/li><li><a rel=\"noreferrer noopener\" aria-label=\"25_Termo de Aditamento_Educandario (abre numa nova aba)\" href=\"https:\/\/desenvolvimentosocial.rc.sp.gov.br\/wp-content\/uploads\/2019\/12\/25.-Termo-de-Aditamento_Educandario.pdf\" target=\"_blank\">25_Termo de Aditamento_Educandario<\/a><\/li><li><a rel=\"noreferrer noopener\" aria-label=\"26_Educandario_Plano de Trabalho (abre numa nova aba)\" href=\"https:\/\/desenvolvimentosocial.rc.sp.gov.br\/wp-content\/uploads\/2019\/12\/26_Educandario.-Plano-de-Trabalho.pdf\" target=\"_blank\">26_Educandario_Plano de Trabalho<\/a><\/li><li><a rel=\"noreferrer noopener\" aria-label=\"27_Edital 001-2018 (abre numa nova aba)\" href=\"https:\/\/desenvolvimentosocial.rc.sp.gov.br\/wp-content\/uploads\/2019\/12\/27.-Edital-001-2018.pdf\" target=\"_blank\">27_Edital 001-2018<\/a><\/li><li><a rel=\"noreferrer noopener\" aria-label=\"28_Comiss\u00e3o Sele\u00e7\u00e3o_Edital 001-2018 (abre numa nova aba)\" href=\"https:\/\/desenvolvimentosocial.rc.sp.gov.br\/wp-content\/uploads\/2019\/12\/28.-Comiss\u00e3o-Sele\u00e7\u00e3o_Edital-001-2018.pdf\" target=\"_blank\">28_Comiss\u00e3o Sele\u00e7\u00e3o_Edital 001-2018<\/a><\/li><li><a rel=\"noreferrer noopener\" aria-label=\"29_Resultado Preliminar\u2028 (abre numa nova aba)\" href=\"https:\/\/desenvolvimentosocial.rc.sp.gov.br\/wp-content\/uploads\/2019\/12\/29.-Resultado-Preliminar.pdf\" target=\"_blank\">29_Resultado Preliminar<\/a><\/li><li><a rel=\"noreferrer noopener\" aria-label=\"30_Resultado Final (abre numa nova aba)\" href=\"https:\/\/desenvolvimentosocial.rc.sp.gov.br\/wp-content\/uploads\/2019\/12\/30.-Resultado-Final.pdf\" target=\"_blank\">30_Resultado Final<\/a><\/li><li><a rel=\"noreferrer noopener\" aria-label=\"31_Termo de Colabora\u00e7\u00e3o_S.J.Escocia\u2028 (abre numa nova aba)\" href=\"https:\/\/desenvolvimentosocial.rc.sp.gov.br\/wp-content\/uploads\/2019\/12\/31.-Termo-de-Colabora\u00e7\u00e3o_S.J.Escocia.pdf\" target=\"_blank\">31_Termo de Colabora\u00e7\u00e3o_S.J.Escocia<\/a><\/li><li><a rel=\"noreferrer noopener\" aria-label=\"32_Plano de Trabalho_S.J.Escocia (abre numa nova aba)\" href=\"https:\/\/desenvolvimentosocial.rc.sp.gov.br\/wp-content\/uploads\/2019\/12\/32.-Plano-de-Trabalho_S.J.Escocia.pdf\" target=\"_blank\">32_Plano de Trabalho_S.J.Escocia<\/a><\/li><li><a rel=\"noreferrer noopener\" aria-label=\"33_Extrato Aditamento_SJEscocia (abre numa nova aba)\" href=\"https:\/\/desenvolvimentosocial.rc.sp.gov.br\/wp-content\/uploads\/2019\/12\/33.-Extrato-Aditamento_SJEscocia.pdf\" target=\"_blank\">33_Extrato Aditamento_SJEscocia<\/a><\/li><li><a rel=\"noreferrer noopener\" aria-label=\"34_Termo de Aditamento (abre numa nova aba)\" href=\"https:\/\/desenvolvimentosocial.rc.sp.gov.br\/wp-content\/uploads\/2019\/12\/34.-Termo-de-Aditamento.pdf\" target=\"_blank\">34_Termo de Aditamento<\/a><\/li><li><a href=\"https:\/\/desenvolvimentosocial.rc.sp.gov.br\/wp-content\/uploads\/2019\/12\/35.-Plano-de-Trabalho.pdf\" target=\"_blank\" rel=\"noreferrer noopener\" aria-label=\"35_Plano de Trabalho (abre numa nova aba)\">35_Plano de Trabalho<\/a><\/li><\/ul>\n\n\n\n<p><strong>02. Servi\u00e7o de Convivencia e Fortalecimento de Vinculos 15 a 17 anos<\/strong><\/p>\n\n\n\n<ul class=\"wp-block-list\"><li><a rel=\"noreferrer noopener\" aria-label=\"02_Comiss\u00e3o Sele\u00e7\u00e3o 07-2017 (abre numa nova aba)\" href=\"https:\/\/desenvolvimentosocial.rc.sp.gov.br\/wp-content\/uploads\/2019\/12\/02-Comiss\u00e3o-Sele\u00e7\u00e3o-07-2017.pdf\" target=\"_blank\">02_Comiss\u00e3o Sele\u00e7\u00e3o 07-2017<\/a><\/li><li><a rel=\"noreferrer noopener\" aria-label=\"03_Resultado Preliminar_Edital 007-2017\u2028 (abre numa nova aba)\" href=\"https:\/\/desenvolvimentosocial.rc.sp.gov.br\/wp-content\/uploads\/2019\/12\/03.-Resultado-Preliminar_Edital-007-2017.pdf\" target=\"_blank\">03_Resultado Preliminar_Edital 007-2017<\/a><\/li><li><a rel=\"noreferrer noopener\" aria-label=\"04_Resultado Final_Edital 007-2017 (abre numa nova aba)\" href=\"https:\/\/desenvolvimentosocial.rc.sp.gov.br\/wp-content\/uploads\/2019\/12\/04.-Resultado-FInal_Edital-007-2017.pdf\" target=\"_blank\">04_Resultado Final_Edital 007-2017<\/a><\/li><li><a rel=\"noreferrer noopener\" aria-label=\"05_Extrato de Termo (abre numa nova aba)\" href=\"https:\/\/desenvolvimentosocial.rc.sp.gov.br\/wp-content\/uploads\/2019\/12\/05.-Extrato-de-Termo-1.pdf\" target=\"_blank\">05_Extrato de Termo<\/a><\/li><li><a rel=\"noreferrer noopener\" aria-label=\"05_Homologa\u00e7\u00e3o Resultado Final_Edital 007-2017 (abre numa nova aba)\" href=\"https:\/\/desenvolvimentosocial.rc.sp.gov.br\/wp-content\/uploads\/2019\/12\/05.-Homologa\u00e7\u00e3o-Resultado-Final_Edital-007-2017.pdf\" target=\"_blank\">05_Homologa\u00e7\u00e3o Resultado Final_Edital 007-2017<\/a><\/li><li><a rel=\"noreferrer noopener\" aria-label=\"06_Termo de Colabora\u00e7\u00e3o_UDAM (abre numa nova aba)\" href=\"https:\/\/desenvolvimentosocial.rc.sp.gov.br\/wp-content\/uploads\/2019\/12\/06.-Termo-de-Colabora\u00e7\u00e3o_UDAM.pdf\" target=\"_blank\">06_Termo de Colabora\u00e7\u00e3o_UDAM<\/a><\/li><li><a rel=\"noreferrer noopener\" aria-label=\"07_Plano de Trabalho_UDAM (abre numa nova aba)\" href=\"https:\/\/desenvolvimentosocial.rc.sp.gov.br\/wp-content\/uploads\/2019\/12\/07.-Plano-de-Trabalho_UDAM.pdf\" target=\"_blank\">07_Plano de Trabalho_UDAM<\/a><\/li><li><a rel=\"noreferrer noopener\" aria-label=\"08_Extrato de Aditamento (abre numa nova aba)\" href=\"https:\/\/desenvolvimentosocial.rc.sp.gov.br\/wp-content\/uploads\/2019\/12\/08.-Extrato-de-Aditamento.pdf\" target=\"_blank\">08_Extrato de Aditamento<\/a><\/li><li><a rel=\"noreferrer noopener\" aria-label=\"08_Extrato (abre numa nova aba)\" href=\"https:\/\/desenvolvimentosocial.rc.sp.gov.br\/wp-content\/uploads\/2019\/12\/08.-Extrato.pdf\" target=\"_blank\">08_Extrato<\/a><\/li><li><a rel=\"noreferrer noopener\" aria-label=\"09_Termo de Aditamento_UDAM (abre numa nova aba)\" href=\"https:\/\/desenvolvimentosocial.rc.sp.gov.br\/wp-content\/uploads\/2019\/12\/09.-Termo-de-Aditamento_UDAM.pdf\" target=\"_blank\">09_Termo de Aditamento_UDAM<\/a><\/li><li><a href=\"https:\/\/desenvolvimentosocial.rc.sp.gov.br\/wp-content\/uploads\/2019\/12\/10.-Plano-de-Trabalho_UDAM.pdf\" target=\"_blank\" rel=\"noreferrer noopener\" aria-label=\"10_Plano de Trabalho_UDAM (abre numa nova aba)\">10_Plano de Trabalho_UDAM<\/a><\/li><\/ul>\n\n\n\n<p><strong>03. Servi\u00e7o de Convivencia e Fortalecimento de Vinculos para Idosos<\/strong><\/p>\n\n\n\n<ul class=\"wp-block-list\"><li><a rel=\"noreferrer noopener\" aria-label=\"01_Edital 008-2017 (abre numa nova aba)\" href=\"https:\/\/desenvolvimentosocial.rc.sp.gov.br\/wp-content\/uploads\/2019\/12\/01.-Edital-008-2017.pdf\" target=\"_blank\">01_Edital 008-2017<\/a><\/li><li><a rel=\"noreferrer noopener\" aria-label=\" 02_Comiss\u00e3o de Sele\u00e7\u00e3o_Edital 008-2017 (abre numa nova aba)\" href=\"https:\/\/desenvolvimentosocial.rc.sp.gov.br\/wp-content\/uploads\/2019\/12\/02.-Comiss\u00e3o-de-Sele\u00e7\u00e3o_Edital-008-2017.pdf\" target=\"_blank\">02_Comiss\u00e3o de Sele\u00e7\u00e3o_Edital 008-2017<\/a><\/li><li><a rel=\"noreferrer noopener\" aria-label=\"03_Resultado Final_Edital 008-2017 (abre numa nova aba)\" href=\"https:\/\/desenvolvimentosocial.rc.sp.gov.br\/wp-content\/uploads\/2019\/12\/03.-Resultado-FInal_Edital-008-2017.pdf\" target=\"_blank\">03_Resultado Final_Edital 008-2017<\/a><\/li><li><a rel=\"noreferrer noopener\" aria-label=\"04_Extrato de Termo (abre numa nova aba)\" href=\"https:\/\/desenvolvimentosocial.rc.sp.gov.br\/wp-content\/uploads\/2019\/12\/04.-Extrato-de-Termo.pdf\" target=\"_blank\">04_Extrato de Termo<\/a><\/li><li><a rel=\"noreferrer noopener\" aria-label=\"04_Homologa\u00e7\u00e3o Resultado Final_Edital 008-2017 (abre numa nova aba)\" href=\"https:\/\/desenvolvimentosocial.rc.sp.gov.br\/wp-content\/uploads\/2019\/12\/04.-Homologa\u00e7\u00e3o-Resultado-Final_Edital-008-2017.pdf\" target=\"_blank\">04_Homologa\u00e7\u00e3o Resultado Final_Edital 008-2017<\/a><\/li><li><a rel=\"noreferrer noopener\" aria-label=\"05_Termo de Colabora\u00e7\u00e3o_UDAM\u2028 (abre numa nova aba)\" href=\"https:\/\/desenvolvimentosocial.rc.sp.gov.br\/wp-content\/uploads\/2019\/12\/05.-Termo-de-Colabora\u00e7\u00e3o_UDAM.pdf\" target=\"_blank\">05_Termo de Colabora\u00e7\u00e3o_UDAM<\/a><\/li><li><a rel=\"noreferrer noopener\" aria-label=\"06_Plano de Trabalho_UDAM (abre numa nova aba)\" href=\"https:\/\/desenvolvimentosocial.rc.sp.gov.br\/wp-content\/uploads\/2019\/12\/06.-Plano-de-Trabalho_UDAM.pdf\" target=\"_blank\">06_Plano de Trabalho_UDAM<\/a><\/li><li><a rel=\"noreferrer noopener\" aria-label=\"07_Termo de Colabora\u00e7\u00e3o_Abrigo S\u00e3o Vicente (abre numa nova aba)\" href=\"https:\/\/desenvolvimentosocial.rc.sp.gov.br\/wp-content\/uploads\/2019\/12\/07.-Termo-de-Colabora\u00e7\u00e3o_Abrigo-S\u00e3o-Vicente.pdf\" target=\"_blank\">07_Termo de Colabora\u00e7\u00e3o_Abrigo S\u00e3o Vicente<\/a><\/li><li><a rel=\"noreferrer noopener\" aria-label=\"08_Plano de Trabalho_Abrigo S\u00e3o Vicente (abre numa nova aba)\" href=\"https:\/\/desenvolvimentosocial.rc.sp.gov.br\/wp-content\/uploads\/2019\/12\/08.-Plano-de-Trabalho_Abrigo-S\u00e3o-Vicente.pdf\" target=\"_blank\">08_Plano de Trabalho_Abrigo S\u00e3o Vicente<\/a><\/li><li><a rel=\"noreferrer noopener\" aria-label=\"09_Extrato Aditamento (abre numa nova aba)\" href=\"https:\/\/desenvolvimentosocial.rc.sp.gov.br\/wp-content\/uploads\/2019\/12\/09.-Extrato-Aditamento-1.pdf\" target=\"_blank\">09_Extrato Aditamento<\/a><\/li><li><a rel=\"noreferrer noopener\" aria-label=\"10_Termo de Aditamento_UDAM (abre numa nova aba)\" href=\"https:\/\/desenvolvimentosocial.rc.sp.gov.br\/wp-content\/uploads\/2019\/12\/10.-Termo-de-Aditamento_UDAM.pdf\" target=\"_blank\">10_Termo de Aditamento_UDAM<\/a><\/li><li><a rel=\"noreferrer noopener\" aria-label=\"11_Plano de Trabalho Aditamento_UDAM\u2028 (abre numa nova aba)\" href=\"https:\/\/desenvolvimentosocial.rc.sp.gov.br\/wp-content\/uploads\/2019\/12\/11.-Plano-de-Trabalho-Aditamento_UDAM.pdf\" target=\"_blank\">11_Plano de Trabalho Aditamento_UDAM<\/a><\/li><li><a rel=\"noreferrer noopener\" aria-label=\"12_Termo de Aditamento_Abrigo S\u00e3o Vicente (abre numa nova aba)\" href=\"https:\/\/desenvolvimentosocial.rc.sp.gov.br\/wp-content\/uploads\/2019\/12\/12.-Termo-de-Aditamento_Abrigo-S\u00e3o-Vicente.pdf\" target=\"_blank\">12_Termo de Aditamento_Abrigo S\u00e3o Vicente<\/a><\/li><li><a href=\"https:\/\/desenvolvimentosocial.rc.sp.gov.br\/wp-content\/uploads\/2019\/12\/13.-Plano-de-Trabalho-Aditamento_Abrigo-S\u00e3o-Vicente.pdf\" target=\"_blank\" rel=\"noreferrer noopener\" aria-label=\"13_Plano de Trabalho Aditamento_Abrigo S\u00e3o Vicente (abre numa nova aba)\">13_Plano de Trabalho Aditamento_Abrigo S\u00e3o Vicente<\/a><\/li><\/ul>\n\n\n\n<p><strong>04. Servi\u00e7o de Prote\u00e7\u00e3o Social B\u00e1sica no Domicilio para Pessoas com Deficiencia e Idosas<\/strong><\/p>\n\n\n\n<ul class=\"wp-block-list\"><li><a rel=\"noreferrer noopener\" aria-label=\"01_Edital_009-2017 (abre numa nova aba)\" href=\"https:\/\/desenvolvimentosocial.rc.sp.gov.br\/wp-content\/uploads\/2019\/12\/01-Edital_009-2017.pdf\" target=\"_blank\">01_Edital_009-2017<\/a><\/li><li><a rel=\"noreferrer noopener\" aria-label=\"02_Comiss\u00e3o de Sele\u00e7\u00e3o_Edital 008-2017 (abre numa nova aba)\" href=\"https:\/\/desenvolvimentosocial.rc.sp.gov.br\/wp-content\/uploads\/2019\/12\/02.-Comiss\u00e3o-de-Sele\u00e7\u00e3o_Edital-008-2017-1.pdf\" target=\"_blank\">02_Comiss\u00e3o de Sele\u00e7\u00e3o_Edital 008-2017<\/a><\/li><li><a rel=\"noreferrer noopener\" aria-label=\"03_Resultado Final_Edital 008-2017 (abre numa nova aba)\" href=\"https:\/\/desenvolvimentosocial.rc.sp.gov.br\/wp-content\/uploads\/2019\/12\/03.-Resultado-FInal_Edital-008-2017-1.pdf\" target=\"_blank\">03_Resultado Final_Edital 008-2017<\/a><\/li><li><a rel=\"noreferrer noopener\" aria-label=\"04_Extrato de Termo (abre numa nova aba)\" href=\"https:\/\/desenvolvimentosocial.rc.sp.gov.br\/wp-content\/uploads\/2019\/12\/04.-Extrato-de-Termo-1.pdf\" target=\"_blank\">04_Extrato de Termo<\/a><\/li><li><a rel=\"noreferrer noopener\" aria-label=\"04_Homologa\u00e7\u00e3o Resultado Final_Edital 008-2017 (abre numa nova aba)\" href=\"https:\/\/desenvolvimentosocial.rc.sp.gov.br\/wp-content\/uploads\/2019\/12\/04.-Homologa\u00e7\u00e3o-Resultado-Final_Edital-008-2017-1.pdf\" target=\"_blank\">04_Homologa\u00e7\u00e3o Resultado Final_Edital 008-2017<\/a><\/li><li><a rel=\"noreferrer noopener\" aria-label=\"05_Termo de Colabora\u00e7\u00e3o_APAE (abre numa nova aba)\" href=\"https:\/\/desenvolvimentosocial.rc.sp.gov.br\/wp-content\/uploads\/2019\/12\/05.-Termo-de-Colabora\u00e7\u00e3o_APAE.pdf\" target=\"_blank\">05_Termo de Colabora\u00e7\u00e3o_APAE<\/a><\/li><li><a rel=\"noreferrer noopener\" aria-label=\"06_Plano de Trabalho_APAE (abre numa nova aba)\" href=\"https:\/\/desenvolvimentosocial.rc.sp.gov.br\/wp-content\/uploads\/2019\/12\/06.-Plano-de-Trabalho_APAE.pdf\" target=\"_blank\">06_Plano de Trabalho_APAE<\/a><\/li><li><a rel=\"noreferrer noopener\" aria-label=\"07_Extrato Aditamento (abre numa nova aba)\" href=\"https:\/\/desenvolvimentosocial.rc.sp.gov.br\/wp-content\/uploads\/2019\/12\/07.-Extrato-Aditamento.pdf\" target=\"_blank\">07_Extrato Aditamento<\/a><\/li><li><a rel=\"noreferrer noopener\" aria-label=\"08_Termo de Aditamento_APAE (abre numa nova aba)\" href=\"https:\/\/desenvolvimentosocial.rc.sp.gov.br\/wp-content\/uploads\/2019\/12\/08.-Termo-de-Aditamento_APAE.pdf\" target=\"_blank\">08_Termo de Aditamento_APAE<\/a><\/li><li><a href=\"https:\/\/desenvolvimentosocial.rc.sp.gov.br\/wp-content\/uploads\/2019\/12\/09.-Plano-de-Trabalho-Aditamento_APAE.pdf\" target=\"_blank\" rel=\"noreferrer noopener\" aria-label=\"09_Plano de Trabalho Aditamento_APAE (abre numa nova aba)\">09_Plano de Trabalho Aditamento_APAE<\/a><\/li><\/ul>\n<\/div>\n<\/div><\/div>\n","protected":false},"excerpt":{"rendered":"","protected":false},"author":1,"featured_media":0,"parent":0,"menu_order":0,"comment_status":"closed","ping_status":"closed","template":"","meta":{"site-sidebar-layout":"default","site-content-layout":"","ast-site-content-layout":"default","site-content-style":"default","site-sidebar-style":"default","ast-global-header-display":"","ast-banner-title-visibility":"","ast-main-header-display":"","ast-hfb-above-header-display":"","ast-hfb-below-header-display":"","ast-hfb-mobile-header-display":"","site-post-title":"","ast-breadcrumbs-content":"","ast-featured-img":"","footer-sml-layout":"","theme-transparent-header-meta":"","adv-header-id-meta":"","stick-header-meta":"","header-above-stick-meta":"","header-main-stick-meta":"","header-below-stick-meta":"","astra-migrate-meta-layouts":"default","ast-page-background-enabled":"default","ast-page-background-meta":{"desktop":{"background-color":"var(--ast-global-color-5)","background-image":"","background-repeat":"repeat","background-position":"center center","background-size":"auto","background-attachment":"scroll","background-type":"","background-media":"","overlay-type":"","overlay-color":"","overlay-opacity":"","overlay-gradient":""},"tablet":{"background-color":"","background-image":"","background-repeat":"repeat","background-position":"center center","background-size":"auto","background-attachment":"scroll","background-type":"","background-media":"","overlay-type":"","overlay-color":"","overlay-opacity":"","overlay-gradient":""},"mobile":{"background-color":"","background-image":"","background-repeat":"repeat","background-position":"center center","background-size":"auto","background-attachment":"scroll","background-type":"","background-media":"","overlay-type":"","overlay-color":"","overlay-opacity":"","overlay-gradient":""}},"ast-content-background-meta":{"desktop":{"background-color":"var(--ast-global-color-4)","background-image":"","background-repeat":"repeat","background-position":"center center","background-size":"auto","background-attachment":"scroll","background-type":"","background-media":"","overlay-type":"","overlay-color":"","overlay-opacity":"","overlay-gradient":""},"tablet":{"background-color":"var(--ast-global-color-4)","background-image":"","background-repeat":"repeat","background-position":"center center","background-size":"auto","background-attachment":"scroll","background-type":"","background-media":"","overlay-type":"","overlay-color":"","overlay-opacity":"","overlay-gradient":""},"mobile":{"background-color":"var(--ast-global-color-4)","background-image":"","background-repeat":"repeat","background-position":"center center","background-size":"auto","background-attachment":"scroll","background-type":"","background-media":"","overlay-type":"","overlay-color":"","overlay-opacity":"","overlay-gradient":""}},"footnotes":""},"class_list":["post-604","page","type-page","status-publish","hentry"],"_links":{"self":[{"href":"https:\/\/desenvolvimentosocial.rc.sp.gov.br\/index.php?rest_route=\/wp\/v2\/pages\/604","targetHints":{"allow":["GET"]}}],"collection":[{"href":"https:\/\/desenvolvimentosocial.rc.sp.gov.br\/index.php?rest_route=\/wp\/v2\/pages"}],"about":[{"href":"https:\/\/desenvolvimentosocial.rc.sp.gov.br\/index.php?rest_route=\/wp\/v2\/types\/page"}],"author":[{"embeddable":true,"href":"https:\/\/desenvolvimentosocial.rc.sp.gov.br\/index.php?rest_route=\/wp\/v2\/users\/1"}],"replies":[{"embeddable":true,"href":"https:\/\/desenvolvimentosocial.rc.sp.gov.br\/index.php?rest_route=%2Fwp%2Fv2%2Fcomments&post=604"}],"version-history":[{"count":15,"href":"https:\/\/desenvolvimentosocial.rc.sp.gov.br\/index.php?rest_route=\/wp\/v2\/pages\/604\/revisions"}],"predecessor-version":[{"id":729,"href":"https:\/\/desenvolvimentosocial.rc.sp.gov.br\/index.php?rest_route=\/wp\/v2\/pages\/604\/revisions\/729"}],"wp:attachment":[{"href":"https:\/\/desenvolvimentosocial.rc.sp.gov.br\/index.php?rest_route=%2Fwp%2Fv2%2Fmedia&parent=604"}],"curies":[{"name":"wp","href":"https:\/\/api.w.org\/{rel}","templated":true}]}}