{"id":608,"date":"2019-12-03T09:13:42","date_gmt":"2019-12-03T12:13:42","guid":{"rendered":"https:\/\/desenvolvimentosocial.rc.sp.gov.br\/?page_id=608"},"modified":"2019-12-05T14:35:08","modified_gmt":"2019-12-05T17:35:08","slug":"protecao-social-especial-alta-complexidade","status":"publish","type":"page","link":"https:\/\/desenvolvimentosocial.rc.sp.gov.br\/?page_id=608","title":{"rendered":"Prote\u00e7\u00e3o Social Especial Alta Complexidade"},"content":{"rendered":"\n<div class=\"wp-block-themeisle-blocks-advanced-columns has-1-columns has-desktop-equal-layout has-tablet-equal-layout has-mobile-equal-layout has-default-gap has-vertical-unset\" id=\"wp-block-themeisle-blocks-advanced-columns-969d7f6b\" style=\"border-width:0px;border-style:solid;border-color:#000000;border-radius:0px;justify-content:unset\"><div class=\"wp-themeisle-block-overlay\" style=\"opacity:0.5;mix-blend-mode:normal\"><\/div><div class=\"innerblocks-wrap\">\n<div class=\"wp-block-themeisle-blocks-advanced-column\" id=\"wp-block-themeisle-blocks-advanced-column-527fe022\" style=\"border-width:0px;border-style:solid;border-color:#000000;border-radius:0px\">\n<p><strong>01. Servi\u00e7o Acolhimento Institucional para Crian\u00e7as e Adolescentes<\/strong><\/p>\n\n\n\n<ul class=\"wp-block-list\"><li><a rel=\"noreferrer noopener\" aria-label=\"01_Edital Chamamento\u2028 (abre numa nova aba)\" href=\"https:\/\/desenvolvimentosocial.rc.sp.gov.br\/wp-content\/uploads\/2019\/12\/01.-Edital-Chamamento.pdf\" target=\"_blank\">01_Edital Chamamento<\/a><\/li><li><a rel=\"noreferrer noopener\" aria-label=\"02_Errata Edital (abre numa nova aba)\" href=\"https:\/\/desenvolvimentosocial.rc.sp.gov.br\/wp-content\/uploads\/2019\/12\/02.-Errata-Edital-1.pdf\" target=\"_blank\">02_Errata Edital<\/a><\/li><li><a rel=\"noreferrer noopener\" aria-label=\"03_Comiss\u00e3o de sele\u00e7\u00e3o (abre numa nova aba)\" href=\"https:\/\/desenvolvimentosocial.rc.sp.gov.br\/wp-content\/uploads\/2019\/12\/03.-Comiss\u00e3o-de-sele\u00e7\u00e3o-2.pdf\" target=\"_blank\">03_Comiss\u00e3o de sele\u00e7\u00e3o<\/a><\/li><li><a rel=\"noreferrer noopener\" aria-label=\"04_Resultado Preliminar (abre numa nova aba)\" href=\"https:\/\/desenvolvimentosocial.rc.sp.gov.br\/wp-content\/uploads\/2019\/12\/04.-Resultado-Preliminar-2.pdf\" target=\"_blank\">04_Resultado Preliminar<\/a><\/li><li><a rel=\"noreferrer noopener\" aria-label=\"05_Homologa\u00e7\u00e3o Final (abre numa nova aba)\" href=\"https:\/\/desenvolvimentosocial.rc.sp.gov.br\/wp-content\/uploads\/2019\/12\/05.-Homologa\u00e7\u00e3o-Final.pdf\" target=\"_blank\">05_Homologa\u00e7\u00e3o Final<\/a><\/li><li><a rel=\"noreferrer noopener\" aria-label=\"06_Extrato (abre numa nova aba)\" href=\"https:\/\/desenvolvimentosocial.rc.sp.gov.br\/wp-content\/uploads\/2019\/12\/06.-Extrato.pdf\" target=\"_blank\">06_Extrato<\/a><\/li><li><a rel=\"noreferrer noopener\" aria-label=\"07_Plano de Trabalho (abre numa nova aba)\" href=\"https:\/\/desenvolvimentosocial.rc.sp.gov.br\/wp-content\/uploads\/2019\/12\/07.-Plano-de-Trabalho.pdf\" target=\"_blank\">07_Plano de Trabalho<\/a><\/li><li><a rel=\"noreferrer noopener\" aria-label=\"08_Termo de Colabora\u00e7\u00e3o_101 (abre numa nova aba)\" href=\"https:\/\/desenvolvimentosocial.rc.sp.gov.br\/wp-content\/uploads\/2019\/12\/08.-Termo-de-Colabora\u00e7\u00e3o_101.pdf\" target=\"_blank\">08_Termo de Colabora\u00e7\u00e3o_101<\/a><\/li><li><a rel=\"noreferrer noopener\" aria-label=\"09_Termo de Colabora\u00e7\u00e3o_201 (abre numa nova aba)\" href=\"https:\/\/desenvolvimentosocial.rc.sp.gov.br\/wp-content\/uploads\/2019\/12\/09.-Termo-de-Colabora\u00e7\u00e3o_201.pdf\" target=\"_blank\">09_Termo de Colabora\u00e7\u00e3o_201<\/a><\/li><li><a rel=\"noreferrer noopener\" aria-label=\"10_Termo de Colabora\u00e7\u00e3o 501 (abre numa nova aba)\" href=\"https:\/\/desenvolvimentosocial.rc.sp.gov.br\/wp-content\/uploads\/2019\/12\/10.-Termo-de-Colabora\u00e7\u00e3o-501.pdf\" target=\"_blank\">10_Termo de Colabora\u00e7\u00e3o 501<\/a><\/li><li><a rel=\"noreferrer noopener\" aria-label=\"11_Extrato Aditamento (abre numa nova aba)\" href=\"https:\/\/desenvolvimentosocial.rc.sp.gov.br\/wp-content\/uploads\/2019\/12\/11.-Extrato-Aditamento-1.pdf\" target=\"_blank\">11_Extrato Aditamento<\/a><\/li><li><a rel=\"noreferrer noopener\" aria-label=\"12_Termo de Aditamento 101 (abre numa nova aba)\" href=\"https:\/\/desenvolvimentosocial.rc.sp.gov.br\/wp-content\/uploads\/2019\/12\/12.-Termo-de-Aditamento-101.pdf\" target=\"_blank\">12_Termo de Aditamento 101<\/a><\/li><li><a rel=\"noreferrer noopener\" aria-label=\"13_Plano de Trabalho Aditamento (abre numa nova aba)\" href=\"https:\/\/desenvolvimentosocial.rc.sp.gov.br\/wp-content\/uploads\/2019\/12\/13.-Plano-de-Trabalho-Aditamento.pdf\" target=\"_blank\">13_Plano de Trabalho Aditamento<\/a><\/li><li><a rel=\"noreferrer noopener\" aria-label=\"13_Termo de Aditamento 201 (abre numa nova aba)\" href=\"https:\/\/desenvolvimentosocial.rc.sp.gov.br\/wp-content\/uploads\/2019\/12\/13.-Termo-de-Aditamento-201.pdf\" target=\"_blank\">13_Termo de Aditamento 201<\/a><\/li><li><a rel=\"noreferrer noopener\" aria-label=\"14_Termo de Aditamento 501 (abre numa nova aba)\" href=\"https:\/\/desenvolvimentosocial.rc.sp.gov.br\/wp-content\/uploads\/2019\/12\/14.-Termo-de-Aditamento-501.pdf\" target=\"_blank\">14_Termo de Aditamento 501<\/a><\/li><li><a href=\"https:\/\/desenvolvimentosocial.rc.sp.gov.br\/wp-content\/uploads\/2019\/12\/15.-Plano-de-Trabalho-Aditamento.pdf\" target=\"_blank\" rel=\"noreferrer noopener\" aria-label=\"15_Plano de Trabalho Aditamento (abre numa nova aba)\">15_Plano de Trabalho Aditamento<\/a><\/li><\/ul>\n\n\n\n<p><strong>02. Servi\u00e7o Acolhimento Institucional para Idosos<\/strong><\/p>\n\n\n\n<ul class=\"wp-block-list\"><li><a rel=\"noreferrer noopener\" aria-label=\"01_Edital_03-2017 (abre numa nova aba)\" href=\"https:\/\/desenvolvimentosocial.rc.sp.gov.br\/wp-content\/uploads\/2019\/12\/01.-Edital_03-2017.pdf\" target=\"_blank\">01_Edital_03-2017<\/a><\/li><li><a rel=\"noreferrer noopener\" aria-label=\"02_Errata Edital_03-2017 (abre numa nova aba)\" href=\"https:\/\/desenvolvimentosocial.rc.sp.gov.br\/wp-content\/uploads\/2019\/12\/02.-Errata-Edital_03-2017.pdf\" target=\"_blank\">02_Errata Edital_03-2017<\/a><\/li><li><a rel=\"noreferrer noopener\" aria-label=\"03_Comiss\u00e3o Sele\u00e7\u00e3o_Edital 03-2017 (abre numa nova aba)\" href=\"https:\/\/desenvolvimentosocial.rc.sp.gov.br\/wp-content\/uploads\/2019\/12\/03.-Comiss\u00e3o-Sele\u00e7\u00e3o_Edital-03-2017.pdf\" target=\"_blank\">03_Comiss\u00e3o Sele\u00e7\u00e3o_Edital 03-2017<\/a><\/li><li><a rel=\"noreferrer noopener\" aria-label=\"04_Resultado Preliminar_Edital 03-2017 (abre numa nova aba)\" href=\"https:\/\/desenvolvimentosocial.rc.sp.gov.br\/wp-content\/uploads\/2019\/12\/04.-Resultado-Preliminar_Edital-03-2017.pdf\" target=\"_blank\">04_Resultado Preliminar_Edital 03-2017<\/a><\/li><li><a rel=\"noreferrer noopener\" aria-label=\"05_Homologa\u00e7\u00e3o Resultado Final_Edital 03-2017 (abre numa nova aba)\" href=\"https:\/\/desenvolvimentosocial.rc.sp.gov.br\/wp-content\/uploads\/2019\/12\/05.-Homologa\u00e7\u00e3o-Resultado-Final_Edital-03-2017.pdf\" target=\"_blank\">05_Homologa\u00e7\u00e3o Resultado Final_Edital 03-2017<\/a><\/li><li><a rel=\"noreferrer noopener\" aria-label=\"06_Extrato de Termo (abre numa nova aba)\" href=\"https:\/\/desenvolvimentosocial.rc.sp.gov.br\/wp-content\/uploads\/2019\/12\/06.-Extrato-de-Termo-2.pdf\" target=\"_blank\">06_Extrato de Termo<\/a><\/li><li><a rel=\"noreferrer noopener\" aria-label=\"06_Homologa\u00e7\u00e3o Resultado Final_Edital 03-2017 (abre numa nova aba)\" href=\"https:\/\/desenvolvimentosocial.rc.sp.gov.br\/wp-content\/uploads\/2019\/12\/06.-Homologa\u00e7\u00e3o-Resultado-Final_Edital-03-2017.pdf\" target=\"_blank\">06_Homologa\u00e7\u00e3o Resultado Final_Edital 03-2017<\/a><\/li><li><a rel=\"noreferrer noopener\" aria-label=\"07_Termo de Colabora\u00e7\u00e3o 102 (abre numa nova aba)\" href=\"https:\/\/desenvolvimentosocial.rc.sp.gov.br\/wp-content\/uploads\/2019\/12\/07.-Termo-de-Colabora\u00e7\u00e3o-102.pdf\" target=\"_blank\">07_Termo de Colabora\u00e7\u00e3o 102<\/a><\/li><li><a rel=\"noreferrer noopener\" aria-label=\"08_Termo de Colabora\u00e7\u00e3o 202 (abre numa nova aba)\" href=\"https:\/\/desenvolvimentosocial.rc.sp.gov.br\/wp-content\/uploads\/2019\/12\/08.-Termo-de-Colabora\u00e7\u00e3o-202.pdf\" target=\"_blank\">08_Termo de Colabora\u00e7\u00e3o 202<\/a><\/li><li><a rel=\"noreferrer noopener\" aria-label=\"09_Termo de Colabora\u00e7\u00e3o 103 (abre numa nova aba)\" href=\"https:\/\/desenvolvimentosocial.rc.sp.gov.br\/wp-content\/uploads\/2019\/12\/09.-Termo-de-Colabora\u00e7\u00e3o-103.pdf\" target=\"_blank\">09_Termo de Colabora\u00e7\u00e3o 103<\/a><\/li><li><a rel=\"noreferrer noopener\" aria-label=\"10_Plano de trabalho 102 (abre numa nova aba)\" href=\"https:\/\/desenvolvimentosocial.rc.sp.gov.br\/wp-content\/uploads\/2019\/12\/10.-Plano-de-trabalho-102.pdf\" target=\"_blank\">10_Plano de trabalho 102<\/a><\/li><li><a rel=\"noreferrer noopener\" aria-label=\"11_Plano de Trabalho 103 (abre numa nova aba)\" href=\"https:\/\/desenvolvimentosocial.rc.sp.gov.br\/wp-content\/uploads\/2019\/12\/11.-Plano-de-Trabalho-103.pdf\" target=\"_blank\">11_Plano de Trabalho 103<\/a><\/li><li><a rel=\"noreferrer noopener\" aria-label=\"12_Extrato Aditamento (abre numa nova aba)\" href=\"https:\/\/desenvolvimentosocial.rc.sp.gov.br\/wp-content\/uploads\/2019\/12\/12.-Extrato-Aditamento.pdf\" target=\"_blank\">12_Extrato Aditamento<\/a><\/li><li><a rel=\"noreferrer noopener\" aria-label=\"13 Abrigo da Velhice S\u00e3o Vicente de Paulo (abre numa nova aba)\" href=\"https:\/\/desenvolvimentosocial.rc.sp.gov.br\/wp-content\/uploads\/2019\/12\/13-Abrigo-da-Velhice-S\u00e3o-Vicente-de-Paulo.pdf\" target=\"_blank\">13 Abrigo da Velhice S\u00e3o Vicente de Paulo<\/a><\/li><li><a rel=\"noreferrer noopener\" aria-label=\"13_Termo de Aditamento 102 (abre numa nova aba)\" href=\"https:\/\/desenvolvimentosocial.rc.sp.gov.br\/wp-content\/uploads\/2019\/12\/13.-Termo-de-Aditamento-102.pdf\" target=\"_blank\">13_Termo de Aditamento 102<\/a><\/li><li><a rel=\"noreferrer noopener\" aria-label=\"14_Termo de Aditamento 202 (abre numa nova aba)\" href=\"https:\/\/desenvolvimentosocial.rc.sp.gov.br\/wp-content\/uploads\/2019\/12\/14.-Termo-de-Aditamento-202.pdf\" target=\"_blank\">14_Termo de Aditamento 202<\/a><\/li><li><a rel=\"noreferrer noopener\" aria-label=\"15 Lar Bethel (abre numa nova aba)\" href=\"https:\/\/desenvolvimentosocial.rc.sp.gov.br\/wp-content\/uploads\/2019\/12\/15-Lar-Bethel.pdf\" target=\"_blank\">15 Lar Bethel<\/a><\/li><li><a href=\"https:\/\/desenvolvimentosocial.rc.sp.gov.br\/wp-content\/uploads\/2019\/12\/15.-Termo-de-Aditamento-103.pdf\" target=\"_blank\" rel=\"noreferrer noopener\" aria-label=\"15_Termo de Aditamento 103 (abre numa nova aba)\">15_Termo de Aditamento 103<\/a><\/li><\/ul>\n\n\n\n<p><strong>03. Servi\u00e7o de Acolhimento Institucional para Adultos e Fam\u00edlias &#8211; Casa de Passagem<\/strong><\/p>\n\n\n\n<ul class=\"wp-block-list\"><li><a rel=\"noreferrer noopener\" aria-label=\" (abre numa nova aba)\" href=\"https:\/\/desenvolvimentosocial.rc.sp.gov.br\/wp-content\/uploads\/2019\/12\/01.-Edital-1.pdf\" target=\"_blank\">01_Edital<\/a><\/li><li><a rel=\"noreferrer noopener\" aria-label=\"02_Errata Edital (abre numa nova aba)\" href=\"https:\/\/desenvolvimentosocial.rc.sp.gov.br\/wp-content\/uploads\/2019\/12\/02.-Errata-Edital.pdf\" target=\"_blank\">02_Errata Edital<\/a><\/li><li><a rel=\"noreferrer noopener\" aria-label=\"03_Comiss\u00e3o de sele\u00e7\u00e3o (abre numa nova aba)\" href=\"https:\/\/desenvolvimentosocial.rc.sp.gov.br\/wp-content\/uploads\/2019\/12\/03.-Comiss\u00e3o-de-sele\u00e7\u00e3o-1.pdf\" target=\"_blank\">03_Comiss\u00e3o de sele\u00e7\u00e3o<\/a><\/li><li><a rel=\"noreferrer noopener\" aria-label=\"04_Resultado Preliminar (abre numa nova aba)\" href=\"https:\/\/desenvolvimentosocial.rc.sp.gov.br\/wp-content\/uploads\/2019\/12\/04.-Resultado-Preliminar-1.pdf\" target=\"_blank\">04_Resultado Preliminar<\/a><\/li><li><a rel=\"noreferrer noopener\" aria-label=\"05_Resultado Final (abre numa nova aba)\" href=\"https:\/\/desenvolvimentosocial.rc.sp.gov.br\/wp-content\/uploads\/2019\/12\/05.-Resultado-Final-1.pdf\" target=\"_blank\">05_Resultado Final<\/a><\/li><li><a rel=\"noreferrer noopener\" aria-label=\"06_Extrato de Termo (abre numa nova aba)\" href=\"https:\/\/desenvolvimentosocial.rc.sp.gov.br\/wp-content\/uploads\/2019\/12\/06.-Extrato-de-Termo-1.pdf\" target=\"_blank\">06_Extrato de Termo<\/a><\/li><li><a rel=\"noreferrer noopener\" aria-label=\"07 e 08_Termo de Colabora\u00e7\u00e3o e Plano de Trabalho (abre numa nova aba)\" href=\"https:\/\/desenvolvimentosocial.rc.sp.gov.br\/wp-content\/uploads\/2019\/12\/07-E-08.-Termo-de-Colabora\u00e7\u00e3o-e-Plano-de-Trballho.pdf\" target=\"_blank\">07 e 08_Termo de Colabora\u00e7\u00e3o e Plano de Trabalho<\/a><\/li><li><a rel=\"noreferrer noopener\" aria-label=\"09_Extrato Aditamento (abre numa nova aba)\" href=\"https:\/\/desenvolvimentosocial.rc.sp.gov.br\/wp-content\/uploads\/2019\/12\/09.-Extrato-ADitamento.pdf\" target=\"_blank\">09_Extrato Aditamento<\/a><\/li><li><a href=\"https:\/\/desenvolvimentosocial.rc.sp.gov.br\/wp-content\/uploads\/2019\/12\/10.-Termo-de-Aditamento.pdf\" target=\"_blank\" rel=\"noreferrer noopener\" aria-label=\"10_Termo de Aditamento (abre numa nova aba)\">10_Termo de Aditamento<\/a><\/li><\/ul>\n\n\n\n<p><strong>04. Servi\u00e7o de Acolhimento Institucional para Mulheres em Situa\u00e7\u00e3o de Violencia<\/strong><\/p>\n\n\n\n<ul class=\"wp-block-list\"><li><a rel=\"noreferrer noopener\" aria-label=\"01_Edital (abre numa nova aba)\" href=\"https:\/\/desenvolvimentosocial.rc.sp.gov.br\/wp-content\/uploads\/2019\/12\/01.-Edital.pdf\" target=\"_blank\">01_Edital<\/a><\/li><li><a rel=\"noreferrer noopener\" aria-label=\"02_Errata (abre numa nova aba)\" href=\"https:\/\/desenvolvimentosocial.rc.sp.gov.br\/wp-content\/uploads\/2019\/12\/02.-Errata.pdf\" target=\"_blank\">02_Errata<\/a><\/li><li><a rel=\"noreferrer noopener\" aria-label=\"03_Comiss\u00e3o de sele\u00e7\u00e3o (abre numa nova aba)\" href=\"https:\/\/desenvolvimentosocial.rc.sp.gov.br\/wp-content\/uploads\/2019\/12\/03.-Comiss\u00e3o-de-sele\u00e7\u00e3o.pdf\" target=\"_blank\">03_Comiss\u00e3o de sele\u00e7\u00e3o<\/a><\/li><li><a rel=\"noreferrer noopener\" aria-label=\"04_Resultado Preliminar (abre numa nova aba)\" href=\"https:\/\/desenvolvimentosocial.rc.sp.gov.br\/wp-content\/uploads\/2019\/12\/04.-Resultado-Preliminar.pdf\" target=\"_blank\">04_Resultado Preliminar<\/a><\/li><li><a rel=\"noreferrer noopener\" aria-label=\"05_Resultado Final (abre numa nova aba)\" href=\"https:\/\/desenvolvimentosocial.rc.sp.gov.br\/wp-content\/uploads\/2019\/12\/05.-Resultado-Final.pdf\" target=\"_blank\">05_Resultado Final<\/a><\/li><li><a rel=\"noreferrer noopener\" aria-label=\"06_Extrato de Termo (abre numa nova aba)\" href=\"https:\/\/desenvolvimentosocial.rc.sp.gov.br\/wp-content\/uploads\/2019\/12\/06.-Extrato-de-Termo.pdf\" target=\"_blank\">06_Extrato de Termo<\/a><\/li><li><a rel=\"noreferrer noopener\" aria-label=\"07_08_Termo de Repasse e Plano de Trabalho (abre numa nova aba)\" href=\"https:\/\/desenvolvimentosocial.rc.sp.gov.br\/wp-content\/uploads\/2019\/12\/07.-08.-Termo-de-Repasse-e-Plano-de-Trabalho.pdf\" target=\"_blank\">07_08_Termo de Repasse e Plano de Trabalho<\/a><\/li><li><a rel=\"noreferrer noopener\" aria-label=\"09_Termo de Colabora\u00e7\u00e3o 105 (abre numa nova aba)\" href=\"https:\/\/desenvolvimentosocial.rc.sp.gov.br\/wp-content\/uploads\/2019\/12\/09.-Termo-de-Colabora\u00e7\u00e3o-105.pdf\" target=\"_blank\">09_Termo de Colabora\u00e7\u00e3o 105<\/a><\/li><li><a rel=\"noreferrer noopener\" aria-label=\"09_Termo de Colabora\u00e7\u00e3o 204 (abre numa nova aba)\" href=\"https:\/\/desenvolvimentosocial.rc.sp.gov.br\/wp-content\/uploads\/2019\/12\/09.-Termo-de-Colabora\u00e7\u00e3o-204.pdf\" target=\"_blank\">09_Termo de Colabora\u00e7\u00e3o 204<\/a><\/li><li><a rel=\"noreferrer noopener\" aria-label=\"09_Termo de Colabora\u00e7\u00e3o (abre numa nova aba)\" href=\"https:\/\/desenvolvimentosocial.rc.sp.gov.br\/wp-content\/uploads\/2019\/12\/09.-Termo-de-Colabora\u00e7\u00e3o.pdf\" target=\"_blank\">09_Termo de Colabora\u00e7\u00e3o<\/a><\/li><li><a rel=\"noreferrer noopener\" aria-label=\" (abre numa nova aba)\" href=\"https:\/\/desenvolvimentosocial.rc.sp.gov.br\/wp-content\/uploads\/2019\/12\/11.-Termo-de-Colabora\u00e7\u00e3o-Aditamento.pdf\" target=\"_blank\">10_Extrato Aditamento<\/a><\/li><li><a rel=\"noreferrer noopener\" aria-label=\" (abre numa nova aba)\" href=\"https:\/\/desenvolvimentosocial.rc.sp.gov.br\/wp-content\/uploads\/2019\/12\/11.-Termo-de-Colabora\u00e7\u00e3o-Aditamento.pdf\" target=\"_blank\">11_Termo de Colabora\u00e7\u00e3o Aditamento<\/a><\/li><li><a href=\"https:\/\/desenvolvimentosocial.rc.sp.gov.br\/wp-content\/uploads\/2019\/12\/12.-Aditamento-204.pdf\" target=\"_blank\" rel=\"noreferrer noopener\" aria-label=\"12_Aditamento 204 (abre numa nova aba)\">12_Aditamento 204<\/a><\/li><\/ul>\n\n\n\n<p><strong>05. Servi\u00e7o de Acolhimento Institucional para Jovens e Adultos com Deficiencia &#8211; Modalidade Residencia Inclusiva<\/strong><\/p>\n\n\n\n<ul class=\"wp-block-list\"><li><a rel=\"noreferrer noopener\" aria-label=\"01_Edital 01-2017 (abre numa nova aba)\" href=\"https:\/\/desenvolvimentosocial.rc.sp.gov.br\/wp-content\/uploads\/2019\/12\/01.-Edital-01-2017.pdf\" target=\"_blank\">01_Edital 01-2017<\/a><\/li><li><a rel=\"noreferrer noopener\" aria-label=\"01_Termo de Colabora\u00e7\u00e3o 122.2017 (abre numa nova aba)\" href=\"https:\/\/desenvolvimentosocial.rc.sp.gov.br\/wp-content\/uploads\/2019\/12\/01.-Termo-de-Colabora\u00e7\u00e3o-122.2017.pdf\" target=\"_blank\">01_Termo de Colabora\u00e7\u00e3o 122.2017<\/a><\/li><li><a rel=\"noreferrer noopener\" aria-label=\"02_Extrato Aditamento (abre numa nova aba)\" href=\"https:\/\/desenvolvimentosocial.rc.sp.gov.br\/wp-content\/uploads\/2019\/12\/02.-Extrato-Aditamento.pdf\" target=\"_blank\">02_Extrato Aditamento<\/a><\/li><li><a href=\"https:\/\/desenvolvimentosocial.rc.sp.gov.br\/wp-content\/uploads\/2019\/12\/03.-Plano-de-Trabalho-1.pdf\" target=\"_blank\" rel=\"noreferrer noopener\" aria-label=\"03_Plano de Trabalho (abre numa nova aba)\">03_Plano de Trabalho<\/a><\/li><\/ul>\n<\/div>\n<\/div><\/div>\n","protected":false},"excerpt":{"rendered":"","protected":false},"author":1,"featured_media":0,"parent":0,"menu_order":0,"comment_status":"closed","ping_status":"closed","template":"","meta":{"site-sidebar-layout":"default","site-content-layout":"","ast-site-content-layout":"default","site-content-style":"default","site-sidebar-style":"default","ast-global-header-display":"","ast-banner-title-visibility":"","ast-main-header-display":"","ast-hfb-above-header-display":"","ast-hfb-below-header-display":"","ast-hfb-mobile-header-display":"","site-post-title":"","ast-breadcrumbs-content":"","ast-featured-img":"","footer-sml-layout":"","theme-transparent-header-meta":"","adv-header-id-meta":"","stick-header-meta":"","header-above-stick-meta":"","header-main-stick-meta":"","header-below-stick-meta":"","astra-migrate-meta-layouts":"default","ast-page-background-enabled":"default","ast-page-background-meta":{"desktop":{"background-color":"var(--ast-global-color-5)","background-image":"","background-repeat":"repeat","background-position":"center center","background-size":"auto","background-attachment":"scroll","background-type":"","background-media":"","overlay-type":"","overlay-color":"","overlay-opacity":"","overlay-gradient":""},"tablet":{"background-color":"","background-image":"","background-repeat":"repeat","background-position":"center center","background-size":"auto","background-attachment":"scroll","background-type":"","background-media":"","overlay-type":"","overlay-color":"","overlay-opacity":"","overlay-gradient":""},"mobile":{"background-color":"","background-image":"","background-repeat":"repeat","background-position":"center center","background-size":"auto","background-attachment":"scroll","background-type":"","background-media":"","overlay-type":"","overlay-color":"","overlay-opacity":"","overlay-gradient":""}},"ast-content-background-meta":{"desktop":{"background-color":"var(--ast-global-color-4)","background-image":"","background-repeat":"repeat","background-position":"center center","background-size":"auto","background-attachment":"scroll","background-type":"","background-media":"","overlay-type":"","overlay-color":"","overlay-opacity":"","overlay-gradient":""},"tablet":{"background-color":"var(--ast-global-color-4)","background-image":"","background-repeat":"repeat","background-position":"center center","background-size":"auto","background-attachment":"scroll","background-type":"","background-media":"","overlay-type":"","overlay-color":"","overlay-opacity":"","overlay-gradient":""},"mobile":{"background-color":"var(--ast-global-color-4)","background-image":"","background-repeat":"repeat","background-position":"center center","background-size":"auto","background-attachment":"scroll","background-type":"","background-media":"","overlay-type":"","overlay-color":"","overlay-opacity":"","overlay-gradient":""}},"footnotes":""},"class_list":["post-608","page","type-page","status-publish","hentry"],"_links":{"self":[{"href":"https:\/\/desenvolvimentosocial.rc.sp.gov.br\/index.php?rest_route=\/wp\/v2\/pages\/608","targetHints":{"allow":["GET"]}}],"collection":[{"href":"https:\/\/desenvolvimentosocial.rc.sp.gov.br\/index.php?rest_route=\/wp\/v2\/pages"}],"about":[{"href":"https:\/\/desenvolvimentosocial.rc.sp.gov.br\/index.php?rest_route=\/wp\/v2\/types\/page"}],"author":[{"embeddable":true,"href":"https:\/\/desenvolvimentosocial.rc.sp.gov.br\/index.php?rest_route=\/wp\/v2\/users\/1"}],"replies":[{"embeddable":true,"href":"https:\/\/desenvolvimentosocial.rc.sp.gov.br\/index.php?rest_route=%2Fwp%2Fv2%2Fcomments&post=608"}],"version-history":[{"count":16,"href":"https:\/\/desenvolvimentosocial.rc.sp.gov.br\/index.php?rest_route=\/wp\/v2\/pages\/608\/revisions"}],"predecessor-version":[{"id":888,"href":"https:\/\/desenvolvimentosocial.rc.sp.gov.br\/index.php?rest_route=\/wp\/v2\/pages\/608\/revisions\/888"}],"wp:attachment":[{"href":"https:\/\/desenvolvimentosocial.rc.sp.gov.br\/index.php?rest_route=%2Fwp%2Fv2%2Fmedia&parent=608"}],"curies":[{"name":"wp","href":"https:\/\/api.w.org\/{rel}","templated":true}]}}