{"id":94,"date":"2019-07-29T15:50:06","date_gmt":"2019-07-29T18:50:06","guid":{"rendered":"https:\/\/desenvolvimento.rc.sp.gov.br\/?page_id=94"},"modified":"2025-04-25T13:26:35","modified_gmt":"2025-04-25T16:26:35","slug":"home","status":"publish","type":"page","link":"https:\/\/desenvolvimentosocial.rc.sp.gov.br\/?page_id=94","title":{"rendered":"Sobre n\u00f3s"},"content":{"rendered":"\n<blockquote class=\"wp-block-quote is-layout-flow wp-block-quote-is-layout-flow\">\n<p><strong>A Secretaria Municipal de Desenvolvimento Social de Rio Claro desempenha um papel fundamental na implementa\u00e7\u00e3o das pol\u00edticas de assist\u00eancia social no munic\u00edpio, focando no atendimento das necessidades e aspira\u00e7\u00f5es da popula\u00e7\u00e3o em situa\u00e7\u00e3o de vulnerabilidade social.<\/strong><\/p>\n<\/blockquote>\n\n\n\n<ul class=\"wp-block-list\">\n<li><strong><mark style=\"background-color:rgba(0, 0, 0, 0)\" class=\"has-inline-color has-black-color\">Objetivos:<\/mark><br>Combate \u00e0 Pobreza:<\/strong>\u00a0Desenvolver e implementar pol\u00edticas setoriais que visem o enfrentamento da pobreza, assegurando os direitos sociais b\u00e1sicos e criando condi\u00e7\u00f5es para atender a emerg\u00eancias sociais.<\/li>\n\n\n\n<li><strong>Participa\u00e7\u00e3o da Popula\u00e7\u00e3o:<\/strong>&nbsp;Fomentar a participa\u00e7\u00e3o ativa da comunidade atrav\u00e9s de organiza\u00e7\u00f5es representativas, permitindo que os cidad\u00e3os influenciem a formula\u00e7\u00e3o das pol\u00edticas sociais e acompanhem as a\u00e7\u00f5es realizadas.<\/li>\n\n\n\n<li><strong>Amparo a Grupos Vulner\u00e1veis:<\/strong>&nbsp;Coordenar programas de apoio a diferentes grupos, incluindo fam\u00edlias, mulheres, idosos, pessoas com defici\u00eancia, a popula\u00e7\u00e3o em situa\u00e7\u00e3o de rua e crian\u00e7as e adolescentes em risco.<\/li>\n\n\n\n<li><strong>Promo\u00e7\u00e3o da Igualdade:<\/strong>&nbsp;Implementar pol\u00edticas que promovam a igualdade racial e de g\u00eanero, al\u00e9m de combater todas as formas de discrimina\u00e7\u00e3o, garantindo um ambiente mais justo e inclusivo.<\/li>\n\n\n\n<li><strong>Gest\u00e3o do Fundo Municipal:<\/strong>&nbsp;Administrar o Fundo Municipal de Assist\u00eancia Social, assegurando que os recursos sejam aplicados de maneira eficaz e transparente em prol da popula\u00e7\u00e3o.<\/li>\n<\/ul>\n\n\n\n<p>Esse conjunto de a\u00e7\u00f5es visa n\u00e3o apenas a assist\u00eancia imediata, mas tamb\u00e9m a constru\u00e7\u00e3o de um sistema de prote\u00e7\u00e3o social mais robusto e eficiente, promovendo a dignidade e o bem-estar da popula\u00e7\u00e3o de Rio Claro.<\/p>\n\n\n\n<p><a href=\"https:\/\/desenvolvimentosocial.rc.sp.gov.br\/wp-admin\/post.php?post=94&amp;action=edit\">Editar<\/a><\/p>\n","protected":false},"excerpt":{"rendered":"<p>A Secretaria Municipal de Desenvolvimento Social de Rio Claro desempenha um papel fundamental na implementa\u00e7\u00e3o das pol\u00edticas de assist\u00eancia social [&hellip;]<\/p>\n","protected":false},"author":1,"featured_media":0,"parent":0,"menu_order":0,"comment_status":"closed","ping_status":"closed","template":"","meta":{"site-sidebar-layout":"default","site-content-layout":"","ast-site-content-layout":"default","site-content-style":"default","site-sidebar-style":"default","ast-global-header-display":"","ast-banner-title-visibility":"","ast-main-header-display":"","ast-hfb-above-header-display":"","ast-hfb-below-header-display":"","ast-hfb-mobile-header-display":"","site-post-title":"","ast-breadcrumbs-content":"","ast-featured-img":"","footer-sml-layout":"","theme-transparent-header-meta":"","adv-header-id-meta":"","stick-header-meta":"","header-above-stick-meta":"","header-main-stick-meta":"","header-below-stick-meta":"","astra-migrate-meta-layouts":"default","ast-page-background-enabled":"default","ast-page-background-meta":{"desktop":{"background-color":"var(--ast-global-color-5)","background-image":"","background-repeat":"repeat","background-position":"center center","background-size":"auto","background-attachment":"scroll","background-type":"","background-media":"","overlay-type":"","overlay-color":"","overlay-opacity":"","overlay-gradient":""},"tablet":{"background-color":"","background-image":"","background-repeat":"repeat","background-position":"center center","background-size":"auto","background-attachment":"scroll","background-type":"","background-media":"","overlay-type":"","overlay-color":"","overlay-opacity":"","overlay-gradient":""},"mobile":{"background-color":"","background-image":"","background-repeat":"repeat","background-position":"center center","background-size":"auto","background-attachment":"scroll","background-type":"","background-media":"","overlay-type":"","overlay-color":"","overlay-opacity":"","overlay-gradient":""}},"ast-content-background-meta":{"desktop":{"background-color":"var(--ast-global-color-4)","background-image":"","background-repeat":"repeat","background-position":"center center","background-size":"auto","background-attachment":"scroll","background-type":"","background-media":"","overlay-type":"","overlay-color":"","overlay-opacity":"","overlay-gradient":""},"tablet":{"background-color":"var(--ast-global-color-4)","background-image":"","background-repeat":"repeat","background-position":"center center","background-size":"auto","background-attachment":"scroll","background-type":"","background-media":"","overlay-type":"","overlay-color":"","overlay-opacity":"","overlay-gradient":""},"mobile":{"background-color":"var(--ast-global-color-4)","background-image":"","background-repeat":"repeat","background-position":"center center","background-size":"auto","background-attachment":"scroll","background-type":"","background-media":"","overlay-type":"","overlay-color":"","overlay-opacity":"","overlay-gradient":""}},"footnotes":""},"class_list":["post-94","page","type-page","status-publish","hentry"],"_links":{"self":[{"href":"https:\/\/desenvolvimentosocial.rc.sp.gov.br\/index.php?rest_route=\/wp\/v2\/pages\/94","targetHints":{"allow":["GET"]}}],"collection":[{"href":"https:\/\/desenvolvimentosocial.rc.sp.gov.br\/index.php?rest_route=\/wp\/v2\/pages"}],"about":[{"href":"https:\/\/desenvolvimentosocial.rc.sp.gov.br\/index.php?rest_route=\/wp\/v2\/types\/page"}],"author":[{"embeddable":true,"href":"https:\/\/desenvolvimentosocial.rc.sp.gov.br\/index.php?rest_route=\/wp\/v2\/users\/1"}],"replies":[{"embeddable":true,"href":"https:\/\/desenvolvimentosocial.rc.sp.gov.br\/index.php?rest_route=%2Fwp%2Fv2%2Fcomments&post=94"}],"version-history":[{"count":16,"href":"https:\/\/desenvolvimentosocial.rc.sp.gov.br\/index.php?rest_route=\/wp\/v2\/pages\/94\/revisions"}],"predecessor-version":[{"id":2724,"href":"https:\/\/desenvolvimentosocial.rc.sp.gov.br\/index.php?rest_route=\/wp\/v2\/pages\/94\/revisions\/2724"}],"wp:attachment":[{"href":"https:\/\/desenvolvimentosocial.rc.sp.gov.br\/index.php?rest_route=%2Fwp%2Fv2%2Fmedia&parent=94"}],"curies":[{"name":"wp","href":"https:\/\/api.w.org\/{rel}","templated":true}]}}